{"id":1022,"date":"2024-02-01T17:27:08","date_gmt":"2024-02-01T16:27:08","guid":{"rendered":"https:\/\/lesheronsdeslacs.fr\/?page_id=1022"},"modified":"2024-05-21T16:31:37","modified_gmt":"2024-05-21T14:31:37","slug":"practica-de-lathlechasse","status":"publish","type":"page","link":"https:\/\/lesheronsdeslacs.fr\/index.php\/practica-de-lathlechasse\/","title":{"rendered":"Practica de l&rsquo;Athl\u00e9chasse"},"content":{"rendered":"\n<div class=\"wp-block-group alignfull wp-embed-aspect-16-9 wp-has-aspect-ratio has-background\" style=\"background:linear-gradient(135deg,rgb(238,238,238) 0%,rgb(36,80,112) 100%);padding-top:6vw;padding-right:6vw;padding-bottom:6vw;padding-left:6vw\"><div class=\"wp-block-group__inner-container is-layout-flow wp-block-group-is-layout-flow\">\n<div class=\"wp-block-group is-vertical is-nowrap is-layout-flex wp-container-core-group-is-layout-287ef9cb wp-block-group-is-layout-flex\" style=\"padding-right:0;padding-left:0\">\n<h6 class=\"wp-block-heading has-text-color\" id=\"ecosystem\" style=\"color:#000000;font-size:16px\">ESP\u00d2RT<\/h6>\n\n\n\n<p class=\"has-text-color\" style=\"color:#000000;font-size:6vw;font-style:normal;font-weight:700;letter-spacing:0px;line-height:0.9;text-decoration:none;text-transform:none\">ATH\u00c9CHASSE<\/p>\n<\/div>\n\n\n<div class=\"wp-block-image\">\n<figure class=\"alignright size-full is-resized\"><a href=\"https:\/\/lesheronsdeslacs.fr\/index.php\/athlechasse\/\"><img loading=\"lazy\" decoding=\"async\" width=\"600\" height=\"400\" src=\"http:\/\/lesheronsdeslacs.fr\/wp-content\/uploads\/Drapeau-France.webp\" alt=\"\" class=\"wp-image-971\" style=\"width:59px;height:auto\" srcset=\"https:\/\/lesheronsdeslacs.fr\/wp-content\/uploads\/Drapeau-France.webp 600w, https:\/\/lesheronsdeslacs.fr\/wp-content\/uploads\/Drapeau-France-389x259.webp 389w\" sizes=\"auto, (max-width: 600px) 100vw, 600px\" \/><\/a><\/figure>\n<\/div>\n\n\n<div class=\"wp-block-media-text is-stacked-on-mobile is-image-fill\"><figure class=\"wp-block-media-text__media\" style=\"background-image:url(http:\/\/lesheronstest.fr\/wp-content\/uploads\/2024\/01\/58444198_2110912532297773_5892807263118163968_n.jpg);background-position:50% 50%\"><img decoding=\"async\" src=\"http:\/\/lesheronstest.fr\/wp-content\/uploads\/2024\/01\/58444198_2110912532297773_5892807263118163968_n.jpg\" alt=\"\" class=\"wp-image-551 size-full\"\/><\/figure><div class=\"wp-block-media-text__content\">\n<p class=\"has-sitebg-color has-text-color has-link-color wp-elements-bb9769ee77b33206b973ab06c9462776\">L&rsquo;Athl\u00e9chasse qu&rsquo;ei ua activitat qui avem iniciada peu purm\u00e8r c\u00f2p en 2011. Qu&rsquo;ei ua practica mesclant la tradicion de las esca\u00e7as landesas de husta a espr\u00f2vas classicas d&rsquo;atletisme.<\/p>\n\n\n\n<p class=\"has-sitebg-color has-text-color has-link-color wp-elements-812af98660c565d490b7c0d24f5f83b6\">Aquera acampada qu&rsquo;a l\u00f2c cada 2 ans a la prima, a l&rsquo;estadi Ducom a Biscarr\u00f2ssa.<\/p>\n<\/div><\/div>\n\n\n\n<p class=\"has-text-color has-link-color wp-elements-cff4f9727e19974f593d6e01b095c59b\" style=\"color:#879eb6\">&#8211;<\/p>\n\n\n\n<div class=\"wp-block-media-text has-media-on-the-right is-stacked-on-mobile is-image-fill\"><div class=\"wp-block-media-text__content\">\n<p class=\"has-sitebg-color has-text-color has-link-color wp-elements-35192bc25d3b8367c505732017d33444\">Mei d&rsquo;ua centena de concurrents, de 6 a 65 ans, dr\u00f2llas e dr\u00f2lles, que cau\u00e7an las lors esca\u00e7as ent\u00e0 participar a las espr\u00f2vas de :<\/p>\n\n\n\n<div class=\"wp-block-group\"><div class=\"wp-block-group__inner-container is-layout-constrained wp-block-group-is-layout-constrained\">\n<ul class=\"has-sitebg-color has-text-color has-link-color wp-block-list wp-elements-f3aa235b446425865c9e053b10bd953e\">\n<li>400 m<\/li>\n\n\n\n<li>100 m<\/li>\n\n\n\n<li>Saut en longor<\/li>\n\n\n\n<li>Lan\u00e7ar de mart\u00e8th<\/li>\n\n\n\n<li>Lan\u00e7ar de javelina<\/li>\n\n\n\n<li>110 m S\u00e8gas<\/li>\n\n\n\n<li>Relai 4 x 100 m<\/li>\n<\/ul>\n<\/div><\/div>\n<\/div><figure class=\"wp-block-media-text__media\" style=\"background-image:url(http:\/\/lesheronstest.fr\/wp-content\/uploads\/2024\/01\/19143075_1325022094220158_5010583766104674559_o-1024x682.jpg);background-position:50% 50%\"><img decoding=\"async\" src=\"http:\/\/lesheronstest.fr\/wp-content\/uploads\/2024\/01\/19143075_1325022094220158_5010583766104674559_o-1024x682.jpg\" alt=\"\" class=\"wp-image-207 size-full\"\/><\/figure><\/div>\n<\/div><\/div>\n\n\n\n<div class=\"wp-block-cover alignfull wp-embed-aspect-16-9 wp-has-aspect-ratio\" style=\"padding-top:4vw;padding-right:4vw;padding-bottom:4vw;padding-left:4vw;min-height:857px;aspect-ratio:unset;\"><span aria-hidden=\"true\" class=\"wp-block-cover__background has-black-background-color has-background-dim-100 has-background-dim\"><\/span><img decoding=\"async\" class=\"wp-block-cover__image-background\" alt=\"\" src=\"https:\/\/www.youtube.com\/watch?v=vnIVLuULyao&amp;t=1s\" data-object-fit=\"cover\"\/><div class=\"wp-block-cover__inner-container is-layout-flow wp-block-cover-is-layout-flow\">\n<div class=\"wp-block-group is-content-justification-center is-nowrap is-layout-flex wp-container-core-group-is-layout-dbad4144 wp-block-group-is-layout-flex\">\n<figure class=\"wp-block-gallery has-nested-images columns-default is-cropped wp-block-gallery-1 is-layout-flex wp-block-gallery-is-layout-flex\">\n<figure data-wp-context=\"{&quot;imageId&quot;:&quot;6a0884f2ac9f0&quot;}\" data-wp-interactive=\"core\/image\" data-wp-key=\"6a0884f2ac9f0\" class=\"wp-block-image size-large wp-lightbox-container\"><img decoding=\"async\" data-wp-class--hide=\"state.isContentHidden\" data-wp-class--show=\"state.isContentVisible\" data-wp-init=\"callbacks.setButtonStyles\" data-wp-on--click=\"actions.showLightbox\" data-wp-on--load=\"callbacks.setButtonStyles\" data-wp-on-window--resize=\"callbacks.setButtonStyles\" data-id=\"208\" src=\"https:\/\/lesheronstest.fr\/wp-content\/uploads\/2024\/01\/277587193_4866576776731321_1257107326573181178_n.jpg\" alt=\"\" class=\"wp-image-208\"\/><button\n\t\t\tclass=\"lightbox-trigger\"\n\t\t\ttype=\"button\"\n\t\t\taria-haspopup=\"dialog\"\n\t\t\taria-label=\"Agrandir\"\n\t\t\tdata-wp-init=\"callbacks.initTriggerButton\"\n\t\t\tdata-wp-on--click=\"actions.showLightbox\"\n\t\t\tdata-wp-style--right=\"state.imageButtonRight\"\n\t\t\tdata-wp-style--top=\"state.imageButtonTop\"\n\t\t>\n\t\t\t<svg xmlns=\"http:\/\/www.w3.org\/2000\/svg\" width=\"12\" height=\"12\" fill=\"none\" viewBox=\"0 0 12 12\">\n\t\t\t\t<path fill=\"#fff\" d=\"M2 0a2 2 0 0 0-2 2v2h1.5V2a.5.5 0 0 1 .5-.5h2V0H2Zm2 10.5H2a.5.5 0 0 1-.5-.5V8H0v2a2 2 0 0 0 2 2h2v-1.5ZM8 12v-1.5h2a.5.5 0 0 0 .5-.5V8H12v2a2 2 0 0 1-2 2H8Zm2-12a2 2 0 0 1 2 2v2h-1.5V2a.5.5 0 0 0-.5-.5H8V0h2Z\" \/>\n\t\t\t<\/svg>\n\t\t<\/button><\/figure>\n\n\n\n<figure data-wp-context=\"{&quot;imageId&quot;:&quot;6a0884f2acde4&quot;}\" data-wp-interactive=\"core\/image\" data-wp-key=\"6a0884f2acde4\" class=\"wp-block-image size-large wp-lightbox-container\"><img decoding=\"async\" data-wp-class--hide=\"state.isContentHidden\" data-wp-class--show=\"state.isContentVisible\" data-wp-init=\"callbacks.setButtonStyles\" data-wp-on--click=\"actions.showLightbox\" data-wp-on--load=\"callbacks.setButtonStyles\" data-wp-on-window--resize=\"callbacks.setButtonStyles\" data-id=\"206\" src=\"https:\/\/lesheronstest.fr\/wp-content\/uploads\/2024\/01\/19092656_1325020664220301_89867876751598999_o-1024x682.jpg\" alt=\"\" class=\"wp-image-206\"\/><button\n\t\t\tclass=\"lightbox-trigger\"\n\t\t\ttype=\"button\"\n\t\t\taria-haspopup=\"dialog\"\n\t\t\taria-label=\"Agrandir\"\n\t\t\tdata-wp-init=\"callbacks.initTriggerButton\"\n\t\t\tdata-wp-on--click=\"actions.showLightbox\"\n\t\t\tdata-wp-style--right=\"state.imageButtonRight\"\n\t\t\tdata-wp-style--top=\"state.imageButtonTop\"\n\t\t>\n\t\t\t<svg xmlns=\"http:\/\/www.w3.org\/2000\/svg\" width=\"12\" height=\"12\" fill=\"none\" viewBox=\"0 0 12 12\">\n\t\t\t\t<path fill=\"#fff\" d=\"M2 0a2 2 0 0 0-2 2v2h1.5V2a.5.5 0 0 1 .5-.5h2V0H2Zm2 10.5H2a.5.5 0 0 1-.5-.5V8H0v2a2 2 0 0 0 2 2h2v-1.5ZM8 12v-1.5h2a.5.5 0 0 0 .5-.5V8H12v2a2 2 0 0 1-2 2H8Zm2-12a2 2 0 0 1 2 2v2h-1.5V2a.5.5 0 0 0-.5-.5H8V0h2Z\" \/>\n\t\t\t<\/svg>\n\t\t<\/button><\/figure>\n\n\n\n<figure data-wp-context=\"{&quot;imageId&quot;:&quot;6a0884f2ad157&quot;}\" data-wp-interactive=\"core\/image\" data-wp-key=\"6a0884f2ad157\" class=\"wp-block-image size-large wp-lightbox-container\"><img decoding=\"async\" data-wp-class--hide=\"state.isContentHidden\" data-wp-class--show=\"state.isContentVisible\" data-wp-init=\"callbacks.setButtonStyles\" data-wp-on--click=\"actions.showLightbox\" data-wp-on--load=\"callbacks.setButtonStyles\" data-wp-on-window--resize=\"callbacks.setButtonStyles\" data-id=\"205\" src=\"https:\/\/lesheronstest.fr\/wp-content\/uploads\/2024\/01\/19024972_1325018204220547_785441751230253351_o-1024x682.jpg\" alt=\"\" class=\"wp-image-205\"\/><button\n\t\t\tclass=\"lightbox-trigger\"\n\t\t\ttype=\"button\"\n\t\t\taria-haspopup=\"dialog\"\n\t\t\taria-label=\"Agrandir\"\n\t\t\tdata-wp-init=\"callbacks.initTriggerButton\"\n\t\t\tdata-wp-on--click=\"actions.showLightbox\"\n\t\t\tdata-wp-style--right=\"state.imageButtonRight\"\n\t\t\tdata-wp-style--top=\"state.imageButtonTop\"\n\t\t>\n\t\t\t<svg xmlns=\"http:\/\/www.w3.org\/2000\/svg\" width=\"12\" height=\"12\" fill=\"none\" viewBox=\"0 0 12 12\">\n\t\t\t\t<path fill=\"#fff\" d=\"M2 0a2 2 0 0 0-2 2v2h1.5V2a.5.5 0 0 1 .5-.5h2V0H2Zm2 10.5H2a.5.5 0 0 1-.5-.5V8H0v2a2 2 0 0 0 2 2h2v-1.5ZM8 12v-1.5h2a.5.5 0 0 0 .5-.5V8H12v2a2 2 0 0 1-2 2H8Zm2-12a2 2 0 0 1 2 2v2h-1.5V2a.5.5 0 0 0-.5-.5H8V0h2Z\" \/>\n\t\t\t<\/svg>\n\t\t<\/button><\/figure>\n\n\n\n<figure data-wp-context=\"{&quot;imageId&quot;:&quot;6a0884f2ad480&quot;}\" data-wp-interactive=\"core\/image\" data-wp-key=\"6a0884f2ad480\" class=\"wp-block-image size-large wp-lightbox-container\"><img decoding=\"async\" data-wp-class--hide=\"state.isContentHidden\" data-wp-class--show=\"state.isContentVisible\" data-wp-init=\"callbacks.setButtonStyles\" data-wp-on--click=\"actions.showLightbox\" data-wp-on--load=\"callbacks.setButtonStyles\" data-wp-on-window--resize=\"callbacks.setButtonStyles\" data-id=\"98\" src=\"https:\/\/lesheronstest.fr\/wp-content\/uploads\/2024\/01\/020.jpg\" alt=\"\" class=\"wp-image-98\"\/><button\n\t\t\tclass=\"lightbox-trigger\"\n\t\t\ttype=\"button\"\n\t\t\taria-haspopup=\"dialog\"\n\t\t\taria-label=\"Agrandir\"\n\t\t\tdata-wp-init=\"callbacks.initTriggerButton\"\n\t\t\tdata-wp-on--click=\"actions.showLightbox\"\n\t\t\tdata-wp-style--right=\"state.imageButtonRight\"\n\t\t\tdata-wp-style--top=\"state.imageButtonTop\"\n\t\t>\n\t\t\t<svg xmlns=\"http:\/\/www.w3.org\/2000\/svg\" width=\"12\" height=\"12\" fill=\"none\" viewBox=\"0 0 12 12\">\n\t\t\t\t<path fill=\"#fff\" d=\"M2 0a2 2 0 0 0-2 2v2h1.5V2a.5.5 0 0 1 .5-.5h2V0H2Zm2 10.5H2a.5.5 0 0 1-.5-.5V8H0v2a2 2 0 0 0 2 2h2v-1.5ZM8 12v-1.5h2a.5.5 0 0 0 .5-.5V8H12v2a2 2 0 0 1-2 2H8Zm2-12a2 2 0 0 1 2 2v2h-1.5V2a.5.5 0 0 0-.5-.5H8V0h2Z\" \/>\n\t\t\t<\/svg>\n\t\t<\/button><\/figure>\n\n\n\n<figure data-wp-context=\"{&quot;imageId&quot;:&quot;6a0884f2ad7d7&quot;}\" data-wp-interactive=\"core\/image\" data-wp-key=\"6a0884f2ad7d7\" class=\"wp-block-image size-large wp-lightbox-container\"><img decoding=\"async\" data-wp-class--hide=\"state.isContentHidden\" data-wp-class--show=\"state.isContentVisible\" data-wp-init=\"callbacks.setButtonStyles\" data-wp-on--click=\"actions.showLightbox\" data-wp-on--load=\"callbacks.setButtonStyles\" data-wp-on-window--resize=\"callbacks.setButtonStyles\" data-id=\"90\" src=\"https:\/\/lesheronstest.fr\/wp-content\/uploads\/2024\/01\/012.jpg\" alt=\"\" class=\"wp-image-90\"\/><button\n\t\t\tclass=\"lightbox-trigger\"\n\t\t\ttype=\"button\"\n\t\t\taria-haspopup=\"dialog\"\n\t\t\taria-label=\"Agrandir\"\n\t\t\tdata-wp-init=\"callbacks.initTriggerButton\"\n\t\t\tdata-wp-on--click=\"actions.showLightbox\"\n\t\t\tdata-wp-style--right=\"state.imageButtonRight\"\n\t\t\tdata-wp-style--top=\"state.imageButtonTop\"\n\t\t>\n\t\t\t<svg xmlns=\"http:\/\/www.w3.org\/2000\/svg\" width=\"12\" height=\"12\" fill=\"none\" viewBox=\"0 0 12 12\">\n\t\t\t\t<path fill=\"#fff\" d=\"M2 0a2 2 0 0 0-2 2v2h1.5V2a.5.5 0 0 1 .5-.5h2V0H2Zm2 10.5H2a.5.5 0 0 1-.5-.5V8H0v2a2 2 0 0 0 2 2h2v-1.5ZM8 12v-1.5h2a.5.5 0 0 0 .5-.5V8H12v2a2 2 0 0 1-2 2H8Zm2-12a2 2 0 0 1 2 2v2h-1.5V2a.5.5 0 0 0-.5-.5H8V0h2Z\" \/>\n\t\t\t<\/svg>\n\t\t<\/button><\/figure>\n\n\n\n<figure class=\"wp-block-image\"><img loading=\"lazy\" decoding=\"async\" width=\"1024\" height=\"576\" data-id=\"688\" src=\"http:\/\/lesheronsdeslacs.fr\/wp-content\/uploads\/9-1-1024x576-1.jpg\" alt=\"\" class=\"wp-image-688\" srcset=\"https:\/\/lesheronsdeslacs.fr\/wp-content\/uploads\/9-1-1024x576-1.jpg 1024w, https:\/\/lesheronsdeslacs.fr\/wp-content\/uploads\/9-1-1024x576-1-768x432.jpg 768w, https:\/\/lesheronsdeslacs.fr\/wp-content\/uploads\/9-1-1024x576-1-389x219.jpg 389w, https:\/\/lesheronsdeslacs.fr\/wp-content\/uploads\/9-1-1024x576-1-310x173.jpg 310w\" sizes=\"auto, (max-width: 1024px) 100vw, 1024px\" \/><\/figure>\n\n\n\n<figure class=\"wp-block-image\"><img loading=\"lazy\" decoding=\"async\" width=\"1024\" height=\"576\" data-id=\"687\" src=\"http:\/\/lesheronsdeslacs.fr\/wp-content\/uploads\/8-1024x576-1.jpg\" alt=\"\" class=\"wp-image-687\" srcset=\"https:\/\/lesheronsdeslacs.fr\/wp-content\/uploads\/8-1024x576-1.jpg 1024w, https:\/\/lesheronsdeslacs.fr\/wp-content\/uploads\/8-1024x576-1-768x432.jpg 768w, https:\/\/lesheronsdeslacs.fr\/wp-content\/uploads\/8-1024x576-1-389x219.jpg 389w, https:\/\/lesheronsdeslacs.fr\/wp-content\/uploads\/8-1024x576-1-310x173.jpg 310w\" sizes=\"auto, (max-width: 1024px) 100vw, 1024px\" \/><\/figure>\n\n\n\n<figure class=\"wp-block-image\"><img loading=\"lazy\" decoding=\"async\" width=\"724\" height=\"1024\" data-id=\"686\" src=\"http:\/\/lesheronsdeslacs.fr\/wp-content\/uploads\/5-724x1024-1.jpg\" alt=\"\" class=\"wp-image-686\" srcset=\"https:\/\/lesheronsdeslacs.fr\/wp-content\/uploads\/5-724x1024-1.jpg 724w, https:\/\/lesheronsdeslacs.fr\/wp-content\/uploads\/5-724x1024-1-226x320.jpg 226w\" sizes=\"auto, (max-width: 724px) 100vw, 724px\" \/><\/figure>\n<\/figure>\n<\/div>\n\n\n\n<p class=\"has-accent-2-color has-text-color has-link-color wp-elements-3ff5bf30fdd0b05da0d4938b17c6fe64\">&#8211;<\/p>\n<\/div><\/div>\n\n\n\n<figure class=\"wp-block-embed is-type-video is-provider-youtube wp-block-embed-youtube wp-embed-aspect-16-9 wp-has-aspect-ratio\"><div class=\"wp-block-embed__wrapper\">\n<iframe loading=\"lazy\" title=\"teaser 5\u00e8me Meeting d&#039;Athl\u00e9chasse 2022\" width=\"1032\" height=\"581\" src=\"https:\/\/www.youtube.com\/embed\/vnIVLuULyao?start=1&#038;feature=oembed\" frameborder=\"0\" allow=\"accelerometer; autoplay; clipboard-write; encrypted-media; gyroscope; picture-in-picture; web-share\" allowfullscreen><\/iframe>\n<\/div><\/figure>\n\n\n\n<div class=\"wp-block-group wp-embed-aspect-16-9 wp-has-aspect-ratio\"><div class=\"wp-block-group__inner-container is-layout-constrained wp-block-group-is-layout-constrained\">\n<div class=\"wp-block-columns is-layout-flex wp-container-core-columns-is-layout-9d6595d7 wp-block-columns-is-layout-flex\">\n<div class=\"wp-block-column is-layout-flow wp-block-column-is-layout-flow\" style=\"flex-basis:100%\">\n<div class=\"wp-block-buttons alignwide is-content-justification-right is-layout-flex wp-container-core-buttons-is-layout-86a8208c wp-block-buttons-is-layout-flex\">\n<div class=\"wp-block-button\"><a class=\"wp-block-button__link has-text-align-center wp-element-button\" href=\"https:\/\/lesheronsdeslacs.fr\/index.php\/activitats\/\">Tornar a la pagina Activitats<\/a><\/div>\n<\/div>\n<\/div>\n<\/div>\n<\/div><\/div>\n","protected":false},"excerpt":{"rendered":"<p>ESP\u00d2RT ATH\u00c9CHASSE L&rsquo;Athl\u00e9chasse qu&rsquo;ei ua activitat qui avem iniciada peu purm\u00e8r c\u00f2p en 2011. Qu&rsquo;ei ua practica mesclant la tradicion de las esca\u00e7as landesas de husta a espr\u00f2vas classicas d&rsquo;atletisme. Aquera &hellip;<\/p>\n","protected":false},"author":1,"featured_media":0,"parent":0,"menu_order":0,"comment_status":"closed","ping_status":"closed","template":"","meta":{"advgb_blocks_editor_width":"","advgb_blocks_columns_visual_guide":"","footnotes":""},"class_list":["post-1022","page","type-page","status-publish","hentry"],"coauthors":[],"author_meta":{"author_link":"https:\/\/lesheronsdeslacs.fr\/index.php\/author\/lesheron\/","display_name":"lesheron"},"relative_dates":{"created":"Publi\u00e9 2 ans il y a","modified":"Mis \u00e0 jour 2 ans il y a"},"absolute_dates":{"created":"Publi\u00e9 le 1 f\u00e9vrier 2024","modified":"Mise \u00e0 jour le 21 mai 2024"},"absolute_dates_time":{"created":"Publi\u00e9 le 1 f\u00e9vrier 2024 17h27","modified":"Mise \u00e0 jour le 21 mai 2024 16h31"},"featured_img_caption":"","featured_img":false,"series_order":"","_links":{"self":[{"href":"https:\/\/lesheronsdeslacs.fr\/index.php\/wp-json\/wp\/v2\/pages\/1022","targetHints":{"allow":["GET"]}}],"collection":[{"href":"https:\/\/lesheronsdeslacs.fr\/index.php\/wp-json\/wp\/v2\/pages"}],"about":[{"href":"https:\/\/lesheronsdeslacs.fr\/index.php\/wp-json\/wp\/v2\/types\/page"}],"author":[{"embeddable":true,"href":"https:\/\/lesheronsdeslacs.fr\/index.php\/wp-json\/wp\/v2\/users\/1"}],"replies":[{"embeddable":true,"href":"https:\/\/lesheronsdeslacs.fr\/index.php\/wp-json\/wp\/v2\/comments?post=1022"}],"version-history":[{"count":6,"href":"https:\/\/lesheronsdeslacs.fr\/index.php\/wp-json\/wp\/v2\/pages\/1022\/revisions"}],"predecessor-version":[{"id":1310,"href":"https:\/\/lesheronsdeslacs.fr\/index.php\/wp-json\/wp\/v2\/pages\/1022\/revisions\/1310"}],"wp:attachment":[{"href":"https:\/\/lesheronsdeslacs.fr\/index.php\/wp-json\/wp\/v2\/media?parent=1022"}],"curies":[{"name":"wp","href":"https:\/\/api.w.org\/{rel}","templated":true}]}}