{"id":1042,"date":"2024-02-01T18:04:19","date_gmt":"2024-02-01T17:04:19","guid":{"rendered":"https:\/\/lesheronsdeslacs.fr\/?page_id=1042"},"modified":"2024-02-01T19:20:24","modified_gmt":"2024-02-01T18:20:24","slug":"repeticions","status":"publish","type":"page","link":"https:\/\/lesheronsdeslacs.fr\/index.php\/repeticions\/","title":{"rendered":"Repeticions"},"content":{"rendered":"\n<div class=\"wp-block-group is-vertical is-nowrap is-layout-flex wp-container-core-group-is-layout-287ef9cb wp-block-group-is-layout-flex\" style=\"padding-right:0;padding-left:0\">\n<h6 class=\"wp-block-heading has-text-color\" id=\"ecosystem\" style=\"color:#000000;font-size:16px\">ENTRAINAMENTS<\/h6>\n\n\n\n<p class=\"has-text-color\" style=\"color:#000000;font-size:6vw;font-style:normal;font-weight:700;letter-spacing:0px;line-height:0.9;text-decoration:none;text-transform:none\">REPETICIONS<\/p>\n<\/div>\n\n\n<div class=\"wp-block-image\">\n<figure class=\"alignright size-full is-resized\"><a href=\"https:\/\/lesheronsdeslacs.fr\/index.php\/entrainements\/\"><img loading=\"lazy\" decoding=\"async\" width=\"600\" height=\"400\" src=\"http:\/\/lesheronsdeslacs.fr\/wp-content\/uploads\/Drapeau-France.webp\" alt=\"\" class=\"wp-image-971\" style=\"width:51px;height:auto\" srcset=\"https:\/\/lesheronsdeslacs.fr\/wp-content\/uploads\/Drapeau-France.webp 600w, https:\/\/lesheronsdeslacs.fr\/wp-content\/uploads\/Drapeau-France-389x259.webp 389w\" sizes=\"auto, (max-width: 600px) 100vw, 600px\" \/><\/a><\/figure>\n<\/div>\n\n\n<div class=\"wp-block-media-text is-stacked-on-mobile\"><figure class=\"wp-block-media-text__media\"><img loading=\"lazy\" decoding=\"async\" width=\"1024\" height=\"498\" src=\"http:\/\/lesheronsdeslacs.fr\/wp-content\/uploads\/20221008_152952-1024x498-1.jpg\" alt=\"\" class=\"wp-image-693 size-full\" srcset=\"https:\/\/lesheronsdeslacs.fr\/wp-content\/uploads\/20221008_152952-1024x498-1.jpg 1024w, https:\/\/lesheronsdeslacs.fr\/wp-content\/uploads\/20221008_152952-1024x498-1-768x374.jpg 768w, https:\/\/lesheronsdeslacs.fr\/wp-content\/uploads\/20221008_152952-1024x498-1-389x189.jpg 389w\" sizes=\"auto, (max-width: 1024px) 100vw, 1024px\" \/><\/figure><div class=\"wp-block-media-text__content\">\n<p class=\"has-accent-2-color has-text-color has-link-color wp-elements-84e42fe4b5a4e8aa0f110e23c98cc819\">Rejunhetz, sol(e) o en familha, la nosta equipa joena e dinamica.<\/p>\n<\/div><\/div>\n\n\n\n<p class=\"has-text-color has-link-color wp-elements-1dd52b61c97f05a6d7e372be1fe45173\" style=\"color:#93b29f\">&#8211;<\/p>\n\n\n\n<div class=\"wp-block-media-text has-media-on-the-right is-stacked-on-mobile\"><div class=\"wp-block-media-text__content\">\n<p>Las nostas repeticions qu&rsquo;an l\u00f2c :<\/p>\n\n\n\n<p>Los dim\u00e8rcs :&nbsp;de 14h45 a 16h30 ent\u00e0 debutants e intermediaris, solament&nbsp;pendent las vacan\u00e7as escolaras&nbsp;(Anciana Esc\u00f2la de Millas)<\/p>\n\n\n\n<p>Los dissabtes :&nbsp;de 14h45 a 16h30 ent\u00e0 debutants e intermediaris (Anciana Esc\u00f2la de Millas)<\/p>\n<\/div><figure class=\"wp-block-media-text__media\"><img loading=\"lazy\" decoding=\"async\" width=\"1024\" height=\"471\" src=\"http:\/\/lesheronsdeslacs.fr\/wp-content\/uploads\/20230107_200757-1024x471.jpg\" alt=\"\" class=\"wp-image-205 size-full\" srcset=\"https:\/\/lesheronsdeslacs.fr\/wp-content\/uploads\/20230107_200757-1024x471.jpg 1024w, https:\/\/lesheronsdeslacs.fr\/wp-content\/uploads\/20230107_200757-768x354.jpg 768w, https:\/\/lesheronsdeslacs.fr\/wp-content\/uploads\/20230107_200757-1536x707.jpg 1536w, https:\/\/lesheronsdeslacs.fr\/wp-content\/uploads\/20230107_200757-421x194.jpg 421w, https:\/\/lesheronsdeslacs.fr\/wp-content\/uploads\/20230107_200757.jpg 1920w\" sizes=\"auto, (max-width: 1024px) 100vw, 1024px\" \/><\/figure><\/div>\n\n\n\n<p class=\"has-text-color has-link-color wp-elements-c5cf8bd5432e941c14be39ff8a64366d\" style=\"color:#6a8e83\">&#8211;<\/p>\n\n\n\n<div class=\"wp-block-media-text is-stacked-on-mobile\"><figure class=\"wp-block-media-text__media\"><img loading=\"lazy\" decoding=\"async\" width=\"720\" height=\"480\" src=\"http:\/\/lesheronsdeslacs.fr\/wp-content\/uploads\/heron1.jpg\" alt=\"\" class=\"wp-image-249 size-full\" srcset=\"https:\/\/lesheronsdeslacs.fr\/wp-content\/uploads\/heron1.jpg 720w, https:\/\/lesheronsdeslacs.fr\/wp-content\/uploads\/heron1-421x281.jpg 421w\" sizes=\"auto, (max-width: 720px) 100vw, 720px\" \/><\/figure><div class=\"wp-block-media-text__content\">\n<p>Totas las personas qui montan sus esca\u00e7as que p\u00f2den egaument participar a las&nbsp;Corsas e Incursions&nbsp;organizadas per la&nbsp;<a href=\"https:\/\/www.fgfl.fr\/\">Federacion deus Grops Folclorics Land\u00e9s.<\/a><\/p>\n\n\n\n<p>Aqueras corsas qu&rsquo;amassan un nombre gran de chancaires per totas Lanas pendent la sason estivau. Ua Incursion annau de 70 km (e un Maraton de 110 km entaus mei coratj\u00f3s) qu&rsquo;ei egaument organizat cada an .<\/p>\n<\/div><\/div>\n\n\n\n<p class=\"has-text-color has-link-color wp-elements-f6c1641226918898b5e8d65797e3e94b\" style=\"color:#8dbda7\">&#8211;<\/p>\n\n\n\n<div class=\"wp-block-buttons is-content-justification-right is-layout-flex wp-container-core-buttons-is-layout-765c4724 wp-block-buttons-is-layout-flex\">\n<div class=\"wp-block-button\"><a class=\"wp-block-button__link wp-element-button\" href=\"https:\/\/lesheronsdeslacs.fr\/index.php\/activitats\/\">Tornar sus la pagina activitats<\/a><\/div>\n<\/div>\n","protected":false},"excerpt":{"rendered":"<p>ENTRAINAMENTS REPETICIONS Rejunhetz, sol(e) o en familha, la nosta equipa joena e dinamica. &#8211; Las nostas repeticions qu&rsquo;an l\u00f2c : Los dim\u00e8rcs :&nbsp;de 14h45 a 16h30 ent\u00e0 debutants e intermediaris, solament&nbsp;pendent &hellip;<\/p>\n","protected":false},"author":1,"featured_media":0,"parent":0,"menu_order":0,"comment_status":"closed","ping_status":"closed","template":"","meta":{"advgb_blocks_editor_width":"","advgb_blocks_columns_visual_guide":"","footnotes":""},"class_list":["post-1042","page","type-page","status-publish","hentry"],"coauthors":[],"author_meta":{"author_link":"https:\/\/lesheronsdeslacs.fr\/index.php\/author\/lesheron\/","display_name":"lesheron"},"relative_dates":{"created":"Publi\u00e9 2 ans il y a","modified":"Mis \u00e0 jour 2 ans il y a"},"absolute_dates":{"created":"Publi\u00e9 le 1 f\u00e9vrier 2024","modified":"Mise \u00e0 jour le 1 f\u00e9vrier 2024"},"absolute_dates_time":{"created":"Publi\u00e9 le 1 f\u00e9vrier 2024 18h04","modified":"Mise \u00e0 jour le 1 f\u00e9vrier 2024 19h20"},"featured_img_caption":"","featured_img":false,"series_order":"","_links":{"self":[{"href":"https:\/\/lesheronsdeslacs.fr\/index.php\/wp-json\/wp\/v2\/pages\/1042","targetHints":{"allow":["GET"]}}],"collection":[{"href":"https:\/\/lesheronsdeslacs.fr\/index.php\/wp-json\/wp\/v2\/pages"}],"about":[{"href":"https:\/\/lesheronsdeslacs.fr\/index.php\/wp-json\/wp\/v2\/types\/page"}],"author":[{"embeddable":true,"href":"https:\/\/lesheronsdeslacs.fr\/index.php\/wp-json\/wp\/v2\/users\/1"}],"replies":[{"embeddable":true,"href":"https:\/\/lesheronsdeslacs.fr\/index.php\/wp-json\/wp\/v2\/comments?post=1042"}],"version-history":[{"count":4,"href":"https:\/\/lesheronsdeslacs.fr\/index.php\/wp-json\/wp\/v2\/pages\/1042\/revisions"}],"predecessor-version":[{"id":1088,"href":"https:\/\/lesheronsdeslacs.fr\/index.php\/wp-json\/wp\/v2\/pages\/1042\/revisions\/1088"}],"wp:attachment":[{"href":"https:\/\/lesheronsdeslacs.fr\/index.php\/wp-json\/wp\/v2\/media?parent=1042"}],"curies":[{"name":"wp","href":"https:\/\/api.w.org\/{rel}","templated":true}]}}