{"id":1050,"date":"2024-02-01T18:23:27","date_gmt":"2024-02-01T17:23:27","guid":{"rendered":"https:\/\/lesheronsdeslacs.fr\/?page_id=1050"},"modified":"2024-02-02T14:02:43","modified_gmt":"2024-02-02T13:02:43","slug":"fabricacion-de-las-escacas","status":"publish","type":"page","link":"https:\/\/lesheronsdeslacs.fr\/index.php\/fabricacion-de-las-escacas\/","title":{"rendered":"Fabricacion de la esca\u00e7as"},"content":{"rendered":"\n<div class=\"wp-block-group is-vertical is-nowrap is-layout-flex wp-container-core-group-is-layout-287ef9cb wp-block-group-is-layout-flex\" style=\"padding-right:0;padding-left:0\">\n<h6 class=\"wp-block-heading has-text-color\" id=\"ecosystem\" style=\"color:#000000;font-size:16px\">ARTISANAT<\/h6>\n\n\n\n<p class=\"has-text-color\" style=\"color:#000000;font-size:6vw;font-style:normal;font-weight:700;letter-spacing:0px;line-height:0.9;text-decoration:none;text-transform:none\">FABRICACION <\/p>\n\n\n\n<p class=\"has-text-color\" style=\"color:#000000;font-size:6vw;font-style:normal;font-weight:700;letter-spacing:0px;line-height:0.9;text-decoration:none;text-transform:none\">DE LAS ESCA\u00c7AS<\/p>\n<\/div>\n\n\n\n<p><\/p>\n\n\n<div class=\"wp-block-image\">\n<figure class=\"alignright size-full is-resized\"><a href=\"https:\/\/lesheronsdeslacs.fr\/index.php\/fabrication-des-echasses\/\"><img loading=\"lazy\" decoding=\"async\" width=\"600\" height=\"400\" src=\"http:\/\/lesheronsdeslacs.fr\/wp-content\/uploads\/Drapeau-France.webp\" alt=\"\" class=\"wp-image-971\" style=\"width:55px;height:auto\" srcset=\"https:\/\/lesheronsdeslacs.fr\/wp-content\/uploads\/Drapeau-France.webp 600w, https:\/\/lesheronsdeslacs.fr\/wp-content\/uploads\/Drapeau-France-389x259.webp 389w\" sizes=\"auto, (max-width: 600px) 100vw, 600px\" \/><\/a><\/figure>\n<\/div>\n\n\n<p>L&rsquo;associacion dispausa d&rsquo;un talh\u00e8r de menuseria ent\u00e0 la fabricacion de las soas pr\u00f2pias esca\u00e7as.<\/p>\n\n\n\n<p>Que fabricam dus tipes d&rsquo;esca\u00e7as :<\/p>\n\n\n\n<ul class=\"wp-block-list\">\n<li>Las esca\u00e7as tradicionaus qui utilizam entaus espectacles,<\/li>\n\n\n\n<li>Las esca\u00e7as de corsa qui utilizam ent\u00e0 l&rsquo;athl\u00e9chasse o totas autas utilizacions esportivas.<\/li>\n<\/ul>\n\n\n\n<p class=\"has-text-align-center\"><strong>Ent\u00e0 mei d&rsquo;entresenhas sus la venta d&rsquo;esca\u00e7as, merc\u00e9s de&rsquo;ns contactar dir\u00e8ctament.<\/strong><\/p>\n\n\n\n<figure class=\"wp-block-gallery has-nested-images columns-default is-cropped wp-block-gallery-1 is-layout-flex wp-block-gallery-is-layout-flex\">\n<figure class=\"wp-block-image size-large\"><img loading=\"lazy\" decoding=\"async\" width=\"498\" height=\"1024\" data-id=\"706\" src=\"https:\/\/lesheronsdeslacs.fr\/wp-content\/uploads\/20240113_1819452-scaled-1-498x1024.jpg\" alt=\"\" class=\"wp-image-706\" srcset=\"https:\/\/lesheronsdeslacs.fr\/wp-content\/uploads\/20240113_1819452-scaled-1-498x1024.jpg 498w, https:\/\/lesheronsdeslacs.fr\/wp-content\/uploads\/20240113_1819452-scaled-1-768x1580.jpg 768w, https:\/\/lesheronsdeslacs.fr\/wp-content\/uploads\/20240113_1819452-scaled-1-746x1536.jpg 746w, https:\/\/lesheronsdeslacs.fr\/wp-content\/uploads\/20240113_1819452-scaled-1-995x2048.jpg 995w, https:\/\/lesheronsdeslacs.fr\/wp-content\/uploads\/20240113_1819452-scaled-1-156x320.jpg 156w, https:\/\/lesheronsdeslacs.fr\/wp-content\/uploads\/20240113_1819452-scaled-1.jpg 1244w\" sizes=\"auto, (max-width: 498px) 100vw, 498px\" \/><\/figure>\n\n\n\n<figure class=\"wp-block-image size-large\"><img loading=\"lazy\" decoding=\"async\" width=\"498\" height=\"1024\" data-id=\"705\" src=\"https:\/\/lesheronsdeslacs.fr\/wp-content\/uploads\/20240113_111934-scaled-1-498x1024.jpg\" alt=\"\" class=\"wp-image-705\" srcset=\"https:\/\/lesheronsdeslacs.fr\/wp-content\/uploads\/20240113_111934-scaled-1-498x1024.jpg 498w, https:\/\/lesheronsdeslacs.fr\/wp-content\/uploads\/20240113_111934-scaled-1-768x1580.jpg 768w, https:\/\/lesheronsdeslacs.fr\/wp-content\/uploads\/20240113_111934-scaled-1-746x1536.jpg 746w, https:\/\/lesheronsdeslacs.fr\/wp-content\/uploads\/20240113_111934-scaled-1-995x2048.jpg 995w, https:\/\/lesheronsdeslacs.fr\/wp-content\/uploads\/20240113_111934-scaled-1-156x320.jpg 156w, https:\/\/lesheronsdeslacs.fr\/wp-content\/uploads\/20240113_111934-scaled-1.jpg 1244w\" sizes=\"auto, (max-width: 498px) 100vw, 498px\" \/><\/figure>\n\n\n\n<figure class=\"wp-block-image size-large\"><img loading=\"lazy\" decoding=\"async\" width=\"1024\" height=\"498\" data-id=\"704\" src=\"https:\/\/lesheronsdeslacs.fr\/wp-content\/uploads\/20231014_160240-1024x498.jpg\" alt=\"\" class=\"wp-image-704\" srcset=\"https:\/\/lesheronsdeslacs.fr\/wp-content\/uploads\/20231014_160240-1024x498.jpg 1024w, https:\/\/lesheronsdeslacs.fr\/wp-content\/uploads\/20231014_160240-768x373.jpg 768w, https:\/\/lesheronsdeslacs.fr\/wp-content\/uploads\/20231014_160240-1536x747.jpg 1536w, https:\/\/lesheronsdeslacs.fr\/wp-content\/uploads\/20231014_160240-2048x996.jpg 2048w, https:\/\/lesheronsdeslacs.fr\/wp-content\/uploads\/20231014_160240-389x189.jpg 389w\" sizes=\"auto, (max-width: 1024px) 100vw, 1024px\" \/><\/figure>\n\n\n\n<figure class=\"wp-block-image size-large\"><img loading=\"lazy\" decoding=\"async\" width=\"1024\" height=\"498\" data-id=\"703\" src=\"https:\/\/lesheronsdeslacs.fr\/wp-content\/uploads\/20231014_160226-scaled-1-1024x498.jpg\" alt=\"\" class=\"wp-image-703\" srcset=\"https:\/\/lesheronsdeslacs.fr\/wp-content\/uploads\/20231014_160226-scaled-1-1024x498.jpg 1024w, https:\/\/lesheronsdeslacs.fr\/wp-content\/uploads\/20231014_160226-scaled-1-768x373.jpg 768w, https:\/\/lesheronsdeslacs.fr\/wp-content\/uploads\/20231014_160226-scaled-1-1536x746.jpg 1536w, https:\/\/lesheronsdeslacs.fr\/wp-content\/uploads\/20231014_160226-scaled-1-2048x995.jpg 2048w, https:\/\/lesheronsdeslacs.fr\/wp-content\/uploads\/20231014_160226-scaled-1-389x189.jpg 389w\" sizes=\"auto, (max-width: 1024px) 100vw, 1024px\" \/><\/figure>\n\n\n\n<figure class=\"wp-block-image size-large\"><img loading=\"lazy\" decoding=\"async\" width=\"498\" height=\"1024\" data-id=\"702\" src=\"https:\/\/lesheronsdeslacs.fr\/wp-content\/uploads\/20230610_143058-498x1024-1.jpg\" alt=\"\" class=\"wp-image-702\" srcset=\"https:\/\/lesheronsdeslacs.fr\/wp-content\/uploads\/20230610_143058-498x1024-1.jpg 498w, https:\/\/lesheronsdeslacs.fr\/wp-content\/uploads\/20230610_143058-498x1024-1-156x320.jpg 156w\" sizes=\"auto, (max-width: 498px) 100vw, 498px\" \/><\/figure>\n\n\n\n<figure class=\"wp-block-image size-large\"><img loading=\"lazy\" decoding=\"async\" width=\"840\" height=\"1024\" data-id=\"701\" src=\"https:\/\/lesheronsdeslacs.fr\/wp-content\/uploads\/20230610_111435-840x1024-1.jpg\" alt=\"\" class=\"wp-image-701\" srcset=\"https:\/\/lesheronsdeslacs.fr\/wp-content\/uploads\/20230610_111435-840x1024-1.jpg 840w, https:\/\/lesheronsdeslacs.fr\/wp-content\/uploads\/20230610_111435-840x1024-1-768x936.jpg 768w, https:\/\/lesheronsdeslacs.fr\/wp-content\/uploads\/20230610_111435-840x1024-1-263x320.jpg 263w\" sizes=\"auto, (max-width: 840px) 100vw, 840px\" \/><\/figure>\n<\/figure>\n\n\n\n<p>&#8211;<\/p>\n\n\n\n<div class=\"wp-block-buttons is-content-justification-right is-layout-flex wp-container-core-buttons-is-layout-86a8208c wp-block-buttons-is-layout-flex\">\n<div class=\"wp-block-button\"><a class=\"wp-block-button__link wp-element-button\" href=\"https:\/\/lesheronsdeslacs.fr\/index.php\/activitats\/\">Tornatz a las Activitats<\/a><\/div>\n<\/div>\n","protected":false},"excerpt":{"rendered":"<p>ARTISANAT FABRICACION DE LAS ESCA\u00c7AS L&rsquo;associacion dispausa d&rsquo;un talh\u00e8r de menuseria ent\u00e0 la fabricacion de las soas pr\u00f2pias esca\u00e7as. Que fabricam dus tipes d&rsquo;esca\u00e7as : Ent\u00e0 mei d&rsquo;entresenhas sus la venta &hellip;<\/p>\n","protected":false},"author":1,"featured_media":0,"parent":0,"menu_order":0,"comment_status":"closed","ping_status":"closed","template":"","meta":{"advgb_blocks_editor_width":"","advgb_blocks_columns_visual_guide":"","footnotes":""},"class_list":["post-1050","page","type-page","status-publish","hentry"],"coauthors":[],"author_meta":{"author_link":"https:\/\/lesheronsdeslacs.fr\/index.php\/author\/lesheron\/","display_name":"lesheron"},"relative_dates":{"created":"Publi\u00e9 2 ans il y a","modified":"Mis \u00e0 jour 2 ans il y a"},"absolute_dates":{"created":"Publi\u00e9 le 1 f\u00e9vrier 2024","modified":"Mise \u00e0 jour le 2 f\u00e9vrier 2024"},"absolute_dates_time":{"created":"Publi\u00e9 le 1 f\u00e9vrier 2024 18h23","modified":"Mise \u00e0 jour le 2 f\u00e9vrier 2024 14h02"},"featured_img_caption":"","featured_img":false,"series_order":"","_links":{"self":[{"href":"https:\/\/lesheronsdeslacs.fr\/index.php\/wp-json\/wp\/v2\/pages\/1050","targetHints":{"allow":["GET"]}}],"collection":[{"href":"https:\/\/lesheronsdeslacs.fr\/index.php\/wp-json\/wp\/v2\/pages"}],"about":[{"href":"https:\/\/lesheronsdeslacs.fr\/index.php\/wp-json\/wp\/v2\/types\/page"}],"author":[{"embeddable":true,"href":"https:\/\/lesheronsdeslacs.fr\/index.php\/wp-json\/wp\/v2\/users\/1"}],"replies":[{"embeddable":true,"href":"https:\/\/lesheronsdeslacs.fr\/index.php\/wp-json\/wp\/v2\/comments?post=1050"}],"version-history":[{"count":6,"href":"https:\/\/lesheronsdeslacs.fr\/index.php\/wp-json\/wp\/v2\/pages\/1050\/revisions"}],"predecessor-version":[{"id":1142,"href":"https:\/\/lesheronsdeslacs.fr\/index.php\/wp-json\/wp\/v2\/pages\/1050\/revisions\/1142"}],"wp:attachment":[{"href":"https:\/\/lesheronsdeslacs.fr\/index.php\/wp-json\/wp\/v2\/media?parent=1050"}],"curies":[{"name":"wp","href":"https:\/\/api.w.org\/{rel}","templated":true}]}}