{"id":106,"date":"2024-01-28T17:51:15","date_gmt":"2024-01-28T16:51:15","guid":{"rendered":"https:\/\/lesheronsdeslacs.fr\/?page_id=106"},"modified":"2024-06-26T21:22:42","modified_gmt":"2024-06-26T19:22:42","slug":"spectacles","status":"publish","type":"page","link":"https:\/\/lesheronsdeslacs.fr\/index.php\/spectacles\/","title":{"rendered":"Spectacles"},"content":{"rendered":"\n<p><\/p>\n\n\n\n<div class=\"wp-block-group alignfull has-background\" style=\"background:linear-gradient(135deg,rgb(230,179,76) 1%,rgb(255,255,255) 100%);padding-top:6vw;padding-right:6vw;padding-bottom:6vw;padding-left:6vw\"><div class=\"wp-block-group__inner-container is-layout-flow wp-block-group-is-layout-flow\">\n<div class=\"wp-block-group is-vertical is-nowrap is-layout-flex wp-container-core-group-is-layout-287ef9cb wp-block-group-is-layout-flex\" style=\"padding-right:0;padding-left:0\">\n<h6 class=\"wp-block-heading has-text-color\" id=\"ecosystem\" style=\"color:#000000;font-size:16px\">FOLKLORE<\/h6>\n\n\n\n<p class=\"has-text-color\" style=\"color:#000000;font-size:6vw;font-style:normal;font-weight:700;letter-spacing:0px;line-height:0.9;text-decoration:none;text-transform:none\">Spectacles<\/p>\n<\/div>\n\n\n\n<div class=\"wp-block-group alignwide\"><div class=\"wp-block-group__inner-container is-layout-constrained wp-block-group-is-layout-constrained\">\n<div class=\"wp-block-group alignwide\"><div class=\"wp-block-group__inner-container is-layout-constrained wp-block-group-is-layout-constrained\">\n<div style=\"height:1vw\" aria-hidden=\"true\" class=\"wp-block-spacer\"><\/div>\n<\/div><\/div>\n\n\n<div class=\"wp-block-image\">\n<figure class=\"alignright size-full is-resized\"><a href=\"https:\/\/lesheronsdeslacs.fr\/index.php\/espectacles\/\"><img loading=\"lazy\" decoding=\"async\" width=\"585\" height=\"192\" src=\"http:\/\/lesheronsdeslacs.fr\/wp-content\/uploads\/Bouton-OCCITAN-GASCONpages.png\" alt=\"\" class=\"wp-image-1126\" style=\"width:88px;height:auto\" srcset=\"https:\/\/lesheronsdeslacs.fr\/wp-content\/uploads\/Bouton-OCCITAN-GASCONpages.png 585w, https:\/\/lesheronsdeslacs.fr\/wp-content\/uploads\/Bouton-OCCITAN-GASCONpages-389x128.png 389w\" sizes=\"auto, (max-width: 585px) 100vw, 585px\" \/><\/a><\/figure>\n<\/div><\/div><\/div>\n\n\n\n<p><\/p>\n\n\n\n<p>&#8211;<\/p>\n\n\n\n<p><\/p>\n\n\n\n<div class=\"wp-block-media-text is-stacked-on-mobile\"><figure class=\"wp-block-media-text__media\"><img loading=\"lazy\" decoding=\"async\" width=\"640\" height=\"428\" src=\"http:\/\/lesheronsdeslacs.fr\/wp-content\/uploads\/file000452.jpg\" alt=\"\" class=\"wp-image-405 size-full\" srcset=\"https:\/\/lesheronsdeslacs.fr\/wp-content\/uploads\/file000452.jpg 640w, https:\/\/lesheronsdeslacs.fr\/wp-content\/uploads\/file000452-421x282.jpg 421w\" sizes=\"auto, (max-width: 640px) 100vw, 640px\" \/><\/figure><div class=\"wp-block-media-text__content\">\n<p>Notre association propose des spectacles de&nbsp;<strong>danses traditionnelles landaises<\/strong>&nbsp;au sol et sur \u00e9chasses. Compos\u00e9e de b\u00e9n\u00e9voles actifs, nous animons&nbsp;<strong>festivals, mariages, foires, et proposons des initiations aux \u00e9chasses<\/strong>. <\/p>\n\n\n\n<p><\/p>\n\n\n\n<p>Nous pouvons \u00e9galement effectuer un&nbsp;<strong>simple d\u00e9fil\u00e9 et jusqu\u2019\u00e0 1h30 de spectacle dansant,<\/strong>&nbsp;en France et \u00e0 l\u2019\u00e9tranger.<\/p>\n<\/div><\/div>\n\n\n\n<div class=\"wp-block-media-text is-stacked-on-mobile\"><figure class=\"wp-block-media-text__media\"><img loading=\"lazy\" decoding=\"async\" width=\"640\" height=\"428\" src=\"http:\/\/lesheronsdeslacs.fr\/wp-content\/uploads\/file000384.jpg\" alt=\"\" class=\"wp-image-386 size-full\" srcset=\"https:\/\/lesheronsdeslacs.fr\/wp-content\/uploads\/file000384.jpg 640w, https:\/\/lesheronsdeslacs.fr\/wp-content\/uploads\/file000384-421x282.jpg 421w\" sizes=\"auto, (max-width: 640px) 100vw, 640px\" \/><\/figure><div class=\"wp-block-media-text__content\">\n<p>Le r\u00e9pertoire est compos\u00e9 essentiellement de&nbsp;<strong>rondeaux, polkas, scottishs, quadrilles<\/strong>, pour atteindre une trentaine de danses toutes spectaculaires et \u00e0 chor\u00e9graphies remarquables. <\/p>\n\n\n\n<p><\/p>\n\n\n\n<p>Vous aurez alors le plaisir d\u2019admirer l\u2019agilit\u00e9 des \u00e9chassiers et \u00e9chassi\u00e8res ainsi que la gr\u00e2ce des danseurs et danseuses au sol.<\/p>\n<\/div><\/div>\n\n\n\n<figure class=\"wp-block-embed is-type-video is-provider-vimeo wp-block-embed-vimeo wp-embed-aspect-16-9 wp-has-aspect-ratio\"><div class=\"wp-block-embed__wrapper\">\n<iframe loading=\"lazy\" title=\"Les H\u00e9rons des lacs\" src=\"https:\/\/player.vimeo.com\/video\/106360423?dnt=1&amp;app_id=122963\" width=\"1032\" height=\"581\" frameborder=\"0\" allow=\"autoplay; fullscreen; picture-in-picture\"><\/iframe>\n<\/div><\/figure>\n<\/div><\/div>\n\n\n\n<div class=\"wp-block-cover alignfull\" style=\"padding-top:4vw;padding-right:4vw;padding-bottom:4vw;padding-left:4vw;min-height:66vh;aspect-ratio:unset;\"><span aria-hidden=\"true\" class=\"wp-block-cover__background has-black-background-color has-background-dim-100 has-background-dim\"><\/span><div class=\"wp-block-cover__inner-container is-layout-flow wp-block-cover-is-layout-flow\">\n<div class=\"wp-block-group is-content-justification-center is-nowrap is-layout-flex wp-container-core-group-is-layout-dbad4144 wp-block-group-is-layout-flex\">\n<figure class=\"wp-block-image size-full\"><img loading=\"lazy\" decoding=\"async\" width=\"640\" height=\"428\" src=\"http:\/\/lesheronsdeslacs.fr\/wp-content\/uploads\/file000441-1.jpg\" alt=\"\" class=\"wp-image-404\" srcset=\"https:\/\/lesheronsdeslacs.fr\/wp-content\/uploads\/file000441-1.jpg 640w, https:\/\/lesheronsdeslacs.fr\/wp-content\/uploads\/file000441-1-421x282.jpg 421w\" sizes=\"auto, (max-width: 640px) 100vw, 640px\" \/><\/figure>\n\n\n\n<figure class=\"wp-block-image size-full is-resized\"><img loading=\"lazy\" decoding=\"async\" width=\"461\" height=\"307\" src=\"http:\/\/lesheronsdeslacs.fr\/wp-content\/uploads\/heron18-1.jpg\" alt=\"\" class=\"wp-image-261\" style=\"width:595px;height:auto\" srcset=\"https:\/\/lesheronsdeslacs.fr\/wp-content\/uploads\/heron18-1.jpg 461w, https:\/\/lesheronsdeslacs.fr\/wp-content\/uploads\/heron18-1-421x280.jpg 421w\" sizes=\"auto, (max-width: 461px) 100vw, 461px\" \/><\/figure>\n<\/div>\n\n\n\n<p class=\"has-accent-2-color has-text-color has-link-color wp-elements-edd6d96a723ea5a7baf72f035c6f376b\">-https:\/\/vimeo.com\/106360423<\/p>\n\n\n\n<figure class=\"wp-block-embed is-type-video is-provider-youtube wp-block-embed-youtube wp-embed-aspect-16-9 wp-has-aspect-ratio\"><div class=\"wp-block-embed__wrapper\">\n<iframe loading=\"lazy\" title=\"Spectacle folklore landais - Les H\u00e9rons des Lacs, Biscarrosse\" width=\"1032\" height=\"581\" src=\"https:\/\/www.youtube.com\/embed\/rXr3_sq5dwY?feature=oembed\" frameborder=\"0\" allow=\"accelerometer; autoplay; clipboard-write; encrypted-media; gyroscope; picture-in-picture; web-share\" allowfullscreen><\/iframe>\n<\/div><\/figure>\n\n\n\n<p class=\"has-accent-2-color has-text-color has-link-color wp-elements-28b81fe4d1b151f277e1023cb4c44704\"><a href=\"https:\/\/lesheronsdeslacs.fr\/index.php\/activites\/\">.<\/a><\/p>\n\n\n\n<div class=\"wp-block-buttons is-content-justification-right is-layout-flex wp-container-core-buttons-is-layout-765c4724 wp-block-buttons-is-layout-flex\">\n<div class=\"wp-block-button\"><a class=\"wp-block-button__link wp-element-button\" href=\"https:\/\/lesheronsdeslacs.fr\/index.php\/activites\/\">Revenir aux activit\u00e9s<\/a><\/div>\n<\/div>\n<\/div><\/div>\n","protected":false},"excerpt":{"rendered":"<p>FOLKLORE Spectacles &#8211; Notre association propose des spectacles de&nbsp;danses traditionnelles landaises&nbsp;au sol et sur \u00e9chasses. Compos\u00e9e de b\u00e9n\u00e9voles actifs, nous animons&nbsp;festivals, mariages, foires, et proposons des initiations aux \u00e9chasses. Nous pouvons &hellip;<\/p>\n","protected":false},"author":1,"featured_media":0,"parent":0,"menu_order":0,"comment_status":"closed","ping_status":"closed","template":"","meta":{"advgb_blocks_editor_width":"","advgb_blocks_columns_visual_guide":"","footnotes":""},"class_list":["post-106","page","type-page","status-publish","hentry"],"coauthors":[],"author_meta":{"author_link":"https:\/\/lesheronsdeslacs.fr\/index.php\/author\/lesheron\/","display_name":"lesheron"},"relative_dates":{"created":"Publi\u00e9 2 ans il y a","modified":"Mis \u00e0 jour 2 ans il y a"},"absolute_dates":{"created":"Publi\u00e9 le 28 janvier 2024","modified":"Mise \u00e0 jour le 26 juin 2024"},"absolute_dates_time":{"created":"Publi\u00e9 le 28 janvier 2024 17h51","modified":"Mise \u00e0 jour le 26 juin 2024 21h22"},"featured_img_caption":"","featured_img":false,"series_order":"","_links":{"self":[{"href":"https:\/\/lesheronsdeslacs.fr\/index.php\/wp-json\/wp\/v2\/pages\/106","targetHints":{"allow":["GET"]}}],"collection":[{"href":"https:\/\/lesheronsdeslacs.fr\/index.php\/wp-json\/wp\/v2\/pages"}],"about":[{"href":"https:\/\/lesheronsdeslacs.fr\/index.php\/wp-json\/wp\/v2\/types\/page"}],"author":[{"embeddable":true,"href":"https:\/\/lesheronsdeslacs.fr\/index.php\/wp-json\/wp\/v2\/users\/1"}],"replies":[{"embeddable":true,"href":"https:\/\/lesheronsdeslacs.fr\/index.php\/wp-json\/wp\/v2\/comments?post=106"}],"version-history":[{"count":16,"href":"https:\/\/lesheronsdeslacs.fr\/index.php\/wp-json\/wp\/v2\/pages\/106\/revisions"}],"predecessor-version":[{"id":1131,"href":"https:\/\/lesheronsdeslacs.fr\/index.php\/wp-json\/wp\/v2\/pages\/106\/revisions\/1131"}],"wp:attachment":[{"href":"https:\/\/lesheronsdeslacs.fr\/index.php\/wp-json\/wp\/v2\/media?parent=106"}],"curies":[{"name":"wp","href":"https:\/\/api.w.org\/{rel}","templated":true}]}}