{"id":110,"date":"2024-01-28T17:52:47","date_gmt":"2024-01-28T16:52:47","guid":{"rendered":"https:\/\/lesheronsdeslacs.fr\/?page_id=110"},"modified":"2025-12-29T14:07:40","modified_gmt":"2025-12-29T13:07:40","slug":"entrainements","status":"publish","type":"page","link":"https:\/\/lesheronsdeslacs.fr\/index.php\/entrainements\/","title":{"rendered":"Entrainements"},"content":{"rendered":"\n<div class=\"wp-block-group alignfull has-background\" style=\"background:linear-gradient(135deg,rgb(238,238,238) 0%,rgb(93,143,121) 100%);padding-top:6vw;padding-right:6vw;padding-bottom:6vw;padding-left:6vw\"><div class=\"wp-block-group__inner-container is-layout-flow wp-block-group-is-layout-flow\">\n<div class=\"wp-block-group is-vertical is-nowrap is-layout-flex wp-container-core-group-is-layout-287ef9cb wp-block-group-is-layout-flex\" style=\"padding-right:0;padding-left:0\">\n<h6 class=\"wp-block-heading has-text-color\" id=\"ecosystem\" style=\"color:#000000;font-size:16px\">ENTRAINEMENTS<\/h6>\n\n\n\n<p class=\"has-text-color\" style=\"color:#000000;font-size:6vw;font-style:normal;font-weight:700;letter-spacing:0px;line-height:0.9;text-decoration:none;text-transform:none\">R\u00c9P\u00c9TITIONS<\/p>\n<\/div>\n\n\n\n<p><\/p>\n\n\n<div class=\"wp-block-image\">\n<figure class=\"alignright size-full is-resized\"><a href=\"https:\/\/lesheronsdeslacs.fr\/index.php\/repeticions\/\"><img loading=\"lazy\" decoding=\"async\" width=\"585\" height=\"192\" src=\"http:\/\/lesheronsdeslacs.fr\/wp-content\/uploads\/Bouton-OCCITAN-GASCONpages.png\" alt=\"\" class=\"wp-image-1126\" style=\"width:92px;height:auto\" srcset=\"https:\/\/lesheronsdeslacs.fr\/wp-content\/uploads\/Bouton-OCCITAN-GASCONpages.png 585w, https:\/\/lesheronsdeslacs.fr\/wp-content\/uploads\/Bouton-OCCITAN-GASCONpages-389x128.png 389w\" sizes=\"auto, (max-width: 585px) 100vw, 585px\" \/><\/a><\/figure>\n<\/div>\n\n\n<div class=\"wp-block-media-text is-stacked-on-mobile\"><figure class=\"wp-block-media-text__media\"><img loading=\"lazy\" decoding=\"async\" width=\"1024\" height=\"498\" src=\"http:\/\/lesheronsdeslacs.fr\/wp-content\/uploads\/20221008_152952-1024x498-1.jpg\" alt=\"\" class=\"wp-image-693 size-full\" srcset=\"https:\/\/lesheronsdeslacs.fr\/wp-content\/uploads\/20221008_152952-1024x498-1.jpg 1024w, https:\/\/lesheronsdeslacs.fr\/wp-content\/uploads\/20221008_152952-1024x498-1-768x374.jpg 768w, https:\/\/lesheronsdeslacs.fr\/wp-content\/uploads\/20221008_152952-1024x498-1-389x189.jpg 389w\" sizes=\"auto, (max-width: 1024px) 100vw, 1024px\" \/><\/figure><div class=\"wp-block-media-text__content\">\n<p class=\"has-accent-2-color has-text-color has-link-color wp-elements-da7ded9a84cc34d558a8076737ea002e\">Rejoignez, seul(e) ou en famille, notre \u00e9quipe jeune et dynamique.<\/p>\n<\/div><\/div>\n\n\n\n<p class=\"has-text-color has-link-color wp-elements-1dd52b61c97f05a6d7e372be1fe45173\" style=\"color:#93b29f\">&#8211;<\/p>\n\n\n\n<div class=\"wp-block-media-text has-media-on-the-right is-stacked-on-mobile\"><div class=\"wp-block-media-text__content\">\n<p class=\"has-accent-2-color has-text-color has-link-color wp-elements-457f13ecbe86c6b78a7b90f2c3cb3f9a\">Nos r\u00e9p\u00e9titions ont lieu :<\/p>\n\n\n\n<ul class=\"wp-block-list has-accent-2-color has-text-color has-link-color wp-elements-289e7bc51360393446c2cb80f434d2e5\">\n<li><strong>Les samedis :<\/strong>\u00a0de 14h45 \u00e0 16h30 pour d\u00e9butants et interm\u00e9diaires (Ancienne \u00c9cole de Millas)<\/li>\n\n\n\n<li><strong>Les samedis :<\/strong>&nbsp;de 18h30 \u00e0 21h Salle Lapeyre (parking derri\u00e8re la mairie)<\/li>\n<\/ul>\n<\/div><figure class=\"wp-block-media-text__media\"><img loading=\"lazy\" decoding=\"async\" width=\"1024\" height=\"471\" src=\"http:\/\/lesheronsdeslacs.fr\/wp-content\/uploads\/20230107_200757-1024x471.jpg\" alt=\"\" class=\"wp-image-205 size-full\" srcset=\"https:\/\/lesheronsdeslacs.fr\/wp-content\/uploads\/20230107_200757-1024x471.jpg 1024w, https:\/\/lesheronsdeslacs.fr\/wp-content\/uploads\/20230107_200757-768x354.jpg 768w, https:\/\/lesheronsdeslacs.fr\/wp-content\/uploads\/20230107_200757-1536x707.jpg 1536w, https:\/\/lesheronsdeslacs.fr\/wp-content\/uploads\/20230107_200757-421x194.jpg 421w, https:\/\/lesheronsdeslacs.fr\/wp-content\/uploads\/20230107_200757.jpg 1920w\" sizes=\"auto, (max-width: 1024px) 100vw, 1024px\" \/><\/figure><\/div>\n\n\n\n<p class=\"has-text-color has-link-color wp-elements-c5cf8bd5432e941c14be39ff8a64366d\" style=\"color:#6a8e83\">&#8211;<\/p>\n\n\n\n<div class=\"wp-block-media-text is-stacked-on-mobile\"><figure class=\"wp-block-media-text__media\"><img loading=\"lazy\" decoding=\"async\" width=\"720\" height=\"480\" src=\"http:\/\/lesheronsdeslacs.fr\/wp-content\/uploads\/heron1.jpg\" alt=\"\" class=\"wp-image-249 size-full\" srcset=\"https:\/\/lesheronsdeslacs.fr\/wp-content\/uploads\/heron1.jpg 720w, https:\/\/lesheronsdeslacs.fr\/wp-content\/uploads\/heron1-421x281.jpg 421w\" sizes=\"auto, (max-width: 720px) 100vw, 720px\" \/><\/figure><div class=\"wp-block-media-text__content\">\n<p class=\"has-accent-2-color has-text-color has-link-color wp-elements-bd6c4eff94cad066d739f01b005b30e4\">Toutes les personnes qui montent sur \u00e9chasses peuvent \u00e9galement participer aux&nbsp;<a href=\"https:\/\/pci.hypotheses.org\/1077\">Courses et Raids<\/a>&nbsp;organis\u00e9s par la&nbsp;<a href=\"https:\/\/www.facebook.com\/profile.php?id=100088205946618&amp;locale=fr_FR\">F\u00e9d\u00e9ration des Groupes Folkloriques Landais<\/a>. <\/p>\n\n\n\n<p class=\"has-accent-2-color has-text-color has-link-color wp-elements-b0368d63b49b6831395da6a4055ac7f4\">Ces courses rassemblent un grand nombre d\u2019\u00e9chassiers \u00e0 travers toutes les Landes durant la saison estivale. Un Raid annuel de 70 km (et un Marathon de 110 km pour les plus courageux) est \u00e9galement organis\u00e9 tous les ans.<\/p>\n<\/div><\/div>\n\n\n\n<p class=\"has-text-color has-link-color wp-elements-f6c1641226918898b5e8d65797e3e94b\" style=\"color:#8dbda7\">&#8211;<\/p>\n\n\n\n<div class=\"wp-block-buttons is-content-justification-right is-layout-flex wp-container-core-buttons-is-layout-765c4724 wp-block-buttons-is-layout-flex\">\n<div class=\"wp-block-button\"><a class=\"wp-block-button__link wp-element-button\" href=\"https:\/\/lesheronsdeslacs.fr\/index.php\/activites\/\">Revenir sur la page activit\u00e9s<\/a><\/div>\n<\/div>\n<\/div><\/div>\n\n\n\n<p><\/p>\n","protected":false},"excerpt":{"rendered":"<p>ENTRAINEMENTS R\u00c9P\u00c9TITIONS Rejoignez, seul(e) ou en famille, notre \u00e9quipe jeune et dynamique. &#8211; Nos r\u00e9p\u00e9titions ont lieu : &#8211; Toutes les personnes qui montent sur \u00e9chasses peuvent \u00e9galement participer aux&nbsp;Courses et &hellip;<\/p>\n","protected":false},"author":1,"featured_media":0,"parent":0,"menu_order":0,"comment_status":"closed","ping_status":"closed","template":"","meta":{"advgb_blocks_editor_width":"","advgb_blocks_columns_visual_guide":"","footnotes":""},"class_list":["post-110","page","type-page","status-publish","hentry"],"coauthors":[],"author_meta":{"author_link":"https:\/\/lesheronsdeslacs.fr\/index.php\/author\/lesheron\/","display_name":"lesheron"},"relative_dates":{"created":"Publi\u00e9 2 ans il y a","modified":"Mis \u00e0 jour 4 mois il y a"},"absolute_dates":{"created":"Publi\u00e9 le 28 janvier 2024","modified":"Mise \u00e0 jour le 29 d\u00e9cembre 2025"},"absolute_dates_time":{"created":"Publi\u00e9 le 28 janvier 2024 17h52","modified":"Mise \u00e0 jour le 29 d\u00e9cembre 2025 14h07"},"featured_img_caption":"","featured_img":false,"series_order":"","_links":{"self":[{"href":"https:\/\/lesheronsdeslacs.fr\/index.php\/wp-json\/wp\/v2\/pages\/110","targetHints":{"allow":["GET"]}}],"collection":[{"href":"https:\/\/lesheronsdeslacs.fr\/index.php\/wp-json\/wp\/v2\/pages"}],"about":[{"href":"https:\/\/lesheronsdeslacs.fr\/index.php\/wp-json\/wp\/v2\/types\/page"}],"author":[{"embeddable":true,"href":"https:\/\/lesheronsdeslacs.fr\/index.php\/wp-json\/wp\/v2\/users\/1"}],"replies":[{"embeddable":true,"href":"https:\/\/lesheronsdeslacs.fr\/index.php\/wp-json\/wp\/v2\/comments?post=110"}],"version-history":[{"count":13,"href":"https:\/\/lesheronsdeslacs.fr\/index.php\/wp-json\/wp\/v2\/pages\/110\/revisions"}],"predecessor-version":[{"id":1693,"href":"https:\/\/lesheronsdeslacs.fr\/index.php\/wp-json\/wp\/v2\/pages\/110\/revisions\/1693"}],"wp:attachment":[{"href":"https:\/\/lesheronsdeslacs.fr\/index.php\/wp-json\/wp\/v2\/media?parent=110"}],"curies":[{"name":"wp","href":"https:\/\/api.w.org\/{rel}","templated":true}]}}