{"id":1220,"date":"2024-05-15T15:06:00","date_gmt":"2024-05-15T13:06:00","guid":{"rendered":"https:\/\/lesheronsdeslacs.fr\/?page_id=1220"},"modified":"2026-01-12T18:58:33","modified_gmt":"2026-01-12T17:58:33","slug":"mecenat","status":"publish","type":"page","link":"https:\/\/lesheronsdeslacs.fr\/index.php\/mecenat\/","title":{"rendered":"M\u00e9c\u00e9nat"},"content":{"rendered":"\n<div class=\"wp-block-cover alignfull has-parallax\" style=\"min-height:100vh;aspect-ratio:unset;\"><div class=\"wp-block-cover__image-background wp-image-1265 has-parallax\" style=\"background-position:50% 50%;background-image:url(https:\/\/lesheronsdeslacs.fr\/wp-content\/uploads\/DSCF0906-scaled.jpg)\"><\/div><span aria-hidden=\"true\" class=\"wp-block-cover__background has-background-dim-40 has-background-dim\" style=\"background-color:#000000\"><\/span><div class=\"wp-block-cover__inner-container is-layout-flow wp-block-cover-is-layout-flow\">\n<h2 class=\"wp-block-heading alignwide has-white-color has-text-color\" id=\"mecenat-les-herons-des-lacs-6b89e492-0403-42b3-b404-22ed2bc3a929\" style=\"font-size:48px;line-height:1.2\"><strong><em>M\u00e9c\u00e9nat \u00ab\u00a0Les H\u00e9rons des Lacs\u00a0\u00bb<\/em><\/strong><br><\/h2>\n\n\n\n<div class=\"wp-block-media-text has-media-on-the-right is-stacked-on-mobile\" style=\"grid-template-columns:auto 15%\"><div class=\"wp-block-media-text__content\">\n<p><\/p>\n<\/div><figure class=\"wp-block-media-text__media\"><a href=\"https:\/\/lesheronsdeslacs.fr\/index.php\/mecenat-2\/\"><img loading=\"lazy\" decoding=\"async\" width=\"585\" height=\"192\" src=\"http:\/\/lesheronsdeslacs.fr\/wp-content\/uploads\/Bouton-OCCITAN-GASCONpages.png\" alt=\"\" class=\"wp-image-1126 size-full\" srcset=\"https:\/\/lesheronsdeslacs.fr\/wp-content\/uploads\/Bouton-OCCITAN-GASCONpages.png 585w, https:\/\/lesheronsdeslacs.fr\/wp-content\/uploads\/Bouton-OCCITAN-GASCONpages-389x128.png 389w\" sizes=\"auto, (max-width: 585px) 100vw, 585px\" \/><\/a><\/figure><\/div>\n\n\n\n<div class=\"wp-block-columns alignwide is-layout-flex wp-container-core-columns-is-layout-9d6595d7 wp-block-columns-is-layout-flex\">\n<div class=\"wp-block-column is-vertically-aligned-center is-layout-flow wp-block-column-is-layout-flow\" style=\"flex-basis:60%\">\n<p class=\"has-sitebg-color has-text-color has-link-color wp-elements-42affcf7732a56007911a0d81a98b241\">Soutenez les H\u00e9rons des Lacs en devenant m\u00e9c\u00e8ne et accompagnez&nbsp;les jeunes dans leur apprentissage des \u00e9chasses. Gr\u00e2ce \u00e0 vous, notre association pourra continuer \u00e0 transmettre aux enfants et \u00e0 diffuser les traditions du terroir landais.<\/p>\n\n\n\n<p class=\"has-text-color\" style=\"color:#ffffff\">DOSSIER DE M\u00c9C\u00c9NAT :<\/p>\n<\/div>\n<\/div>\n\n\n\n<p class=\"has-headings-color has-text-color has-link-color wp-elements-a4943e0902b9f4b2ed83a8dc803d16ed\">.<\/p>\n\n\n\n<p class=\"has-headings-color has-text-color has-link-color wp-elements-a4943e0902b9f4b2ed83a8dc803d16ed\">.<\/p>\n\n\n\n<p class=\"has-headings-color has-text-color has-link-color wp-elements-a4943e0902b9f4b2ed83a8dc803d16ed\">.<\/p>\n\n\n\n<p class=\"has-headings-color has-text-color has-link-color wp-elements-a4943e0902b9f4b2ed83a8dc803d16ed\">.<\/p>\n\n\n\n<p class=\"has-headings-color has-text-color has-link-color wp-elements-a4943e0902b9f4b2ed83a8dc803d16ed\">.<\/p>\n\n\n\n<p><\/p>\n\n\n\n<p><\/p>\n\n\n\n<p><\/p>\n\n\n\n<p class=\"has-text-align-center\">Vous d\u00e9sirez soutenir Les H\u00e9rons des Lacs. Retrouvez CI-DESSOUS le dossier \u00e0 t\u00e9l\u00e9charger.<\/p>\n\n\n\n<div class=\"wp-block-buttons is-content-justification-center is-layout-flex wp-container-core-buttons-is-layout-d9cd0f1e wp-block-buttons-is-layout-flex\">\n<div class=\"wp-block-button is-style-outline is-style-outline--1\"><a class=\"wp-block-button__link has-text-color has-background wp-element-button\" href=\"http:\/\/lesheronsdeslacs.fr\/wp-content\/uploads\/Livret-dossier-mecenat-03-05-24.pdf\" style=\"color:#ffffff;background-color:#000000\">T\u00e9l\u00e9chargez le PDF<\/a><\/div>\n<\/div>\n<\/div><\/div>\n\n\n\n<div class=\"wp-block-media-text is-stacked-on-mobile\"><figure class=\"wp-block-media-text__media\"><img loading=\"lazy\" decoding=\"async\" width=\"1024\" height=\"768\" src=\"http:\/\/lesheronsdeslacs.fr\/wp-content\/uploads\/P9010073-1024x768.jpg\" alt=\"\" class=\"wp-image-1246 size-full\" srcset=\"https:\/\/lesheronsdeslacs.fr\/wp-content\/uploads\/P9010073-1024x768.jpg 1024w, https:\/\/lesheronsdeslacs.fr\/wp-content\/uploads\/P9010073-768x576.jpg 768w, https:\/\/lesheronsdeslacs.fr\/wp-content\/uploads\/P9010073-1536x1152.jpg 1536w, https:\/\/lesheronsdeslacs.fr\/wp-content\/uploads\/P9010073-2048x1536.jpg 2048w, https:\/\/lesheronsdeslacs.fr\/wp-content\/uploads\/P9010073-389x292.jpg 389w\" sizes=\"auto, (max-width: 1024px) 100vw, 1024px\" \/><\/figure><div class=\"wp-block-media-text__content\">\n<h2 class=\"wp-block-heading\">Pourquoi soutenir Les H\u00e9rons des Lacs ?<\/h2>\n\n\n\n<ul class=\"wp-block-list\">\n<li>T\u00e9moigner de votre engagement autour des valeurs qui sont les n\u00f4tres :\n<ul class=\"wp-block-list\">\n<li><strong>Dynamisme culturel du territoire landais,<\/strong><\/li>\n\n\n\n<li><strong>Faire perdurer les arts et les traditions landaises,<\/strong><\/li>\n<\/ul>\n<\/li>\n<\/ul>\n\n\n\n<ul class=\"wp-block-list\">\n<li>Apporter \u00e0 votre entreprise une image dynamique et impliqu\u00e9e dans la vie locale, sociale et culturelle de la r\u00e9gion en attribuant des fonds de dotation au profit des projets de d\u00e9veloppement de l\u2019Association des H\u00e9rons des Lacs.<\/li>\n\n\n\n<li>Nous permettre d\u2019avoir les moyens de continuer \u00e0 transmettre et de diffuser les traditions du terroir landais<\/li>\n<\/ul>\n<\/div><\/div>\n\n\n\n<h1 class=\"wp-block-heading\"><strong>ILS NOUS SOUTIENNENT !<\/strong><\/h1>\n\n\n\n<figure class=\"wp-block-gallery has-nested-images columns-default is-cropped wp-block-gallery-2 is-layout-flex wp-block-gallery-is-layout-flex\">\n<figure class=\"wp-block-image size-large\"><img loading=\"lazy\" decoding=\"async\" width=\"1024\" height=\"566\" data-id=\"1121\" src=\"https:\/\/lesheronsdeslacs.fr\/wp-content\/uploads\/biscarrosse-Production-1024x566.jpg\" alt=\"\" class=\"wp-image-1121\" srcset=\"https:\/\/lesheronsdeslacs.fr\/wp-content\/uploads\/biscarrosse-Production-1024x566.jpg 1024w, https:\/\/lesheronsdeslacs.fr\/wp-content\/uploads\/biscarrosse-Production-768x425.jpg 768w, https:\/\/lesheronsdeslacs.fr\/wp-content\/uploads\/biscarrosse-Production-1536x850.jpg 1536w, https:\/\/lesheronsdeslacs.fr\/wp-content\/uploads\/biscarrosse-Production-2048x1133.jpg 2048w, https:\/\/lesheronsdeslacs.fr\/wp-content\/uploads\/biscarrosse-Production-389x215.jpg 389w\" sizes=\"auto, (max-width: 1024px) 100vw, 1024px\" \/><\/figure>\n\n\n\n<figure class=\"wp-block-image size-large\"><img loading=\"lazy\" decoding=\"async\" width=\"1024\" height=\"566\" data-id=\"186\" src=\"https:\/\/lesheronsdeslacs.fr\/wp-content\/uploads\/ot-biscarrosse-1-1024x566.jpg\" alt=\"\" class=\"wp-image-186\" srcset=\"https:\/\/lesheronsdeslacs.fr\/wp-content\/uploads\/ot-biscarrosse-1-1024x566.jpg 1024w, https:\/\/lesheronsdeslacs.fr\/wp-content\/uploads\/ot-biscarrosse-1-768x425.jpg 768w, https:\/\/lesheronsdeslacs.fr\/wp-content\/uploads\/ot-biscarrosse-1-1536x850.jpg 1536w, https:\/\/lesheronsdeslacs.fr\/wp-content\/uploads\/ot-biscarrosse-1-2048x1133.jpg 2048w, https:\/\/lesheronsdeslacs.fr\/wp-content\/uploads\/ot-biscarrosse-1-421x233.jpg 421w\" sizes=\"auto, (max-width: 1024px) 100vw, 1024px\" \/><\/figure>\n\n\n\n<figure class=\"wp-block-image size-large\"><img loading=\"lazy\" decoding=\"async\" width=\"1024\" height=\"566\" data-id=\"166\" src=\"https:\/\/lesheronsdeslacs.fr\/wp-content\/uploads\/FGFL-echasses-1024x566.jpg\" alt=\"\" class=\"wp-image-166\" srcset=\"https:\/\/lesheronsdeslacs.fr\/wp-content\/uploads\/FGFL-echasses-1024x566.jpg 1024w, https:\/\/lesheronsdeslacs.fr\/wp-content\/uploads\/FGFL-echasses-768x425.jpg 768w, https:\/\/lesheronsdeslacs.fr\/wp-content\/uploads\/FGFL-echasses-1536x850.jpg 1536w, https:\/\/lesheronsdeslacs.fr\/wp-content\/uploads\/FGFL-echasses-2048x1133.jpg 2048w, https:\/\/lesheronsdeslacs.fr\/wp-content\/uploads\/FGFL-echasses-421x233.jpg 421w\" sizes=\"auto, (max-width: 1024px) 100vw, 1024px\" \/><\/figure>\n\n\n\n<figure class=\"wp-block-image size-large\"><img loading=\"lazy\" decoding=\"async\" width=\"494\" height=\"281\" data-id=\"1702\" src=\"https:\/\/lesheronsdeslacs.fr\/wp-content\/uploads\/renault-panneau-bisca-1.png\" alt=\"\" class=\"wp-image-1702\" srcset=\"https:\/\/lesheronsdeslacs.fr\/wp-content\/uploads\/renault-panneau-bisca-1.png 494w, https:\/\/lesheronsdeslacs.fr\/wp-content\/uploads\/renault-panneau-bisca-1-389x221.png 389w\" sizes=\"auto, (max-width: 494px) 100vw, 494px\" \/><\/figure>\n\n\n\n<figure class=\"wp-block-image size-large\"><img loading=\"lazy\" decoding=\"async\" width=\"1024\" height=\"566\" data-id=\"874\" src=\"https:\/\/lesheronsdeslacs.fr\/wp-content\/uploads\/Ldesign33-1024x566.jpg\" alt=\"\" class=\"wp-image-874\" srcset=\"https:\/\/lesheronsdeslacs.fr\/wp-content\/uploads\/Ldesign33-1024x566.jpg 1024w, https:\/\/lesheronsdeslacs.fr\/wp-content\/uploads\/Ldesign33-768x425.jpg 768w, https:\/\/lesheronsdeslacs.fr\/wp-content\/uploads\/Ldesign33-1536x850.jpg 1536w, https:\/\/lesheronsdeslacs.fr\/wp-content\/uploads\/Ldesign33-2048x1133.jpg 2048w, https:\/\/lesheronsdeslacs.fr\/wp-content\/uploads\/Ldesign33-389x215.jpg 389w\" sizes=\"auto, (max-width: 1024px) 100vw, 1024px\" \/><\/figure>\n\n\n\n<figure class=\"wp-block-image size-large\"><img loading=\"lazy\" decoding=\"async\" width=\"1024\" height=\"566\" data-id=\"184\" src=\"https:\/\/lesheronsdeslacs.fr\/wp-content\/uploads\/landes-terres-des-possibles-1-1024x566.jpg\" alt=\"\" class=\"wp-image-184\" srcset=\"https:\/\/lesheronsdeslacs.fr\/wp-content\/uploads\/landes-terres-des-possibles-1-1024x566.jpg 1024w, https:\/\/lesheronsdeslacs.fr\/wp-content\/uploads\/landes-terres-des-possibles-1-768x425.jpg 768w, https:\/\/lesheronsdeslacs.fr\/wp-content\/uploads\/landes-terres-des-possibles-1-1536x850.jpg 1536w, https:\/\/lesheronsdeslacs.fr\/wp-content\/uploads\/landes-terres-des-possibles-1-2048x1133.jpg 2048w, https:\/\/lesheronsdeslacs.fr\/wp-content\/uploads\/landes-terres-des-possibles-1-421x233.jpg 421w\" sizes=\"auto, (max-width: 1024px) 100vw, 1024px\" \/><\/figure>\n\n\n\n<figure class=\"wp-block-image size-large\"><img loading=\"lazy\" decoding=\"async\" width=\"1024\" height=\"566\" data-id=\"1296\" src=\"https:\/\/lesheronsdeslacs.fr\/wp-content\/uploads\/Mairie-de-biscarrosse-2-1024x566.jpg\" alt=\"\" class=\"wp-image-1296\" srcset=\"https:\/\/lesheronsdeslacs.fr\/wp-content\/uploads\/Mairie-de-biscarrosse-2-1024x566.jpg 1024w, https:\/\/lesheronsdeslacs.fr\/wp-content\/uploads\/Mairie-de-biscarrosse-2-768x425.jpg 768w, https:\/\/lesheronsdeslacs.fr\/wp-content\/uploads\/Mairie-de-biscarrosse-2-1536x850.jpg 1536w, https:\/\/lesheronsdeslacs.fr\/wp-content\/uploads\/Mairie-de-biscarrosse-2-2048x1133.jpg 2048w, https:\/\/lesheronsdeslacs.fr\/wp-content\/uploads\/Mairie-de-biscarrosse-2-389x215.jpg 389w\" sizes=\"auto, (max-width: 1024px) 100vw, 1024px\" \/><\/figure>\n<\/figure>\n","protected":false},"excerpt":{"rendered":"<p>ILS NOUS SOUTIENNENT !<\/p>\n","protected":false},"author":1,"featured_media":0,"parent":0,"menu_order":0,"comment_status":"closed","ping_status":"closed","template":"","meta":{"advgb_blocks_editor_width":"","advgb_blocks_columns_visual_guide":"","footnotes":""},"class_list":["post-1220","page","type-page","status-publish","hentry"],"coauthors":[],"author_meta":{"author_link":"https:\/\/lesheronsdeslacs.fr\/index.php\/author\/lesheron\/","display_name":"lesheron"},"relative_dates":{"created":"Publi\u00e9 2 ans il y a","modified":"Mis \u00e0 jour 3 mois il y a"},"absolute_dates":{"created":"Publi\u00e9 le 15 mai 2024","modified":"Mise \u00e0 jour le 12 janvier 2026"},"absolute_dates_time":{"created":"Publi\u00e9 le 15 mai 2024 15h06","modified":"Mise \u00e0 jour le 12 janvier 2026 18h58"},"featured_img_caption":"","featured_img":false,"series_order":"","_links":{"self":[{"href":"https:\/\/lesheronsdeslacs.fr\/index.php\/wp-json\/wp\/v2\/pages\/1220","targetHints":{"allow":["GET"]}}],"collection":[{"href":"https:\/\/lesheronsdeslacs.fr\/index.php\/wp-json\/wp\/v2\/pages"}],"about":[{"href":"https:\/\/lesheronsdeslacs.fr\/index.php\/wp-json\/wp\/v2\/types\/page"}],"author":[{"embeddable":true,"href":"https:\/\/lesheronsdeslacs.fr\/index.php\/wp-json\/wp\/v2\/users\/1"}],"replies":[{"embeddable":true,"href":"https:\/\/lesheronsdeslacs.fr\/index.php\/wp-json\/wp\/v2\/comments?post=1220"}],"version-history":[{"count":18,"href":"https:\/\/lesheronsdeslacs.fr\/index.php\/wp-json\/wp\/v2\/pages\/1220\/revisions"}],"predecessor-version":[{"id":1708,"href":"https:\/\/lesheronsdeslacs.fr\/index.php\/wp-json\/wp\/v2\/pages\/1220\/revisions\/1708"}],"wp:attachment":[{"href":"https:\/\/lesheronsdeslacs.fr\/index.php\/wp-json\/wp\/v2\/media?parent=1220"}],"curies":[{"name":"wp","href":"https:\/\/api.w.org\/{rel}","templated":true}]}}