{"id":18,"date":"2024-01-28T17:05:08","date_gmt":"2024-01-28T16:05:08","guid":{"rendered":"https:\/\/lesheronsdeslacs.fr\/?page_id=18"},"modified":"2026-01-12T18:53:15","modified_gmt":"2026-01-12T17:53:15","slug":"qui-nous-sommes","status":"publish","type":"page","link":"https:\/\/lesheronsdeslacs.fr\/index.php\/qui-nous-sommes\/","title":{"rendered":"Qui sommes-nous ?"},"content":{"rendered":"<div class=\"wp-block-image\">\n<figure class=\"alignright size-full is-resized\"><img loading=\"lazy\" decoding=\"async\" width=\"585\" height=\"192\" src=\"http:\/\/lesheronsdeslacs.fr\/wp-content\/uploads\/Bouton-OCCITAN-GASCONpages.png\" alt=\"\" class=\"wp-image-1126\" style=\"width:71px;height:auto\" srcset=\"https:\/\/lesheronsdeslacs.fr\/wp-content\/uploads\/Bouton-OCCITAN-GASCONpages.png 585w, https:\/\/lesheronsdeslacs.fr\/wp-content\/uploads\/Bouton-OCCITAN-GASCONpages-389x128.png 389w\" sizes=\"auto, (max-width: 585px) 100vw, 585px\" \/><\/figure>\n<\/div>\n\n\n<h2 class=\"wp-block-heading\">Qui sommes-nous ?<\/h2>\n\n\n\n<p>Le groupe&nbsp;<strong>Les H\u00e9rons Des Lacs<\/strong>&nbsp;est une association Loi 1901 ayant pour but de maintenir et faire perdurer les Arts et Traditions populaires de la Culture landaise par la pratique des \u00e9chasses, la danse, la musique et tout autre mode d\u2019expression, mais \u00e9galement par la participation et\/ou l\u2019organisation de manifestations en France et \u00e0 l\u2019\u00c9tranger.<\/p>\n\n\n\n<p><strong>Cr\u00e9e en 2008<\/strong>&nbsp;\u00e0 l\u2019initiative de Lo\u00efc Klinger et Romain Torrecillas, notre association ne manque pas de dynamisme et d\u2019innovation dans la pratique des \u00e9chasses et la repr\u00e9sentation du folklore landais. Depuis quelques ann\u00e9es maintenant, nous avons su combiner&nbsp;<strong>traditions<\/strong>,<strong>&nbsp;performances et modernit\u00e9&nbsp;<\/strong>au sein de notre association et ainsi proposer un regard nouveau sur les \u00e9chasses en variant leurs utilisations. Aujourd\u2019hui, nous comptons plus de 90 adh\u00e9rents gr\u00e2ce auxquels nous proposons toutes sortes d\u2019animations :<\/p>\n\n\n\n<ul class=\"wp-block-list\">\n<li><strong>D\u00e9fil\u00e9s \/ parades<\/strong>,<\/li>\n\n\n\n<li><strong><a href=\"https:\/\/lesheronstest.fr\/index.php\/spectacles\/\">spectacles<\/a><\/strong>,&nbsp;<strong><a href=\"https:\/\/www.youtube.com\/watch?v=gW8Kevc4jLg&amp;t=3s\">festivals<\/a><\/strong>,<\/li>\n\n\n\n<li><strong>foires<\/strong>,<\/li>\n\n\n\n<li><strong>animations priv\u00e9es<\/strong>,<\/li>\n\n\n\n<li><strong>haies d\u2019honneur<\/strong>,<\/li>\n\n\n\n<li><strong><a href=\"https:\/\/lesheronstest.fr\/index.php\/initiations\/\">initiations aux \u00e9chasses<\/a><\/strong>&nbsp;pour petits et grands\u2026<\/li>\n<\/ul>\n\n\n\n<p>Nos \u00e9chassiers interviennent sur des spectacles de danse, des courses de vitesse, des marathons, etc. \u2026 Ajout\u00e9es \u00e0 cela, les chor\u00e9graphies r\u00e9alis\u00e9es par nos&nbsp;<strong><a href=\"https:\/\/lesheronstest.fr\/index.php\/page-d-exemple\/\">danseuses et danseurs au sol<\/a><\/strong>, dans les costumes landais du<strong>&nbsp;XIXe si\u00e8cle<\/strong>.<\/p>\n\n\n\n<h2 class=\"wp-block-heading\">L\u2019 Origine<\/h2>\n\n\n\n<p>Son nom vient du H\u00e9ron ; un&nbsp;<em>grand oiseau \u00e9chassier<\/em>&nbsp;associ\u00e9 \u00e0 la r\u00e9gion des Grands Lacs du Nord des Landes.<\/p>\n\n\n\n<p><strong>Les \u00e9chasses<\/strong>, \u00e9taient autrefois utilis\u00e9es comme outils de travail qui permettait d\u2019avoir un point de vue surplombant les troupeaux qui s\u2019\u00e9talaient sur de grandes distances. Aujourd\u2019hui, les \u00e9chasses \u00e9voluent pour devenir une activit\u00e9 artistique insolite qui regroupe habilet\u00e9 et performances.<\/p>\n\n\n\n<h2 class=\"wp-block-heading\">Comment devenir adh\u00e9rant ?<\/h2>\n\n\n\n<p>Vous voulez pratiquer un sport peu commun, procurant des sensations fortes, la pratique des \u00e9chasses est faite pour vous. Vous avez entre 7 et 77 ans, d\u00e9sirez danser au sol ou sur \u00e9chasses, jouer d\u2019un instrument de musique ou tout simplement participer \u00e0 la vie de notre association. Nous vous invitons \u00e0 partager de bons moments avec nous.<\/p>\n\n\n\n<h2 class=\"wp-block-heading\"><strong>Nos partenaires<\/strong><\/h2>\n\n\n\n<figure class=\"wp-block-gallery has-nested-images columns-default is-cropped wp-block-gallery-1 is-layout-flex wp-block-gallery-is-layout-flex\">\n<figure class=\"wp-block-image size-full\"><img loading=\"lazy\" decoding=\"async\" width=\"500\" height=\"500\" data-id=\"1699\" src=\"http:\/\/lesheronsdeslacs.fr\/wp-content\/uploads\/Logo_Biscarrosse.png\" alt=\"\" class=\"wp-image-1699\" srcset=\"https:\/\/lesheronsdeslacs.fr\/wp-content\/uploads\/Logo_Biscarrosse.png 500w, https:\/\/lesheronsdeslacs.fr\/wp-content\/uploads\/Logo_Biscarrosse-320x320.png 320w\" sizes=\"auto, (max-width: 500px) 100vw, 500px\" \/><\/figure>\n\n\n\n<figure class=\"wp-block-image size-large\"><a href=\"https:\/\/www.fgfl.fr\/\" target=\"_blank\" rel=\"noreferrer noopener\"><img loading=\"lazy\" decoding=\"async\" width=\"1024\" height=\"566\" data-id=\"182\" src=\"https:\/\/lesheronsdeslacs.fr\/wp-content\/uploads\/FGFL-echasses-1-1024x566.jpg\" alt=\"\" class=\"wp-image-182\" srcset=\"https:\/\/lesheronsdeslacs.fr\/wp-content\/uploads\/FGFL-echasses-1-1024x566.jpg 1024w, https:\/\/lesheronsdeslacs.fr\/wp-content\/uploads\/FGFL-echasses-1-768x425.jpg 768w, https:\/\/lesheronsdeslacs.fr\/wp-content\/uploads\/FGFL-echasses-1-1536x850.jpg 1536w, https:\/\/lesheronsdeslacs.fr\/wp-content\/uploads\/FGFL-echasses-1-2048x1133.jpg 2048w, https:\/\/lesheronsdeslacs.fr\/wp-content\/uploads\/FGFL-echasses-1-421x233.jpg 421w\" sizes=\"auto, (max-width: 1024px) 100vw, 1024px\" \/><\/a><\/figure>\n\n\n\n<figure class=\"wp-block-image size-large\"><a href=\"https:\/\/www.biscarrosse.tv\/?menu=2&amp;numero=2&amp;id=87&amp;modez=reponses\" target=\"_blank\" rel=\"noreferrer noopener\"><img loading=\"lazy\" decoding=\"async\" width=\"1024\" height=\"566\" data-id=\"187\" src=\"https:\/\/lesheronsdeslacs.fr\/wp-content\/uploads\/Biscarrosse-TV-1-1024x566.jpg\" alt=\"\" class=\"wp-image-187\" srcset=\"https:\/\/lesheronsdeslacs.fr\/wp-content\/uploads\/Biscarrosse-TV-1-1024x566.jpg 1024w, https:\/\/lesheronsdeslacs.fr\/wp-content\/uploads\/Biscarrosse-TV-1-768x425.jpg 768w, https:\/\/lesheronsdeslacs.fr\/wp-content\/uploads\/Biscarrosse-TV-1-1536x850.jpg 1536w, https:\/\/lesheronsdeslacs.fr\/wp-content\/uploads\/Biscarrosse-TV-1-2048x1133.jpg 2048w, https:\/\/lesheronsdeslacs.fr\/wp-content\/uploads\/Biscarrosse-TV-1-421x233.jpg 421w\" sizes=\"auto, (max-width: 1024px) 100vw, 1024px\" \/><\/a><\/figure>\n\n\n\n<figure class=\"wp-block-image size-large\"><a href=\"https:\/\/www.tourismelandes.com\/activite\/les-herons-des-lacs-ascaqu040fs000ve\/\" target=\"_blank\" rel=\"noreferrer noopener\"><img loading=\"lazy\" decoding=\"async\" width=\"1024\" height=\"566\" data-id=\"184\" src=\"https:\/\/lesheronsdeslacs.fr\/wp-content\/uploads\/landes-terres-des-possibles-1-1024x566.jpg\" alt=\"\" class=\"wp-image-184\" srcset=\"https:\/\/lesheronsdeslacs.fr\/wp-content\/uploads\/landes-terres-des-possibles-1-1024x566.jpg 1024w, https:\/\/lesheronsdeslacs.fr\/wp-content\/uploads\/landes-terres-des-possibles-1-768x425.jpg 768w, https:\/\/lesheronsdeslacs.fr\/wp-content\/uploads\/landes-terres-des-possibles-1-1536x850.jpg 1536w, https:\/\/lesheronsdeslacs.fr\/wp-content\/uploads\/landes-terres-des-possibles-1-2048x1133.jpg 2048w, https:\/\/lesheronsdeslacs.fr\/wp-content\/uploads\/landes-terres-des-possibles-1-421x233.jpg 421w\" sizes=\"auto, (max-width: 1024px) 100vw, 1024px\" \/><\/a><\/figure>\n\n\n\n<figure class=\"wp-block-image size-large\"><a href=\"https:\/\/budgetparticipatif.landes.fr\/dialog\/budget-participatif-2019\/proposal\/developper-la-pratique-des-echasses\" target=\"_blank\" rel=\"noreferrer noopener\"><img loading=\"lazy\" decoding=\"async\" width=\"1024\" height=\"566\" data-id=\"183\" src=\"https:\/\/lesheronsdeslacs.fr\/wp-content\/uploads\/Departement-des-Landes-1-1024x566.jpg\" alt=\"\" class=\"wp-image-183\" srcset=\"https:\/\/lesheronsdeslacs.fr\/wp-content\/uploads\/Departement-des-Landes-1-1024x566.jpg 1024w, https:\/\/lesheronsdeslacs.fr\/wp-content\/uploads\/Departement-des-Landes-1-768x425.jpg 768w, https:\/\/lesheronsdeslacs.fr\/wp-content\/uploads\/Departement-des-Landes-1-1536x850.jpg 1536w, https:\/\/lesheronsdeslacs.fr\/wp-content\/uploads\/Departement-des-Landes-1-2048x1133.jpg 2048w, https:\/\/lesheronsdeslacs.fr\/wp-content\/uploads\/Departement-des-Landes-1-421x233.jpg 421w\" sizes=\"auto, (max-width: 1024px) 100vw, 1024px\" \/><\/a><\/figure>\n\n\n\n<figure class=\"wp-block-image size-full\"><img loading=\"lazy\" decoding=\"async\" width=\"491\" height=\"266\" data-id=\"1705\" src=\"https:\/\/lesheronsdeslacs.fr\/wp-content\/uploads\/L-DESIGN-33-Graphiste-Multimedia-SALLES-33770-1.png\" alt=\"\" class=\"wp-image-1705\" srcset=\"https:\/\/lesheronsdeslacs.fr\/wp-content\/uploads\/L-DESIGN-33-Graphiste-Multimedia-SALLES-33770-1.png 491w, https:\/\/lesheronsdeslacs.fr\/wp-content\/uploads\/L-DESIGN-33-Graphiste-Multimedia-SALLES-33770-1-389x211.png 389w\" sizes=\"auto, (max-width: 491px) 100vw, 491px\" \/><\/figure>\n\n\n\n<figure class=\"wp-block-image size-large\"><img loading=\"lazy\" decoding=\"async\" width=\"1024\" height=\"566\" data-id=\"1121\" src=\"https:\/\/lesheronsdeslacs.fr\/wp-content\/uploads\/biscarrosse-Production-1024x566.jpg\" alt=\"\" class=\"wp-image-1121\" srcset=\"https:\/\/lesheronsdeslacs.fr\/wp-content\/uploads\/biscarrosse-Production-1024x566.jpg 1024w, https:\/\/lesheronsdeslacs.fr\/wp-content\/uploads\/biscarrosse-Production-768x425.jpg 768w, https:\/\/lesheronsdeslacs.fr\/wp-content\/uploads\/biscarrosse-Production-1536x850.jpg 1536w, https:\/\/lesheronsdeslacs.fr\/wp-content\/uploads\/biscarrosse-Production-2048x1133.jpg 2048w, https:\/\/lesheronsdeslacs.fr\/wp-content\/uploads\/biscarrosse-Production-389x215.jpg 389w\" sizes=\"auto, (max-width: 1024px) 100vw, 1024px\" \/><\/figure>\n\n\n\n<figure class=\"wp-block-image size-large\"><a href=\"https:\/\/www.biscagrandslacs.com\/activites\/sur-terre\/les-herons-des-lacs\" target=\"_blank\" rel=\"noreferrer noopener\"><img loading=\"lazy\" decoding=\"async\" width=\"1024\" height=\"566\" data-id=\"186\" src=\"https:\/\/lesheronsdeslacs.fr\/wp-content\/uploads\/ot-biscarrosse-1-1024x566.jpg\" alt=\"\" class=\"wp-image-186\" srcset=\"https:\/\/lesheronsdeslacs.fr\/wp-content\/uploads\/ot-biscarrosse-1-1024x566.jpg 1024w, https:\/\/lesheronsdeslacs.fr\/wp-content\/uploads\/ot-biscarrosse-1-768x425.jpg 768w, https:\/\/lesheronsdeslacs.fr\/wp-content\/uploads\/ot-biscarrosse-1-1536x850.jpg 1536w, https:\/\/lesheronsdeslacs.fr\/wp-content\/uploads\/ot-biscarrosse-1-2048x1133.jpg 2048w, https:\/\/lesheronsdeslacs.fr\/wp-content\/uploads\/ot-biscarrosse-1-421x233.jpg 421w\" sizes=\"auto, (max-width: 1024px) 100vw, 1024px\" \/><\/a><\/figure>\n\n\n\n<figure class=\"wp-block-image size-full is-style-default\"><img loading=\"lazy\" decoding=\"async\" width=\"494\" height=\"281\" data-id=\"1702\" src=\"https:\/\/lesheronsdeslacs.fr\/wp-content\/uploads\/renault-panneau-bisca-1.png\" alt=\"\" class=\"wp-image-1702\" srcset=\"https:\/\/lesheronsdeslacs.fr\/wp-content\/uploads\/renault-panneau-bisca-1.png 494w, https:\/\/lesheronsdeslacs.fr\/wp-content\/uploads\/renault-panneau-bisca-1-389x221.png 389w\" sizes=\"auto, (max-width: 494px) 100vw, 494px\" \/><\/figure>\n<\/figure>\n\n\n\n<p><\/p>\n","protected":false},"excerpt":{"rendered":"<p>Qui sommes-nous ? Le groupe&nbsp;Les H\u00e9rons Des Lacs&nbsp;est une association Loi 1901 ayant pour but de maintenir et faire perdurer les Arts et Traditions populaires de la Culture landaise par la &hellip;<\/p>\n","protected":false},"author":1,"featured_media":122,"parent":0,"menu_order":0,"comment_status":"closed","ping_status":"closed","template":"","meta":{"advgb_blocks_editor_width":"","advgb_blocks_columns_visual_guide":"","footnotes":""},"class_list":["post-18","page","type-page","status-publish","has-post-thumbnail","hentry"],"coauthors":[],"author_meta":{"author_link":"https:\/\/lesheronsdeslacs.fr\/index.php\/author\/lesheron\/","display_name":"lesheron"},"relative_dates":{"created":"Publi\u00e9 2 ans il y a","modified":"Mis \u00e0 jour 3 mois il y a"},"absolute_dates":{"created":"Publi\u00e9 le 28 janvier 2024","modified":"Mise \u00e0 jour le 12 janvier 2026"},"absolute_dates_time":{"created":"Publi\u00e9 le 28 janvier 2024 17h05","modified":"Mise \u00e0 jour le 12 janvier 2026 18h53"},"featured_img_caption":"","featured_img":"https:\/\/lesheronsdeslacs.fr\/wp-content\/uploads\/Ecomusee_de_Marqueze_2021-3154-_Yohan_ESPIAUBE_original1-421x280.jpg","series_order":"","_links":{"self":[{"href":"https:\/\/lesheronsdeslacs.fr\/index.php\/wp-json\/wp\/v2\/pages\/18","targetHints":{"allow":["GET"]}}],"collection":[{"href":"https:\/\/lesheronsdeslacs.fr\/index.php\/wp-json\/wp\/v2\/pages"}],"about":[{"href":"https:\/\/lesheronsdeslacs.fr\/index.php\/wp-json\/wp\/v2\/types\/page"}],"author":[{"embeddable":true,"href":"https:\/\/lesheronsdeslacs.fr\/index.php\/wp-json\/wp\/v2\/users\/1"}],"replies":[{"embeddable":true,"href":"https:\/\/lesheronsdeslacs.fr\/index.php\/wp-json\/wp\/v2\/comments?post=18"}],"version-history":[{"count":13,"href":"https:\/\/lesheronsdeslacs.fr\/index.php\/wp-json\/wp\/v2\/pages\/18\/revisions"}],"predecessor-version":[{"id":1706,"href":"https:\/\/lesheronsdeslacs.fr\/index.php\/wp-json\/wp\/v2\/pages\/18\/revisions\/1706"}],"wp:featuredmedia":[{"embeddable":true,"href":"https:\/\/lesheronsdeslacs.fr\/index.php\/wp-json\/wp\/v2\/media\/122"}],"wp:attachment":[{"href":"https:\/\/lesheronsdeslacs.fr\/index.php\/wp-json\/wp\/v2\/media?parent=18"}],"curies":[{"name":"wp","href":"https:\/\/api.w.org\/{rel}","templated":true}]}}