{"id":22,"date":"2024-01-28T17:07:21","date_gmt":"2024-01-28T16:07:21","guid":{"rendered":"https:\/\/lesheronsdeslacs.fr\/?page_id=22"},"modified":"2025-12-29T14:08:59","modified_gmt":"2025-12-29T13:08:59","slug":"activites","status":"publish","type":"page","link":"https:\/\/lesheronsdeslacs.fr\/index.php\/activites\/","title":{"rendered":"Activit\u00e9s"},"content":{"rendered":"<div class=\"wp-block-image\">\n<figure class=\"alignright size-full is-resized\"><a href=\"https:\/\/lesheronsdeslacs.fr\/index.php\/activites\/\"><img loading=\"lazy\" decoding=\"async\" width=\"585\" height=\"192\" src=\"http:\/\/lesheronsdeslacs.fr\/wp-content\/uploads\/Bouton-OCCITAN-GASCONpages.png\" alt=\"\" class=\"wp-image-1126\" style=\"width:89px;height:auto\" srcset=\"https:\/\/lesheronsdeslacs.fr\/wp-content\/uploads\/Bouton-OCCITAN-GASCONpages.png 585w, https:\/\/lesheronsdeslacs.fr\/wp-content\/uploads\/Bouton-OCCITAN-GASCONpages-389x128.png 389w\" sizes=\"auto, (max-width: 585px) 100vw, 585px\" \/><\/a><\/figure>\n<\/div>\n\n\n<div class=\"wp-block-cover alignfull\"><span aria-hidden=\"true\" class=\"wp-block-cover__background has-background-dim-100 has-background-dim has-background-gradient\" style=\"background:linear-gradient(135deg,rgb(238,238,238) 0%,rgb(169,184,195) 87%)\"><\/span><div class=\"wp-block-cover__inner-container is-layout-flow wp-block-cover-is-layout-flow\">\n<div class=\"wp-block-media-text is-stacked-on-mobile is-image-fill-element\" style=\"grid-template-columns:56% auto\"><figure class=\"wp-block-media-text__media\"><img loading=\"lazy\" decoding=\"async\" width=\"960\" height=\"638\" src=\"http:\/\/lesheronsdeslacs.fr\/wp-content\/uploads\/FB_IMG_1566826854531.jpg\" alt=\"\" class=\"wp-image-571 size-full\" style=\"object-position:50% 50%\" srcset=\"https:\/\/lesheronsdeslacs.fr\/wp-content\/uploads\/FB_IMG_1566826854531.jpg 960w, https:\/\/lesheronsdeslacs.fr\/wp-content\/uploads\/FB_IMG_1566826854531-768x510.jpg 768w, https:\/\/lesheronsdeslacs.fr\/wp-content\/uploads\/FB_IMG_1566826854531-421x280.jpg 421w\" sizes=\"auto, (max-width: 960px) 100vw, 960px\" \/><\/figure><div class=\"wp-block-media-text__content\">\n<h2 class=\"wp-block-heading has-text-color\" style=\"color:#000000;font-size:32px\"><strong>Spectacles<\/strong><\/h2>\n\n\n\n<p class=\"has-text-color\" style=\"color:#000000;font-size:17px\">Notre association propose des spectacles de&nbsp;<strong>danses traditionnelles Landaises<\/strong>&nbsp;au sol et sur \u00e9chasses.<\/p>\n\n\n\n<div class=\"wp-block-buttons is-layout-flex wp-block-buttons-is-layout-flex\">\n<div class=\"wp-block-button is-style-fill\"><a class=\"wp-block-button__link wp-element-button\" href=\"https:\/\/lesheronsdeslacs.fr\/index.php\/spectacles\/\">EN SAVOIR PLUS<\/a><\/div>\n<\/div>\n<\/div><\/div>\n\n\n\n<p class=\"has-sitebg-color has-text-color has-link-color wp-elements-cde72ab7d2566fbc26339a9567ec3a57\">&#8211;<\/p>\n\n\n\n<div class=\"wp-block-media-text is-stacked-on-mobile is-image-fill-element\" style=\"grid-template-columns:56% auto\"><figure class=\"wp-block-media-text__media\"><img loading=\"lazy\" decoding=\"async\" width=\"1024\" height=\"462\" src=\"http:\/\/lesheronsdeslacs.fr\/wp-content\/uploads\/353822017_641258728025327_7388883163082447432_n-1024x462.jpg\" alt=\"\" class=\"wp-image-466 size-full\" style=\"object-position:50% 50%\" srcset=\"https:\/\/lesheronsdeslacs.fr\/wp-content\/uploads\/353822017_641258728025327_7388883163082447432_n-1024x462.jpg 1024w, https:\/\/lesheronsdeslacs.fr\/wp-content\/uploads\/353822017_641258728025327_7388883163082447432_n-768x346.jpg 768w, https:\/\/lesheronsdeslacs.fr\/wp-content\/uploads\/353822017_641258728025327_7388883163082447432_n-421x190.jpg 421w, https:\/\/lesheronsdeslacs.fr\/wp-content\/uploads\/353822017_641258728025327_7388883163082447432_n.jpg 1420w\" sizes=\"auto, (max-width: 1024px) 100vw, 1024px\" \/><\/figure><div class=\"wp-block-media-text__content\">\n<h2 class=\"wp-block-heading has-text-color\" style=\"color:#000000;font-size:32px\"><strong>Initiations<\/strong><\/h2>\n\n\n\n<div class=\"wp-block-group\"><div class=\"wp-block-group__inner-container is-layout-constrained wp-block-group-is-layout-constrained\">\n<div class=\"wp-block-group is-vertical is-layout-flex wp-container-core-group-is-layout-8cf370e7 wp-block-group-is-layout-flex\">\n<p class=\"has-accent-2-color has-text-color has-link-color has-normal-font-size wp-elements-12f8584923dd87ee25a64b96ebd5ad8c\">Tarif unique de 7\u20ac\/personne<\/p>\n\n\n\n<p class=\"has-accent-2-color has-text-color has-link-color has-normal-font-size wp-elements-2cee7d1f2db6861c18ae54ccb5d55a5b\">R\u00e9servation sur&nbsp;<strong><a href=\"https:\/\/www.biscagrandslacs.com\/activites\/sur-terre\/les-herons-des-lacs\">Bisca Grands Lacs&nbsp;<\/a><\/strong><\/p>\n\n\n\n<p class=\"has-accent-2-color has-text-color has-link-color has-normal-font-size wp-elements-646abbdc5238743864e78df8dcf63194\">ou par t\u00e9l\u00e9phone au <strong>07 81 17 45 15 <\/strong><\/p>\n<\/div>\n<\/div><\/div>\n\n\n\n<div class=\"wp-block-buttons is-layout-flex wp-block-buttons-is-layout-flex\">\n<div class=\"wp-block-button is-style-fill\"><a class=\"wp-block-button__link wp-element-button\" href=\"https:\/\/lesheronsdeslacs.fr\/index.php\/initiations\/\">EN SAVOIR PLUS<\/a><\/div>\n<\/div>\n<\/div><\/div>\n\n\n\n<p>&#8211;<\/p>\n\n\n\n<div class=\"wp-block-media-text is-stacked-on-mobile is-vertically-aligned-center is-image-fill-element\" style=\"grid-template-columns:56% auto\"><figure class=\"wp-block-media-text__media\"><img loading=\"lazy\" decoding=\"async\" width=\"1024\" height=\"682\" src=\"http:\/\/lesheronsdeslacs.fr\/wp-content\/uploads\/19024972_1325018204220547_785441751230253351_o-1024x682-1.jpg\" alt=\"\" class=\"wp-image-689 size-full\" style=\"object-position:50% 50%\" srcset=\"https:\/\/lesheronsdeslacs.fr\/wp-content\/uploads\/19024972_1325018204220547_785441751230253351_o-1024x682-1.jpg 1024w, https:\/\/lesheronsdeslacs.fr\/wp-content\/uploads\/19024972_1325018204220547_785441751230253351_o-1024x682-1-768x512.jpg 768w, https:\/\/lesheronsdeslacs.fr\/wp-content\/uploads\/19024972_1325018204220547_785441751230253351_o-1024x682-1-389x259.jpg 389w\" sizes=\"auto, (max-width: 1024px) 100vw, 1024px\" \/><\/figure><div class=\"wp-block-media-text__content\">\n<h2 class=\"wp-block-heading has-text-color\" style=\"color:#000000;font-size:32px\"><strong>Athl\u00e9chasse<\/strong><\/h2>\n\n\n\n<p class=\"has-text-color\" style=\"color:#000000;font-size:17px\">C\u2019est une pratique m\u00ealant la tradition des<strong>&nbsp;\u00e9chasses landaises<\/strong>&nbsp;en bois \u00e0 des <strong>\u00e9preuves classiques d\u2019athl\u00e9tisme<\/strong>.<\/p>\n\n\n\n<div class=\"wp-block-buttons is-layout-flex wp-block-buttons-is-layout-flex\">\n<div class=\"wp-block-button is-style-fill\"><a class=\"wp-block-button__link wp-element-button\" href=\"https:\/\/lesheronsdeslacs.fr\/index.php\/athlechasse\/\">EN SAVOIR PLUS<\/a><\/div>\n<\/div>\n<\/div><\/div>\n\n\n\n<p>&#8211;<\/p>\n\n\n\n<div class=\"wp-block-media-text is-stacked-on-mobile is-vertically-aligned-center is-image-fill-element\" style=\"grid-template-columns:56% auto\"><figure class=\"wp-block-media-text__media\"><img loading=\"lazy\" decoding=\"async\" width=\"1024\" height=\"705\" src=\"http:\/\/lesheronsdeslacs.fr\/wp-content\/uploads\/2024\/01\/D854726-1024x705.jpg\" alt=\"\" class=\"wp-image-99 size-full\" style=\"object-position:50% 50%\" srcset=\"https:\/\/lesheronsdeslacs.fr\/wp-content\/uploads\/2024\/01\/D854726-1024x705.jpg 1024w, https:\/\/lesheronsdeslacs.fr\/wp-content\/uploads\/2024\/01\/D854726-768x528.jpg 768w, https:\/\/lesheronsdeslacs.fr\/wp-content\/uploads\/2024\/01\/D854726-1536x1057.jpg 1536w\" sizes=\"auto, (max-width: 1024px) 100vw, 1024px\" \/><\/figure><div class=\"wp-block-media-text__content\">\n<h2 class=\"wp-block-heading has-text-color\" style=\"color:#000000;font-size:32px\"><strong>Ev\u00e8nements<\/strong><\/h2>\n\n\n\n<p class=\"has-text-color\" style=\"color:#000000;font-size:17px\"><strong>Festivals, mariages, foires, et initiations aux \u00e9chasses<\/strong>&#8230; <\/p>\n\n\n\n<p class=\"has-text-color\" style=\"color:#000000;font-size:17px\">Nous pouvons \u00e9galement effectuer un&nbsp;<strong>simple d\u00e9fil\u00e9 et jusqu\u2019\u00e0 1h30 de spectacle dansant,<\/strong>&nbsp;en France et \u00e0 l\u2019\u00e9trangers.<\/p>\n\n\n\n<div class=\"wp-block-buttons is-layout-flex wp-block-buttons-is-layout-flex\">\n<div class=\"wp-block-button is-style-fill\"><a class=\"wp-block-button__link wp-element-button\" href=\"https:\/\/lesheronsdeslacs.fr\/index.php\/evenements\/\" target=\"_blank\" rel=\"noreferrer noopener\">EN SAVOIR PLUS<\/a><\/div>\n<\/div>\n<\/div><\/div>\n\n\n\n<p>&#8211;<\/p>\n\n\n\n<div class=\"wp-block-media-text is-stacked-on-mobile is-vertically-aligned-center is-image-fill-element\" style=\"grid-template-columns:56% auto\"><figure class=\"wp-block-media-text__media\"><img loading=\"lazy\" decoding=\"async\" width=\"1024\" height=\"577\" src=\"http:\/\/lesheronsdeslacs.fr\/wp-content\/uploads\/20230107_201118-1024x577.jpg\" alt=\"\" class=\"wp-image-206 size-full\" style=\"object-position:50% 50%\" srcset=\"https:\/\/lesheronsdeslacs.fr\/wp-content\/uploads\/20230107_201118-1024x577.jpg 1024w, https:\/\/lesheronsdeslacs.fr\/wp-content\/uploads\/20230107_201118-768x432.jpg 768w, https:\/\/lesheronsdeslacs.fr\/wp-content\/uploads\/20230107_201118-1536x865.jpg 1536w, https:\/\/lesheronsdeslacs.fr\/wp-content\/uploads\/20230107_201118-421x237.jpg 421w, https:\/\/lesheronsdeslacs.fr\/wp-content\/uploads\/20230107_201118.jpg 1632w\" sizes=\"auto, (max-width: 1024px) 100vw, 1024px\" \/><\/figure><div class=\"wp-block-media-text__content\">\n<h2 class=\"wp-block-heading has-text-color\" style=\"color:#000000;font-size:32px\"><strong>Entra\u00eenements<\/strong><\/h2>\n\n\n\n<p class=\"has-accent-2-color has-text-color has-link-color wp-elements-86f952e3fe1a324a0b5f72b08680725b\">Rejoignez, <strong>seul(e) ou en famille,<\/strong> notre \u00e9quipe jeune et dynamique.<\/p>\n\n\n\n<p class=\"has-accent-2-color has-text-color has-link-color wp-elements-457f13ecbe86c6b78a7b90f2c3cb3f9a\">Nos r\u00e9p\u00e9titions ont lieu :<\/p>\n\n\n\n<div class=\"wp-block-buttons is-layout-flex wp-block-buttons-is-layout-flex\">\n<div class=\"wp-block-button is-style-fill\"><a class=\"wp-block-button__link wp-element-button\" href=\"https:\/\/lesheronsdeslacs.fr\/index.php\/entrainements\/\">EN SAVOIR PLUS<\/a><\/div>\n<\/div>\n<\/div><\/div>\n\n\n\n<p>&#8211;<\/p>\n\n\n\n<div class=\"wp-block-media-text is-stacked-on-mobile is-vertically-aligned-center is-image-fill-element\" style=\"grid-template-columns:56% auto\"><figure class=\"wp-block-media-text__media\"><img loading=\"lazy\" decoding=\"async\" width=\"1024\" height=\"498\" src=\"http:\/\/lesheronsdeslacs.fr\/wp-content\/uploads\/20231014_160226-scaled-1-1024x498.jpg\" alt=\"\" class=\"wp-image-703 size-full\" style=\"object-position:50% 50%\" srcset=\"https:\/\/lesheronsdeslacs.fr\/wp-content\/uploads\/20231014_160226-scaled-1-1024x498.jpg 1024w, https:\/\/lesheronsdeslacs.fr\/wp-content\/uploads\/20231014_160226-scaled-1-768x373.jpg 768w, https:\/\/lesheronsdeslacs.fr\/wp-content\/uploads\/20231014_160226-scaled-1-1536x746.jpg 1536w, https:\/\/lesheronsdeslacs.fr\/wp-content\/uploads\/20231014_160226-scaled-1-2048x995.jpg 2048w, https:\/\/lesheronsdeslacs.fr\/wp-content\/uploads\/20231014_160226-scaled-1-389x189.jpg 389w\" sizes=\"auto, (max-width: 1024px) 100vw, 1024px\" \/><\/figure><div class=\"wp-block-media-text__content\">\n<h2 class=\"wp-block-heading has-text-color\" style=\"color:#000000;font-size:32px\"><strong>Fabrication des \u00e9chasses<\/strong><\/h2>\n\n\n\n<p class=\"has-text-color\" style=\"color:#000000;font-size:17px\">L\u2019association dispose d\u2019un <strong>atelier de menuiserie<\/strong> pour la fabrication de ses propres \u00e9chasses.<\/p>\n\n\n\n<div class=\"wp-block-buttons is-layout-flex wp-block-buttons-is-layout-flex\">\n<div class=\"wp-block-button is-style-fill\"><a class=\"wp-block-button__link wp-element-button\" href=\"https:\/\/lesheronsdeslacs.fr\/index.php\/fabrication-des-echasses\/\">EN SAVOIR PLUS<\/a><\/div>\n<\/div>\n<\/div><\/div>\n\n\n\n<p>&#8211;<\/p>\n\n\n\n<div class=\"wp-block-media-text is-stacked-on-mobile is-vertically-aligned-center is-image-fill-element\" style=\"grid-template-columns:56% auto\"><figure class=\"wp-block-media-text__media\"><img loading=\"lazy\" decoding=\"async\" width=\"396\" height=\"640\" src=\"http:\/\/lesheronsdeslacs.fr\/wp-content\/uploads\/les_herons_des_lacs-6.jpg\" alt=\"\" class=\"wp-image-306 size-full\" style=\"object-position:50% 50%\" srcset=\"https:\/\/lesheronsdeslacs.fr\/wp-content\/uploads\/les_herons_des_lacs-6.jpg 396w, https:\/\/lesheronsdeslacs.fr\/wp-content\/uploads\/les_herons_des_lacs-6-186x300.jpg 186w\" sizes=\"auto, (max-width: 396px) 100vw, 396px\" \/><\/figure><div class=\"wp-block-media-text__content\">\n<h2 class=\"wp-block-heading has-text-color\" style=\"color:#000000;font-size:32px\"><strong>Groupe de musiciens<\/strong><\/h2>\n\n\n\n<p class=\"has-text-color\" style=\"color:#000000;font-size:17px\">Notre association propose des spectacles de&nbsp;<strong>danses traditionnelles Landaises<\/strong>&nbsp;au sol et sur \u00e9chasses.<\/p>\n\n\n\n<div class=\"wp-block-buttons is-layout-flex wp-block-buttons-is-layout-flex\">\n<div class=\"wp-block-button is-style-fill\"><a class=\"wp-block-button__link wp-element-button\" href=\"https:\/\/lesheronsdeslacs.fr\/index.php\/groupe-de-musiciens\/\">EN SAVOIR PLUS<\/a><\/div>\n<\/div>\n<\/div><\/div>\n\n\n\n<p>&#8211;<\/p>\n\n\n\n<p><\/p>\n\n\n\n<p><\/p>\n\n\n\n<p><\/p>\n<\/div><\/div>\n","protected":false},"excerpt":{"rendered":"","protected":false},"author":1,"featured_media":684,"parent":0,"menu_order":0,"comment_status":"closed","ping_status":"closed","template":"","meta":{"advgb_blocks_editor_width":"","advgb_blocks_columns_visual_guide":"","footnotes":""},"class_list":["post-22","page","type-page","status-publish","has-post-thumbnail","hentry"],"coauthors":[],"author_meta":{"author_link":"https:\/\/lesheronsdeslacs.fr\/index.php\/author\/lesheron\/","display_name":"lesheron"},"relative_dates":{"created":"Publi\u00e9 2 ans il y a","modified":"Mis \u00e0 jour 5 mois il y a"},"absolute_dates":{"created":"Publi\u00e9 le 28 janvier 2024","modified":"Mise \u00e0 jour le 29 d\u00e9cembre 2025"},"absolute_dates_time":{"created":"Publi\u00e9 le 28 janvier 2024 17h07","modified":"Mise \u00e0 jour le 29 d\u00e9cembre 2025 14h08"},"featured_img_caption":"","featured_img":"https:\/\/lesheronsdeslacs.fr\/wp-content\/uploads\/20220911_193942-e1706533362334-389x259.jpg","series_order":"","_links":{"self":[{"href":"https:\/\/lesheronsdeslacs.fr\/index.php\/wp-json\/wp\/v2\/pages\/22","targetHints":{"allow":["GET"]}}],"collection":[{"href":"https:\/\/lesheronsdeslacs.fr\/index.php\/wp-json\/wp\/v2\/pages"}],"about":[{"href":"https:\/\/lesheronsdeslacs.fr\/index.php\/wp-json\/wp\/v2\/types\/page"}],"author":[{"embeddable":true,"href":"https:\/\/lesheronsdeslacs.fr\/index.php\/wp-json\/wp\/v2\/users\/1"}],"replies":[{"embeddable":true,"href":"https:\/\/lesheronsdeslacs.fr\/index.php\/wp-json\/wp\/v2\/comments?post=22"}],"version-history":[{"count":18,"href":"https:\/\/lesheronsdeslacs.fr\/index.php\/wp-json\/wp\/v2\/pages\/22\/revisions"}],"predecessor-version":[{"id":1694,"href":"https:\/\/lesheronsdeslacs.fr\/index.php\/wp-json\/wp\/v2\/pages\/22\/revisions\/1694"}],"wp:featuredmedia":[{"embeddable":true,"href":"https:\/\/lesheronsdeslacs.fr\/index.php\/wp-json\/wp\/v2\/media\/684"}],"wp:attachment":[{"href":"https:\/\/lesheronsdeslacs.fr\/index.php\/wp-json\/wp\/v2\/media?parent=22"}],"curies":[{"name":"wp","href":"https:\/\/api.w.org\/{rel}","templated":true}]}}