{"id":34,"date":"2024-01-28T17:09:37","date_gmt":"2024-01-28T16:09:37","guid":{"rendered":"https:\/\/lesheronsdeslacs.fr\/?page_id=34"},"modified":"2024-06-26T23:18:59","modified_gmt":"2024-06-26T21:18:59","slug":"athlechasse","status":"publish","type":"page","link":"https:\/\/lesheronsdeslacs.fr\/index.php\/athlechasse\/","title":{"rendered":"Athl\u00e9chasse"},"content":{"rendered":"\n<div class=\"wp-block-group alignfull has-background\" style=\"background:linear-gradient(135deg,rgb(238,238,238) 0%,rgb(36,80,112) 100%);padding-top:6vw;padding-right:6vw;padding-bottom:6vw;padding-left:6vw\"><div class=\"wp-block-group__inner-container is-layout-flow wp-block-group-is-layout-flow\">\n<div class=\"wp-block-group is-vertical is-nowrap is-layout-flex wp-container-core-group-is-layout-287ef9cb wp-block-group-is-layout-flex\" style=\"padding-right:0;padding-left:0\">\n<h6 class=\"wp-block-heading has-text-color\" id=\"ecosystem\" style=\"color:#000000;font-size:16px\">SPORT<\/h6>\n\n\n\n<p class=\"has-text-color\" style=\"color:#000000;font-size:6vw;font-style:normal;font-weight:700;letter-spacing:0px;line-height:0.9;text-decoration:none;text-transform:none\">ATH\u00c9CHASSE<\/p>\n<\/div>\n\n\n<div class=\"wp-block-image\">\n<figure class=\"alignright size-full is-resized\"><a href=\"https:\/\/lesheronsdeslacs.fr\/index.php\/practica-de-lathlechasse\/\"><img loading=\"lazy\" decoding=\"async\" width=\"585\" height=\"192\" src=\"http:\/\/lesheronsdeslacs.fr\/wp-content\/uploads\/Bouton-OCCITAN-GASCONpages.png\" alt=\"\" class=\"wp-image-1126\" style=\"width:86px;height:auto\" srcset=\"https:\/\/lesheronsdeslacs.fr\/wp-content\/uploads\/Bouton-OCCITAN-GASCONpages.png 585w, https:\/\/lesheronsdeslacs.fr\/wp-content\/uploads\/Bouton-OCCITAN-GASCONpages-389x128.png 389w\" sizes=\"auto, (max-width: 585px) 100vw, 585px\" \/><\/a><\/figure>\n<\/div>\n\n\n<div class=\"wp-block-media-text is-stacked-on-mobile is-image-fill\"><figure class=\"wp-block-media-text__media\" style=\"background-image:url(http:\/\/lesheronstest.fr\/wp-content\/uploads\/2024\/01\/58444198_2110912532297773_5892807263118163968_n.jpg);background-position:50% 50%\"><img decoding=\"async\" src=\"http:\/\/lesheronstest.fr\/wp-content\/uploads\/2024\/01\/58444198_2110912532297773_5892807263118163968_n.jpg\" alt=\"\" class=\"wp-image-551 size-full\"\/><\/figure><div class=\"wp-block-media-text__content\">\n<p class=\"has-sitebg-color has-text-color has-link-color wp-elements-792d1bf11067d48c2596499765d906f0\"><strong>L&rsquo;Athl\u00e9chasse<\/strong> est une activit\u00e9 que nous avons initi\u00e9e pour la premi\u00e8re fois en 2011. C&rsquo;est une pratique m\u00ealant la tradition des<strong> \u00e9chasses landaises<\/strong> en bois \u00e0 des \u00e9preuves classiques d\u2019athl\u00e9tisme.<\/p>\n\n\n\n<p class=\"has-sitebg-color has-text-color has-link-color wp-elements-76c6e476f7e84a22c66a96d87d92151b\">Ce meeting a lieu tous les 2 ans au printemps, au stade <strong>Ducom \u00e0 Biscarrosse.<\/strong><\/p>\n<\/div><\/div>\n\n\n\n<p class=\"has-text-color has-link-color wp-elements-cff4f9727e19974f593d6e01b095c59b\" style=\"color:#879eb6\">&#8211;<\/p>\n\n\n\n<div class=\"wp-block-media-text has-media-on-the-right is-stacked-on-mobile is-image-fill\"><div class=\"wp-block-media-text__content\">\n<p class=\"has-sitebg-color has-text-color has-link-color wp-elements-2088ee4fb150594c1b6230952186e557\">Plus d\u2019une <strong>centaine de concurrents<\/strong>, de 6 \u00e0 65 ans, filles et gar\u00e7ons, chaussent leurs \u00e9chasses pour participer aux \u00e9preuves de : <\/p>\n\n\n\n<ul class=\"has-sitebg-color has-text-color has-link-color wp-block-list wp-elements-9ad0e26a5b5e3da5d1133ab789e6ca5d\">\n<li>400 m <\/li>\n\n\n\n<li>100 m<\/li>\n\n\n\n<li>Saut en longueur <\/li>\n\n\n\n<li>Lancer de marteau <\/li>\n\n\n\n<li>Lancer de javelot <\/li>\n\n\n\n<li>110 m Haies <\/li>\n\n\n\n<li>Relais 4 x 100 m<\/li>\n<\/ul>\n<\/div><figure class=\"wp-block-media-text__media\" style=\"background-image:url(http:\/\/lesheronstest.fr\/wp-content\/uploads\/2024\/01\/19143075_1325022094220158_5010583766104674559_o-1024x682.jpg);background-position:50% 50%\"><img decoding=\"async\" src=\"http:\/\/lesheronstest.fr\/wp-content\/uploads\/2024\/01\/19143075_1325022094220158_5010583766104674559_o-1024x682.jpg\" alt=\"\" class=\"wp-image-207 size-full\"\/><\/figure><\/div>\n<\/div><\/div>\n\n\n\n<h1 class=\"wp-block-heading has-text-align-center\"><strong>6eme MEETING ATHL\u00c9CHASSE &#8211; 2024 <\/strong><\/h1>\n\n\n\n<p class=\"has-sitebg-color has-text-color has-link-color wp-elements-cde72ab7d2566fbc26339a9567ec3a57\">&#8211;<\/p>\n\n\n\n<div class=\"wp-block-columns alignwide are-vertically-aligned-center is-layout-flex wp-container-core-columns-is-layout-9d6595d7 wp-block-columns-is-layout-flex\">\n<div class=\"wp-block-column is-vertically-aligned-center is-layout-flow wp-block-column-is-layout-flow\" style=\"flex-basis:100%\">\n<iframe loading=\"lazy\" src=\"https:\/\/www.facebook.com\/plugins\/video.php?height=314&#038;href=https%3A%2F%2Fwww.facebook.com%2Flesheronsdeslacs%2Fvideos%2F422690007319742%2F&#038;show_text=false&#038;width=560&#038;t=0\" width=\"560\" height=\"314\" style=\"border:none;overflow:hidden\" scrolling=\"no\" frameborder=\"0\" allowfullscreen=\"true\" allow=\"autoplay; clipboard-write; encrypted-media; picture-in-picture; web-share\" allowFullScreen=\"true\"><\/iframe>\n<\/div>\n<\/div>\n\n\n\n<p class=\"has-sitebg-color has-text-color has-link-color wp-elements-cde72ab7d2566fbc26339a9567ec3a57\">&#8211;<\/p>\n\n\n\n<div class=\"wp-block-group is-content-justification-center is-nowrap is-layout-flex wp-container-core-group-is-layout-dbad4144 wp-block-group-is-layout-flex\">\n<figure class=\"wp-block-gallery has-nested-images columns-default is-cropped wp-block-gallery-1 is-layout-flex wp-block-gallery-is-layout-flex\">\n<figure data-wp-context=\"{&quot;imageId&quot;:&quot;69e073501cc63&quot;}\" data-wp-interactive=\"core\/image\" data-wp-key=\"69e073501cc63\" class=\"wp-block-image size-large wp-lightbox-container\"><img decoding=\"async\" data-wp-class--hide=\"state.isContentHidden\" data-wp-class--show=\"state.isContentVisible\" data-wp-init=\"callbacks.setButtonStyles\" data-wp-on--click=\"actions.showLightbox\" data-wp-on--load=\"callbacks.setButtonStyles\" data-wp-on-window--resize=\"callbacks.setButtonStyles\" data-id=\"208\" src=\"https:\/\/lesheronstest.fr\/wp-content\/uploads\/2024\/01\/277587193_4866576776731321_1257107326573181178_n.jpg\" alt=\"\" class=\"wp-image-208\"\/><button\n\t\t\tclass=\"lightbox-trigger\"\n\t\t\ttype=\"button\"\n\t\t\taria-haspopup=\"dialog\"\n\t\t\taria-label=\"Agrandir\"\n\t\t\tdata-wp-init=\"callbacks.initTriggerButton\"\n\t\t\tdata-wp-on--click=\"actions.showLightbox\"\n\t\t\tdata-wp-style--right=\"state.imageButtonRight\"\n\t\t\tdata-wp-style--top=\"state.imageButtonTop\"\n\t\t>\n\t\t\t<svg xmlns=\"http:\/\/www.w3.org\/2000\/svg\" width=\"12\" height=\"12\" fill=\"none\" viewBox=\"0 0 12 12\">\n\t\t\t\t<path fill=\"#fff\" d=\"M2 0a2 2 0 0 0-2 2v2h1.5V2a.5.5 0 0 1 .5-.5h2V0H2Zm2 10.5H2a.5.5 0 0 1-.5-.5V8H0v2a2 2 0 0 0 2 2h2v-1.5ZM8 12v-1.5h2a.5.5 0 0 0 .5-.5V8H12v2a2 2 0 0 1-2 2H8Zm2-12a2 2 0 0 1 2 2v2h-1.5V2a.5.5 0 0 0-.5-.5H8V0h2Z\" \/>\n\t\t\t<\/svg>\n\t\t<\/button><\/figure>\n\n\n\n<figure data-wp-context=\"{&quot;imageId&quot;:&quot;69e073501d1eb&quot;}\" data-wp-interactive=\"core\/image\" data-wp-key=\"69e073501d1eb\" class=\"wp-block-image size-large wp-lightbox-container\"><img decoding=\"async\" data-wp-class--hide=\"state.isContentHidden\" data-wp-class--show=\"state.isContentVisible\" data-wp-init=\"callbacks.setButtonStyles\" data-wp-on--click=\"actions.showLightbox\" data-wp-on--load=\"callbacks.setButtonStyles\" data-wp-on-window--resize=\"callbacks.setButtonStyles\" data-id=\"206\" src=\"https:\/\/lesheronstest.fr\/wp-content\/uploads\/2024\/01\/19092656_1325020664220301_89867876751598999_o-1024x682.jpg\" alt=\"\" class=\"wp-image-206\"\/><button\n\t\t\tclass=\"lightbox-trigger\"\n\t\t\ttype=\"button\"\n\t\t\taria-haspopup=\"dialog\"\n\t\t\taria-label=\"Agrandir\"\n\t\t\tdata-wp-init=\"callbacks.initTriggerButton\"\n\t\t\tdata-wp-on--click=\"actions.showLightbox\"\n\t\t\tdata-wp-style--right=\"state.imageButtonRight\"\n\t\t\tdata-wp-style--top=\"state.imageButtonTop\"\n\t\t>\n\t\t\t<svg xmlns=\"http:\/\/www.w3.org\/2000\/svg\" width=\"12\" height=\"12\" fill=\"none\" viewBox=\"0 0 12 12\">\n\t\t\t\t<path fill=\"#fff\" d=\"M2 0a2 2 0 0 0-2 2v2h1.5V2a.5.5 0 0 1 .5-.5h2V0H2Zm2 10.5H2a.5.5 0 0 1-.5-.5V8H0v2a2 2 0 0 0 2 2h2v-1.5ZM8 12v-1.5h2a.5.5 0 0 0 .5-.5V8H12v2a2 2 0 0 1-2 2H8Zm2-12a2 2 0 0 1 2 2v2h-1.5V2a.5.5 0 0 0-.5-.5H8V0h2Z\" \/>\n\t\t\t<\/svg>\n\t\t<\/button><\/figure>\n\n\n\n<figure data-wp-context=\"{&quot;imageId&quot;:&quot;69e073501d756&quot;}\" data-wp-interactive=\"core\/image\" data-wp-key=\"69e073501d756\" class=\"wp-block-image size-large wp-lightbox-container\"><img decoding=\"async\" data-wp-class--hide=\"state.isContentHidden\" data-wp-class--show=\"state.isContentVisible\" data-wp-init=\"callbacks.setButtonStyles\" data-wp-on--click=\"actions.showLightbox\" data-wp-on--load=\"callbacks.setButtonStyles\" data-wp-on-window--resize=\"callbacks.setButtonStyles\" data-id=\"205\" src=\"https:\/\/lesheronstest.fr\/wp-content\/uploads\/2024\/01\/19024972_1325018204220547_785441751230253351_o-1024x682.jpg\" alt=\"\" class=\"wp-image-205\"\/><button\n\t\t\tclass=\"lightbox-trigger\"\n\t\t\ttype=\"button\"\n\t\t\taria-haspopup=\"dialog\"\n\t\t\taria-label=\"Agrandir\"\n\t\t\tdata-wp-init=\"callbacks.initTriggerButton\"\n\t\t\tdata-wp-on--click=\"actions.showLightbox\"\n\t\t\tdata-wp-style--right=\"state.imageButtonRight\"\n\t\t\tdata-wp-style--top=\"state.imageButtonTop\"\n\t\t>\n\t\t\t<svg xmlns=\"http:\/\/www.w3.org\/2000\/svg\" width=\"12\" height=\"12\" fill=\"none\" viewBox=\"0 0 12 12\">\n\t\t\t\t<path fill=\"#fff\" d=\"M2 0a2 2 0 0 0-2 2v2h1.5V2a.5.5 0 0 1 .5-.5h2V0H2Zm2 10.5H2a.5.5 0 0 1-.5-.5V8H0v2a2 2 0 0 0 2 2h2v-1.5ZM8 12v-1.5h2a.5.5 0 0 0 .5-.5V8H12v2a2 2 0 0 1-2 2H8Zm2-12a2 2 0 0 1 2 2v2h-1.5V2a.5.5 0 0 0-.5-.5H8V0h2Z\" \/>\n\t\t\t<\/svg>\n\t\t<\/button><\/figure>\n\n\n\n<figure data-wp-context=\"{&quot;imageId&quot;:&quot;69e073501dead&quot;}\" data-wp-interactive=\"core\/image\" data-wp-key=\"69e073501dead\" class=\"wp-block-image size-large wp-lightbox-container\"><img decoding=\"async\" data-wp-class--hide=\"state.isContentHidden\" data-wp-class--show=\"state.isContentVisible\" data-wp-init=\"callbacks.setButtonStyles\" data-wp-on--click=\"actions.showLightbox\" data-wp-on--load=\"callbacks.setButtonStyles\" data-wp-on-window--resize=\"callbacks.setButtonStyles\" data-id=\"98\" src=\"https:\/\/lesheronstest.fr\/wp-content\/uploads\/2024\/01\/020.jpg\" alt=\"\" class=\"wp-image-98\"\/><button\n\t\t\tclass=\"lightbox-trigger\"\n\t\t\ttype=\"button\"\n\t\t\taria-haspopup=\"dialog\"\n\t\t\taria-label=\"Agrandir\"\n\t\t\tdata-wp-init=\"callbacks.initTriggerButton\"\n\t\t\tdata-wp-on--click=\"actions.showLightbox\"\n\t\t\tdata-wp-style--right=\"state.imageButtonRight\"\n\t\t\tdata-wp-style--top=\"state.imageButtonTop\"\n\t\t>\n\t\t\t<svg xmlns=\"http:\/\/www.w3.org\/2000\/svg\" width=\"12\" height=\"12\" fill=\"none\" viewBox=\"0 0 12 12\">\n\t\t\t\t<path fill=\"#fff\" d=\"M2 0a2 2 0 0 0-2 2v2h1.5V2a.5.5 0 0 1 .5-.5h2V0H2Zm2 10.5H2a.5.5 0 0 1-.5-.5V8H0v2a2 2 0 0 0 2 2h2v-1.5ZM8 12v-1.5h2a.5.5 0 0 0 .5-.5V8H12v2a2 2 0 0 1-2 2H8Zm2-12a2 2 0 0 1 2 2v2h-1.5V2a.5.5 0 0 0-.5-.5H8V0h2Z\" \/>\n\t\t\t<\/svg>\n\t\t<\/button><\/figure>\n\n\n\n<figure data-wp-context=\"{&quot;imageId&quot;:&quot;69e073501e5fd&quot;}\" data-wp-interactive=\"core\/image\" data-wp-key=\"69e073501e5fd\" class=\"wp-block-image size-large wp-lightbox-container\"><img decoding=\"async\" data-wp-class--hide=\"state.isContentHidden\" data-wp-class--show=\"state.isContentVisible\" data-wp-init=\"callbacks.setButtonStyles\" data-wp-on--click=\"actions.showLightbox\" data-wp-on--load=\"callbacks.setButtonStyles\" data-wp-on-window--resize=\"callbacks.setButtonStyles\" data-id=\"90\" src=\"https:\/\/lesheronstest.fr\/wp-content\/uploads\/2024\/01\/012.jpg\" alt=\"\" class=\"wp-image-90\"\/><button\n\t\t\tclass=\"lightbox-trigger\"\n\t\t\ttype=\"button\"\n\t\t\taria-haspopup=\"dialog\"\n\t\t\taria-label=\"Agrandir\"\n\t\t\tdata-wp-init=\"callbacks.initTriggerButton\"\n\t\t\tdata-wp-on--click=\"actions.showLightbox\"\n\t\t\tdata-wp-style--right=\"state.imageButtonRight\"\n\t\t\tdata-wp-style--top=\"state.imageButtonTop\"\n\t\t>\n\t\t\t<svg xmlns=\"http:\/\/www.w3.org\/2000\/svg\" width=\"12\" height=\"12\" fill=\"none\" viewBox=\"0 0 12 12\">\n\t\t\t\t<path fill=\"#fff\" d=\"M2 0a2 2 0 0 0-2 2v2h1.5V2a.5.5 0 0 1 .5-.5h2V0H2Zm2 10.5H2a.5.5 0 0 1-.5-.5V8H0v2a2 2 0 0 0 2 2h2v-1.5ZM8 12v-1.5h2a.5.5 0 0 0 .5-.5V8H12v2a2 2 0 0 1-2 2H8Zm2-12a2 2 0 0 1 2 2v2h-1.5V2a.5.5 0 0 0-.5-.5H8V0h2Z\" \/>\n\t\t\t<\/svg>\n\t\t<\/button><\/figure>\n\n\n\n<figure class=\"wp-block-image\"><img loading=\"lazy\" decoding=\"async\" width=\"1024\" height=\"576\" data-id=\"688\" src=\"http:\/\/lesheronsdeslacs.fr\/wp-content\/uploads\/9-1-1024x576-1.jpg\" alt=\"\" class=\"wp-image-688\" srcset=\"https:\/\/lesheronsdeslacs.fr\/wp-content\/uploads\/9-1-1024x576-1.jpg 1024w, https:\/\/lesheronsdeslacs.fr\/wp-content\/uploads\/9-1-1024x576-1-768x432.jpg 768w, https:\/\/lesheronsdeslacs.fr\/wp-content\/uploads\/9-1-1024x576-1-389x219.jpg 389w, https:\/\/lesheronsdeslacs.fr\/wp-content\/uploads\/9-1-1024x576-1-310x173.jpg 310w\" sizes=\"auto, (max-width: 1024px) 100vw, 1024px\" \/><\/figure>\n\n\n\n<figure class=\"wp-block-image\"><img loading=\"lazy\" decoding=\"async\" width=\"1024\" height=\"576\" data-id=\"687\" src=\"http:\/\/lesheronsdeslacs.fr\/wp-content\/uploads\/8-1024x576-1.jpg\" alt=\"\" class=\"wp-image-687\" srcset=\"https:\/\/lesheronsdeslacs.fr\/wp-content\/uploads\/8-1024x576-1.jpg 1024w, https:\/\/lesheronsdeslacs.fr\/wp-content\/uploads\/8-1024x576-1-768x432.jpg 768w, https:\/\/lesheronsdeslacs.fr\/wp-content\/uploads\/8-1024x576-1-389x219.jpg 389w, https:\/\/lesheronsdeslacs.fr\/wp-content\/uploads\/8-1024x576-1-310x173.jpg 310w\" sizes=\"auto, (max-width: 1024px) 100vw, 1024px\" \/><\/figure>\n\n\n\n<figure class=\"wp-block-image\"><img loading=\"lazy\" decoding=\"async\" width=\"724\" height=\"1024\" data-id=\"686\" src=\"http:\/\/lesheronsdeslacs.fr\/wp-content\/uploads\/5-724x1024-1.jpg\" alt=\"\" class=\"wp-image-686\" srcset=\"https:\/\/lesheronsdeslacs.fr\/wp-content\/uploads\/5-724x1024-1.jpg 724w, https:\/\/lesheronsdeslacs.fr\/wp-content\/uploads\/5-724x1024-1-226x320.jpg 226w\" sizes=\"auto, (max-width: 724px) 100vw, 724px\" \/><\/figure>\n<\/figure>\n<\/div>\n\n\n\n<div class=\"wp-block-cover alignfull\" style=\"padding-top:4vw;padding-right:4vw;padding-bottom:4vw;padding-left:4vw;min-height:857px;aspect-ratio:unset;\"><span aria-hidden=\"true\" class=\"wp-block-cover__background has-black-background-color has-background-dim-100 has-background-dim\"><\/span><div class=\"wp-block-cover__inner-container is-layout-flow wp-block-cover-is-layout-flow\">\n<p class=\"has-accent-2-color has-text-color has-link-color wp-elements-3ff5bf30fdd0b05da0d4938b17c6fe64\">&#8211;<\/p>\n<\/div><\/div>\n\n\n\n<h1 class=\"wp-block-heading alignwide has-text-align-center\"><strong>TEASER 6\u00e8me MEETING ATHL\u00c9CHASSE &#8211; 2024<\/strong><\/h1>\n\n\n\n<div class=\"wp-block-columns alignwide are-vertically-aligned-center is-layout-flex wp-container-core-columns-is-layout-9d6595d7 wp-block-columns-is-layout-flex\">\n<div class=\"wp-block-column is-vertically-aligned-center is-layout-flow wp-block-column-is-layout-flow\" style=\"flex-basis:100%\">\n<p class=\"has-text-align-center\"><div style=\"width: 640px;\" class=\"wp-video\"><video class=\"wp-video-shortcode\" id=\"video-34-1\" width=\"640\" height=\"360\" preload=\"metadata\" controls=\"controls\"><source type=\"video\/mp4\" src=\"https:\/\/athlechasse.fr\/wp-content\/uploads\/2024\/05\/Athlechasse-2024-light.mp4?_=1\" \/><a href=\"https:\/\/athlechasse.fr\/wp-content\/uploads\/2024\/05\/Athlechasse-2024-light.mp4\">https:\/\/athlechasse.fr\/wp-content\/uploads\/2024\/05\/Athlechasse-2024-light.mp4<\/a><\/video><\/div><\/p>\n<\/div>\n<\/div>\n\n\n\n<p class=\"has-sitebg-color has-text-color has-link-color wp-elements-cde72ab7d2566fbc26339a9567ec3a57\">&#8211;<\/p>\n\n\n\n<div class=\"wp-block-advgb-button aligncenter\"><a class=\"wp-block-advgb-button_link advgbbtn-8bd57a0c-77e7-4b99-bca2-8450b0ca976c\" href=\"https:\/\/athlechasse.fr\/\" target=\"_blank\" rel=\"noopener noreferrer\"><span>EN SAVOIR PLUS<\/span><\/a><\/div>\n\n\n\n<p class=\"has-sitebg-color has-text-color has-link-color wp-elements-cde72ab7d2566fbc26339a9567ec3a57\">&#8211;<\/p>\n\n\n\n<div class=\"wp-block-group\"><div class=\"wp-block-group__inner-container is-layout-constrained wp-block-group-is-layout-constrained\">\n<div class=\"wp-block-columns is-layout-flex wp-container-core-columns-is-layout-9d6595d7 wp-block-columns-is-layout-flex\">\n<div class=\"wp-block-column is-layout-flow wp-block-column-is-layout-flow\" style=\"flex-basis:100%\">\n<div class=\"wp-block-buttons alignwide is-content-justification-right is-layout-flex wp-container-core-buttons-is-layout-86a8208c wp-block-buttons-is-layout-flex\">\n<div class=\"wp-block-button\"><a class=\"wp-block-button__link has-text-align-center wp-element-button\" href=\"https:\/\/lesheronsdeslacs.fr\/index.php\/activites\/\">Revenir \u00e0 la page Activit\u00e9s<\/a><\/div>\n<\/div>\n<\/div>\n<\/div>\n<\/div><\/div>\n<style class=\"advgb-styles-renderer\">.advgbbtn-8bd57a0c-77e7-4b99-bca2-8450b0ca976c{font-size:18px;color:#fff !important;background-color:#2196f3 !important;margin:0px 0px 0px 0px !important;padding:10px 30px 10px 30px;border-width:1px !important;border-style:none;border-radius:50px !important;}.advgbbtn-8bd57a0c-77e7-4b99-bca2-8450b0ca976c:hover{box-shadow:1px 1px 12px 0px #ccc;opacity:1;transition:all 0.2s ease;}.advgbbtn-8bd57a0c-77e7-4b99-bca2-8450b0ca976c > i {display: none !important;}<\/style>","protected":false},"excerpt":{"rendered":"<p>SPORT ATH\u00c9CHASSE L&rsquo;Athl\u00e9chasse est une activit\u00e9 que nous avons initi\u00e9e pour la premi\u00e8re fois en 2011. C&rsquo;est une pratique m\u00ealant la tradition des \u00e9chasses landaises en bois \u00e0 des \u00e9preuves classiques &hellip;<\/p>\n","protected":false},"author":1,"featured_media":296,"parent":0,"menu_order":0,"comment_status":"closed","ping_status":"closed","template":"","meta":{"advgb_blocks_editor_width":"","advgb_blocks_columns_visual_guide":"","footnotes":""},"class_list":["post-34","page","type-page","status-publish","has-post-thumbnail","hentry"],"coauthors":[],"author_meta":{"author_link":"https:\/\/lesheronsdeslacs.fr\/index.php\/author\/lesheron\/","display_name":"lesheron"},"relative_dates":{"created":"Publi\u00e9 2 ans il y a","modified":"Mis \u00e0 jour 2 ans il y a"},"absolute_dates":{"created":"Publi\u00e9 le 28 janvier 2024","modified":"Mise \u00e0 jour le 26 juin 2024"},"absolute_dates_time":{"created":"Publi\u00e9 le 28 janvier 2024 17h09","modified":"Mise \u00e0 jour le 26 juin 2024 23h18"},"featured_img_caption":"SONY DSC","featured_img":"https:\/\/lesheronsdeslacs.fr\/wp-content\/uploads\/020-421x282.jpg","series_order":"","_links":{"self":[{"href":"https:\/\/lesheronsdeslacs.fr\/index.php\/wp-json\/wp\/v2\/pages\/34","targetHints":{"allow":["GET"]}}],"collection":[{"href":"https:\/\/lesheronsdeslacs.fr\/index.php\/wp-json\/wp\/v2\/pages"}],"about":[{"href":"https:\/\/lesheronsdeslacs.fr\/index.php\/wp-json\/wp\/v2\/types\/page"}],"author":[{"embeddable":true,"href":"https:\/\/lesheronsdeslacs.fr\/index.php\/wp-json\/wp\/v2\/users\/1"}],"replies":[{"embeddable":true,"href":"https:\/\/lesheronsdeslacs.fr\/index.php\/wp-json\/wp\/v2\/comments?post=34"}],"version-history":[{"count":32,"href":"https:\/\/lesheronsdeslacs.fr\/index.php\/wp-json\/wp\/v2\/pages\/34\/revisions"}],"predecessor-version":[{"id":1475,"href":"https:\/\/lesheronsdeslacs.fr\/index.php\/wp-json\/wp\/v2\/pages\/34\/revisions\/1475"}],"wp:featuredmedia":[{"embeddable":true,"href":"https:\/\/lesheronsdeslacs.fr\/index.php\/wp-json\/wp\/v2\/media\/296"}],"wp:attachment":[{"href":"https:\/\/lesheronsdeslacs.fr\/index.php\/wp-json\/wp\/v2\/media?parent=34"}],"curies":[{"name":"wp","href":"https:\/\/api.w.org\/{rel}","templated":true}]}}