{"id":40,"date":"2024-01-28T17:11:09","date_gmt":"2024-01-28T16:11:09","guid":{"rendered":"https:\/\/lesheronsdeslacs.fr\/?page_id=40"},"modified":"2024-06-26T23:17:46","modified_gmt":"2024-06-26T21:17:46","slug":"initiations","status":"publish","type":"page","link":"https:\/\/lesheronsdeslacs.fr\/index.php\/initiations\/","title":{"rendered":"Initiations"},"content":{"rendered":"\n<div class=\"wp-block-group alignfull has-background\" style=\"background:linear-gradient(135deg,rgb(238,238,238) 0%,rgb(187,210,173) 57%);padding-top:6vw;padding-right:6vw;padding-bottom:6vw;padding-left:6vw\"><div class=\"wp-block-group__inner-container is-layout-flow wp-block-group-is-layout-flow\">\n<div class=\"wp-block-group is-vertical is-nowrap is-layout-flex wp-container-core-group-is-layout-287ef9cb wp-block-group-is-layout-flex\" style=\"padding-right:0;padding-left:0\">\n<h6 class=\"wp-block-heading has-text-color\" id=\"ecosystem\" style=\"color:#000000;font-size:16px\">PARTAGE<\/h6>\n\n\n\n<p class=\"has-text-color\" style=\"color:#000000;font-size:6vw;font-style:normal;font-weight:700;letter-spacing:0px;line-height:0.9;text-decoration:none;text-transform:none\">INITIATIONS<\/p>\n<\/div>\n\n\n<div class=\"wp-block-image\">\n<figure class=\"alignright size-full is-resized\"><a href=\"https:\/\/lesheronsdeslacs.fr\/index.php\/iniciacions\/\"><img loading=\"lazy\" decoding=\"async\" width=\"585\" height=\"192\" src=\"http:\/\/lesheronsdeslacs.fr\/wp-content\/uploads\/Bouton-OCCITAN-GASCONpages.png\" alt=\"\" class=\"wp-image-1126\" style=\"width:87px;height:auto\" srcset=\"https:\/\/lesheronsdeslacs.fr\/wp-content\/uploads\/Bouton-OCCITAN-GASCONpages.png 585w, https:\/\/lesheronsdeslacs.fr\/wp-content\/uploads\/Bouton-OCCITAN-GASCONpages-389x128.png 389w\" sizes=\"auto, (max-width: 585px) 100vw, 585px\" \/><\/a><\/figure>\n<\/div>\n\n\n<div class=\"wp-block-media-text is-stacked-on-mobile is-image-fill\"><figure class=\"wp-block-media-text__media\" style=\"background-image:url(http:\/\/lesheronsdeslacs.fr\/wp-content\/uploads\/IMG_20230302_095017-e1706546915579-1024x744.jpg);background-position:50% 50%\"><img loading=\"lazy\" decoding=\"async\" width=\"1024\" height=\"744\" src=\"http:\/\/lesheronsdeslacs.fr\/wp-content\/uploads\/IMG_20230302_095017-e1706546915579-1024x744.jpg\" alt=\"\" class=\"wp-image-773 size-full\" srcset=\"https:\/\/lesheronsdeslacs.fr\/wp-content\/uploads\/IMG_20230302_095017-e1706546915579-1024x744.jpg 1024w, https:\/\/lesheronsdeslacs.fr\/wp-content\/uploads\/IMG_20230302_095017-e1706546915579-768x558.jpg 768w, https:\/\/lesheronsdeslacs.fr\/wp-content\/uploads\/IMG_20230302_095017-e1706546915579-389x283.jpg 389w, https:\/\/lesheronsdeslacs.fr\/wp-content\/uploads\/IMG_20230302_095017-e1706546915579-413x300.jpg 413w, https:\/\/lesheronsdeslacs.fr\/wp-content\/uploads\/IMG_20230302_095017-e1706546915579.jpg 1079w\" sizes=\"auto, (max-width: 1024px) 100vw, 1024px\" \/><\/figure><div class=\"wp-block-media-text__content\">\n<p class=\"has-accent-2-color has-text-color has-link-color has-normal-font-size wp-elements-60933ac08db590f338f079e07b3ed425\">Les H\u00e9rons des Lacs vous proposent de participer \u00e0 <strong>des journ\u00e9es initiations<\/strong>, dans un cadre magnifique, pour vous initier \u00e0 la marche sur \u00e9chasses.<\/p>\n\n\n\n<p class=\"has-accent-2-color has-text-color has-link-color has-normal-font-size wp-elements-2378908e43fe9d5d21bb52efbb7ac673\">Notre association vous transmettra sa passion pour les \u00e9chasses et <strong>la culture landaise <\/strong>dans la joie et la bonne humeur et ce, m\u00eame par temps de pluie !<\/p>\n\n\n\n<p class=\"has-accent-2-color has-text-color has-link-color wp-elements-9f7cdca09d733730a45bb4b38233752c\">En fonction de votre motivation, vous pourrez vous essayer \u00e0 la pratique des \u00e9chasses de 30 min \u00e0 2h.<\/p>\n<\/div><\/div>\n\n\n\n<p>&#8211;<\/p>\n\n\n\n<div class=\"wp-block-media-text has-media-on-the-right is-stacked-on-mobile is-image-fill\"><div class=\"wp-block-media-text__content\">\n<p class=\"has-text-align-center has-accent-2-color has-text-color has-link-color has-normal-font-size wp-elements-2a481aa3af77bc28a62b121ec0283614\"><strong>Durant l\u2019\u00e9t\u00e9, ou sur r\u00e9servation hors saison :<\/strong><\/p>\n\n\n\n<p class=\"has-text-align-center has-accent-2-color has-text-color has-link-color has-large-font-size wp-elements-7ebf4db9c2c418f78ba24b8d4cb690c0\"><br><strong>LUNDI de\u00a016h \u00e0 20h<\/strong><br><strong>VENDREDI de\u00a010h \u00e0 14h<\/strong><\/p>\n<\/div><figure class=\"wp-block-media-text__media\" style=\"background-image:url(http:\/\/lesheronsdeslacs.fr\/wp-content\/uploads\/IMG_20230302_094935-1024x567.jpg);background-position:50% 50%\"><img loading=\"lazy\" decoding=\"async\" width=\"1024\" height=\"567\" src=\"http:\/\/lesheronsdeslacs.fr\/wp-content\/uploads\/IMG_20230302_094935-1024x567.jpg\" alt=\"\" class=\"wp-image-772 size-full\"\/><\/figure><\/div>\n\n\n\n<p class=\"has-text-color has-link-color wp-elements-0c1fcc889de462e063814fc60dfc78d3\" style=\"color:#bbd2ad\">&#8211;<\/p>\n\n\n\n<div class=\"wp-block-media-text is-stacked-on-mobile is-image-fill\"><figure class=\"wp-block-media-text__media\" style=\"background-image:url(http:\/\/lesheronsdeslacs.fr\/wp-content\/uploads\/1675857417033-1024x771.jpg);background-position:50% 50%\"><img loading=\"lazy\" decoding=\"async\" width=\"1024\" height=\"771\" src=\"http:\/\/lesheronsdeslacs.fr\/wp-content\/uploads\/1675857417033-1024x771.jpg\" alt=\"\" class=\"wp-image-714 size-full\" srcset=\"https:\/\/lesheronsdeslacs.fr\/wp-content\/uploads\/1675857417033-1024x771.jpg 1024w, https:\/\/lesheronsdeslacs.fr\/wp-content\/uploads\/1675857417033-768x578.jpg 768w, https:\/\/lesheronsdeslacs.fr\/wp-content\/uploads\/1675857417033-1536x1157.jpg 1536w, https:\/\/lesheronsdeslacs.fr\/wp-content\/uploads\/1675857417033-2048x1542.jpg 2048w, https:\/\/lesheronsdeslacs.fr\/wp-content\/uploads\/1675857417033-389x293.jpg 389w\" sizes=\"auto, (max-width: 1024px) 100vw, 1024px\" \/><\/figure><div class=\"wp-block-media-text__content\">\n<p class=\"has-text-align-center has-accent-2-color has-text-color has-link-color has-large-font-size wp-elements-b348ee521581774321c8776f2d26f96a\"><strong>Lieu :<\/strong><\/p>\n\n\n\n<p class=\"has-text-align-center has-accent-2-color has-text-color has-link-color wp-elements-c34cc7212d396ec2f53d49c1db88f139\"><br>Ancienne \u00e9cole de Millas<br>69 chemin d\u2019en Belliard<br>40600 BISCARROSSE<\/p>\n<\/div><\/div>\n\n\n\n<p class=\"has-text-color has-link-color wp-elements-0c1fcc889de462e063814fc60dfc78d3\" style=\"color:#bbd2ad\">&#8211;<\/p>\n\n\n\n<div class=\"wp-block-media-text has-media-on-the-right is-stacked-on-mobile is-image-fill\"><div class=\"wp-block-media-text__content\">\n<p class=\"has-text-align-center has-accent-2-color has-text-color has-link-color has-large-font-size wp-elements-25c5f97a49b845c3a32d688322085019\"><strong>Prix et r\u00e9servation<\/strong>&nbsp;:<\/p>\n\n\n\n<p class=\"has-text-align-center has-accent-2-color has-text-color has-link-color wp-elements-f967267682d4d87f36ff67e693817bfc\"><br><strong>R\u00e9servation sur&nbsp;<a href=\"https:\/\/www.biscagrandslacs.com\/agenda-des-manifestations\/animations-evenements\/initiation-aux-echasses-landaises-10\">Bisca Grands Lacs<\/a>&nbsp;<\/strong><br><strong>ou par t\u00e9l\u00e9phone au 07 81 17 45 15 !<\/strong><\/p>\n\n\n\n<p class=\"has-text-align-center has-accent-2-color has-text-color has-link-color has-large-font-size wp-elements-90d5e0739dae871ffef45f8880970a63\"><strong>Tarif unique de 8\u20ac\/personne<\/strong><\/p>\n<\/div><figure class=\"wp-block-media-text__media\" style=\"background-image:url(http:\/\/lesheronsdeslacs.fr\/wp-content\/uploads\/353822017_641258728025327_7388883163082447432_n-1024x462-1.jpg);background-position:50% 50%\"><img loading=\"lazy\" decoding=\"async\" width=\"1024\" height=\"462\" src=\"http:\/\/lesheronsdeslacs.fr\/wp-content\/uploads\/353822017_641258728025327_7388883163082447432_n-1024x462-1.jpg\" alt=\"\" class=\"wp-image-159 size-full\" srcset=\"https:\/\/lesheronsdeslacs.fr\/wp-content\/uploads\/353822017_641258728025327_7388883163082447432_n-1024x462-1.jpg 1024w, https:\/\/lesheronsdeslacs.fr\/wp-content\/uploads\/353822017_641258728025327_7388883163082447432_n-1024x462-1-768x347.jpg 768w, https:\/\/lesheronsdeslacs.fr\/wp-content\/uploads\/353822017_641258728025327_7388883163082447432_n-1024x462-1-421x190.jpg 421w\" sizes=\"auto, (max-width: 1024px) 100vw, 1024px\" \/><\/figure><\/div>\n\n\n\n<p class=\"has-text-color has-link-color wp-elements-0c1fcc889de462e063814fc60dfc78d3\" style=\"color:#bbd2ad\">&#8211;<\/p>\n\n\n\n<p class=\"has-text-align-center has-accent-2-color has-text-color has-link-color wp-elements-2a097febaf0bd7649d8c95266c4b24bf\"><\/p>\n\n\n\n<p class=\"has-text-align-center has-accent-2-color has-text-color has-link-color has-normal-font-size wp-elements-667c8f3507c90ee7894da9ca922a6aec\"><\/p>\n\n\n\n<p class=\"has-text-align-center has-accent-2-color has-text-color has-link-color has-normal-font-size wp-elements-4b78a31412d0226c93b5e9573cecc43e\"><strong>Vous aurez m\u00eame l\u2019opportunit\u00e9 d\u2019assister \u00e0 la fabrication artisanale de nos \u00e9chasses,<\/strong><\/p>\n\n\n\n<p class=\"has-text-align-center has-accent-2-color has-text-color has-link-color has-normal-font-size wp-elements-6251c5bfcdf1ee40109b21a26335ddd9\"><strong>sur rendez-vous !<\/strong><\/p>\n\n\n\n<p class=\"has-text-color has-link-color wp-elements-d8ed84b2b837c50b67e7ef2fa04c4795\" style=\"color:#c1e0b7\">&#8211;<\/p>\n\n\n\n<div class=\"wp-block-buttons is-content-justification-right is-layout-flex wp-container-core-buttons-is-layout-9fc88717 wp-block-buttons-is-layout-flex\">\n<div class=\"wp-block-button has-custom-width wp-block-button__width-50\"><a class=\"wp-block-button__link has-text-align-center wp-element-button\" href=\"https:\/\/lesheronsdeslacs.fr\/index.php\/activites\/\">Revenir aux activit\u00e9s<\/a><\/div>\n<\/div>\n<\/div><\/div>\n\n\n\n<p><\/p>\n\n\n\n<p><\/p>\n","protected":false},"excerpt":{"rendered":"<p>PARTAGE INITIATIONS Les H\u00e9rons des Lacs vous proposent de participer \u00e0 des journ\u00e9es initiations, dans un cadre magnifique, pour vous initier \u00e0 la marche sur \u00e9chasses. Notre association vous transmettra sa &hellip;<\/p>\n","protected":false},"author":1,"featured_media":159,"parent":0,"menu_order":0,"comment_status":"closed","ping_status":"closed","template":"","meta":{"advgb_blocks_editor_width":"","advgb_blocks_columns_visual_guide":"","footnotes":""},"class_list":["post-40","page","type-page","status-publish","has-post-thumbnail","hentry"],"coauthors":[],"author_meta":{"author_link":"https:\/\/lesheronsdeslacs.fr\/index.php\/author\/lesheron\/","display_name":"lesheron"},"relative_dates":{"created":"Publi\u00e9 2 ans il y a","modified":"Mis \u00e0 jour 2 ans il y a"},"absolute_dates":{"created":"Publi\u00e9 le 28 janvier 2024","modified":"Mise \u00e0 jour le 26 juin 2024"},"absolute_dates_time":{"created":"Publi\u00e9 le 28 janvier 2024 17h11","modified":"Mise \u00e0 jour le 26 juin 2024 23h17"},"featured_img_caption":"","featured_img":"https:\/\/lesheronsdeslacs.fr\/wp-content\/uploads\/353822017_641258728025327_7388883163082447432_n-1024x462-1-421x190.jpg","series_order":"","_links":{"self":[{"href":"https:\/\/lesheronsdeslacs.fr\/index.php\/wp-json\/wp\/v2\/pages\/40","targetHints":{"allow":["GET"]}}],"collection":[{"href":"https:\/\/lesheronsdeslacs.fr\/index.php\/wp-json\/wp\/v2\/pages"}],"about":[{"href":"https:\/\/lesheronsdeslacs.fr\/index.php\/wp-json\/wp\/v2\/types\/page"}],"author":[{"embeddable":true,"href":"https:\/\/lesheronsdeslacs.fr\/index.php\/wp-json\/wp\/v2\/users\/1"}],"replies":[{"embeddable":true,"href":"https:\/\/lesheronsdeslacs.fr\/index.php\/wp-json\/wp\/v2\/comments?post=40"}],"version-history":[{"count":25,"href":"https:\/\/lesheronsdeslacs.fr\/index.php\/wp-json\/wp\/v2\/pages\/40\/revisions"}],"predecessor-version":[{"id":1473,"href":"https:\/\/lesheronsdeslacs.fr\/index.php\/wp-json\/wp\/v2\/pages\/40\/revisions\/1473"}],"wp:featuredmedia":[{"embeddable":true,"href":"https:\/\/lesheronsdeslacs.fr\/index.php\/wp-json\/wp\/v2\/media\/159"}],"wp:attachment":[{"href":"https:\/\/lesheronsdeslacs.fr\/index.php\/wp-json\/wp\/v2\/media?parent=40"}],"curies":[{"name":"wp","href":"https:\/\/api.w.org\/{rel}","templated":true}]}}