{"id":969,"date":"2024-02-01T15:29:59","date_gmt":"2024-02-01T14:29:59","guid":{"rendered":"https:\/\/lesheronsdeslacs.fr\/?page_id=969"},"modified":"2024-02-02T13:31:25","modified_gmt":"2024-02-02T12:31:25","slug":"qui-em","status":"publish","type":"page","link":"https:\/\/lesheronsdeslacs.fr\/index.php\/qui-em\/","title":{"rendered":"Qui \u00e8m ?"},"content":{"rendered":"<div class=\"wp-block-image\">\n<figure class=\"alignright size-full is-resized\"><a href=\"https:\/\/lesheronsdeslacs.fr\/index.php\/qui-nous-sommes\/\"><img loading=\"lazy\" decoding=\"async\" width=\"600\" height=\"400\" src=\"https:\/\/lesheronsdeslacs.fr\/wp-content\/uploads\/Drapeau-France.webp\" alt=\"\" class=\"wp-image-971\" style=\"width:43px;height:auto\" srcset=\"https:\/\/lesheronsdeslacs.fr\/wp-content\/uploads\/Drapeau-France.webp 600w, https:\/\/lesheronsdeslacs.fr\/wp-content\/uploads\/Drapeau-France-389x259.webp 389w\" sizes=\"auto, (max-width: 600px) 100vw, 600px\" \/><\/a><\/figure>\n<\/div>\n\n\n<h2 class=\"wp-block-heading has-large-font-size\"><strong>Qui \u00e8m ?<\/strong><\/h2>\n\n\n\n<p class=\"has-normal-font-size\"><br>Lo grop Los H\u00e9rons des Lacs qu&rsquo;ei ua associacion Loi 1901 avent ent\u00e0 mira de manti\u00e9ner e har perdurar las Arts e Tradicions popularas de la Cultura landesa per la practica de las esca\u00e7as, la dan\u00e7a, la musica e tot aute m\u00f2de d&rsquo;expression, mes egaument per la participacion e\/o l&rsquo;organizacion de manifestacions en Fran\u00e7a e a l&rsquo;Estrang\u00e8r.<\/p>\n\n\n\n<p>Crea en 2008 a l&rsquo;iniciativa de Lo\u00efc Klinger e Romain Torrecillas, la nosta associacion ne manca pas dinamisme e d&rsquo;innovacion dens la practica de las esca\u00e7as e la representacion deu folcl\u00f2r land\u00e9s. Despuish quauquas annadas adara, qu&rsquo;avem sabut combinar tradicions, resultats e modernitat dens la nosta associacion e atau prepausar un espiar nav\u00e8th sus las esca\u00e7as en variant las lors utilizacions. Uei, que comptam mei de 90 aderents gr\u00e0cia a los quaus prepausam totas s\u00f2rtas d&rsquo;animacions :<\/p>\n\n\n\n<ul class=\"wp-block-list\">\n<li>Desfilats \/ paradas,<\/li>\n\n\n\n<li>espectacles, hestaus,<\/li>\n\n\n\n<li>h\u00e8iras,<\/li>\n\n\n\n<li>animacions privadas,<\/li>\n\n\n\n<li>s\u00e8gas d&rsquo;aunor,<\/li>\n\n\n\n<li>iniciacions a las esca\u00e7as ent\u00e0 petits e grans\u2026<\/li>\n<\/ul>\n\n\n\n<p><br>Los nostes chancaires qu&rsquo;intervienen sus espectacles de dan\u00e7a, de las corsas de velocitat, deus maratons, etc. \u2026 Apondudas a aqu\u00f2, las coregrafias realizadas per las nostas dan\u00e7airas e dan\u00e7aires au s\u00f2u, dens los costumes land\u00e9s deu s\u00e8gle XIX.<\/p>\n\n\n\n<p class=\"has-sitebg-color has-text-color has-link-color wp-elements-cde72ab7d2566fbc26339a9567ec3a57\">&#8211;<\/p>\n\n\n\n<div class=\"wp-block-buttons is-content-justification-center is-layout-flex wp-container-core-buttons-is-layout-16018d1d wp-block-buttons-is-layout-flex\">\n<div class=\"wp-block-button\"><a class=\"wp-block-button__link wp-element-button\" href=\"https:\/\/lesheronsdeslacs.fr\/index.php\/activitats\/\">Las nostas activitats<\/a><\/div>\n<\/div>\n\n\n\n<h2 class=\"wp-block-heading has-large-font-size\"><strong>L&rsquo;Origina<\/strong><\/h2>\n\n\n\n<p class=\"has-normal-font-size\"><br>Lo son nom que vien deu Bernat-pesqu\u00e8r ; un aus\u00e8th gran chancaire associat a la region deus Grands Lacs deu N\u00f2rd de Lanas.<\/p>\n\n\n\n<p>Las esca\u00e7as, qu&rsquo;\u00e8ran un c\u00f2p \u00e8ra utilizadas com atrunas de tribalh qui permet\u00e8 d&rsquo;aver un punt de vista susplomant los trop\u00e8ths qui s&rsquo;espandivan sus de granas dist\u00e0ncias. Uei, las esca\u00e7as qu&rsquo;evoluan ent\u00e0 v\u00e0der ua activitat artistica estranha qui regropa abiletat e resultats.<\/p>\n\n\n\n<p>Com v\u00e0der aderint ?<br>Que voletz practicar un esp\u00f2rt drin comun, procurant sensacions h\u00f2rtas, la practica de las esca\u00e7as qu&rsquo;ei h\u00e8ita ent\u00e0 vosautas. Qu&rsquo;avetz enter 7 e 77 ans, que desiratz dan\u00e7ar au s\u00f2u o sus esca\u00e7as, jogar d&rsquo;un instrument de musica o tot simplament participar a la vita de la nosta associacion. Que&rsquo;vs convidam a partatjar bons moments dab nosauts.<\/p>\n\n\n\n<p><\/p>\n\n\n\n<h2 class=\"wp-block-heading has-large-font-size\"><strong>Los nostes partenaris<\/strong><\/h2>\n\n\n\n<div class=\"wp-block-group\"><div class=\"wp-block-group__inner-container is-layout-constrained wp-block-group-is-layout-constrained\">\n<div class=\"wp-block-columns is-layout-flex wp-container-core-columns-is-layout-9d6595d7 wp-block-columns-is-layout-flex\">\n<div class=\"wp-block-column is-layout-flow wp-block-column-is-layout-flow\" style=\"flex-basis:100%\">\n<figure class=\"wp-block-gallery has-nested-images columns-default is-cropped wp-block-gallery-1 is-layout-flex wp-block-gallery-is-layout-flex\">\n<figure class=\"wp-block-image size-large\"><img loading=\"lazy\" decoding=\"async\" width=\"1024\" height=\"566\" data-id=\"179\" src=\"https:\/\/lesheronsdeslacs.fr\/wp-content\/uploads\/Ville-de-biscarrosse-1024x566.jpg\" alt=\"\" class=\"wp-image-179\" srcset=\"https:\/\/lesheronsdeslacs.fr\/wp-content\/uploads\/Ville-de-biscarrosse-1024x566.jpg 1024w, https:\/\/lesheronsdeslacs.fr\/wp-content\/uploads\/Ville-de-biscarrosse-768x425.jpg 768w, https:\/\/lesheronsdeslacs.fr\/wp-content\/uploads\/Ville-de-biscarrosse-1536x850.jpg 1536w, https:\/\/lesheronsdeslacs.fr\/wp-content\/uploads\/Ville-de-biscarrosse-2048x1133.jpg 2048w, https:\/\/lesheronsdeslacs.fr\/wp-content\/uploads\/Ville-de-biscarrosse-421x233.jpg 421w\" sizes=\"auto, (max-width: 1024px) 100vw, 1024px\" \/><\/figure>\n\n\n\n<figure class=\"wp-block-image size-large\"><img loading=\"lazy\" decoding=\"async\" width=\"1024\" height=\"566\" data-id=\"182\" src=\"https:\/\/lesheronsdeslacs.fr\/wp-content\/uploads\/FGFL-echasses-1-1024x566.jpg\" alt=\"\" class=\"wp-image-182\" srcset=\"https:\/\/lesheronsdeslacs.fr\/wp-content\/uploads\/FGFL-echasses-1-1024x566.jpg 1024w, https:\/\/lesheronsdeslacs.fr\/wp-content\/uploads\/FGFL-echasses-1-768x425.jpg 768w, https:\/\/lesheronsdeslacs.fr\/wp-content\/uploads\/FGFL-echasses-1-1536x850.jpg 1536w, https:\/\/lesheronsdeslacs.fr\/wp-content\/uploads\/FGFL-echasses-1-2048x1133.jpg 2048w, https:\/\/lesheronsdeslacs.fr\/wp-content\/uploads\/FGFL-echasses-1-421x233.jpg 421w\" sizes=\"auto, (max-width: 1024px) 100vw, 1024px\" \/><\/figure>\n\n\n\n<figure class=\"wp-block-image size-large\"><a href=\"https:\/\/biscarrosse-production.com\/\"><img loading=\"lazy\" decoding=\"async\" width=\"1024\" height=\"566\" data-id=\"1121\" src=\"https:\/\/lesheronsdeslacs.fr\/wp-content\/uploads\/biscarrosse-Production-1024x566.jpg\" alt=\"\" class=\"wp-image-1121\" srcset=\"https:\/\/lesheronsdeslacs.fr\/wp-content\/uploads\/biscarrosse-Production-1024x566.jpg 1024w, https:\/\/lesheronsdeslacs.fr\/wp-content\/uploads\/biscarrosse-Production-768x425.jpg 768w, https:\/\/lesheronsdeslacs.fr\/wp-content\/uploads\/biscarrosse-Production-1536x850.jpg 1536w, https:\/\/lesheronsdeslacs.fr\/wp-content\/uploads\/biscarrosse-Production-2048x1133.jpg 2048w, https:\/\/lesheronsdeslacs.fr\/wp-content\/uploads\/biscarrosse-Production-389x215.jpg 389w\" sizes=\"auto, (max-width: 1024px) 100vw, 1024px\" \/><\/a><\/figure>\n\n\n\n<figure class=\"wp-block-image size-large\"><img loading=\"lazy\" decoding=\"async\" width=\"1024\" height=\"566\" data-id=\"187\" src=\"https:\/\/lesheronsdeslacs.fr\/wp-content\/uploads\/Biscarrosse-TV-1-1024x566.jpg\" alt=\"\" class=\"wp-image-187\" srcset=\"https:\/\/lesheronsdeslacs.fr\/wp-content\/uploads\/Biscarrosse-TV-1-1024x566.jpg 1024w, https:\/\/lesheronsdeslacs.fr\/wp-content\/uploads\/Biscarrosse-TV-1-768x425.jpg 768w, https:\/\/lesheronsdeslacs.fr\/wp-content\/uploads\/Biscarrosse-TV-1-1536x850.jpg 1536w, https:\/\/lesheronsdeslacs.fr\/wp-content\/uploads\/Biscarrosse-TV-1-2048x1133.jpg 2048w, https:\/\/lesheronsdeslacs.fr\/wp-content\/uploads\/Biscarrosse-TV-1-421x233.jpg 421w\" sizes=\"auto, (max-width: 1024px) 100vw, 1024px\" \/><\/figure>\n\n\n\n<figure class=\"wp-block-image size-large\"><img loading=\"lazy\" decoding=\"async\" width=\"1024\" height=\"566\" data-id=\"176\" src=\"https:\/\/lesheronsdeslacs.fr\/wp-content\/uploads\/ot-biscarrosse-1024x566.jpg\" alt=\"\" class=\"wp-image-176\" srcset=\"https:\/\/lesheronsdeslacs.fr\/wp-content\/uploads\/ot-biscarrosse-1024x566.jpg 1024w, https:\/\/lesheronsdeslacs.fr\/wp-content\/uploads\/ot-biscarrosse-768x425.jpg 768w, https:\/\/lesheronsdeslacs.fr\/wp-content\/uploads\/ot-biscarrosse-1536x850.jpg 1536w, https:\/\/lesheronsdeslacs.fr\/wp-content\/uploads\/ot-biscarrosse-2048x1133.jpg 2048w, https:\/\/lesheronsdeslacs.fr\/wp-content\/uploads\/ot-biscarrosse-421x233.jpg 421w\" sizes=\"auto, (max-width: 1024px) 100vw, 1024px\" \/><\/figure>\n\n\n\n<figure class=\"wp-block-image size-large\"><img loading=\"lazy\" decoding=\"async\" width=\"1024\" height=\"566\" data-id=\"184\" src=\"https:\/\/lesheronsdeslacs.fr\/wp-content\/uploads\/landes-terres-des-possibles-1-1024x566.jpg\" alt=\"\" class=\"wp-image-184\" srcset=\"https:\/\/lesheronsdeslacs.fr\/wp-content\/uploads\/landes-terres-des-possibles-1-1024x566.jpg 1024w, https:\/\/lesheronsdeslacs.fr\/wp-content\/uploads\/landes-terres-des-possibles-1-768x425.jpg 768w, https:\/\/lesheronsdeslacs.fr\/wp-content\/uploads\/landes-terres-des-possibles-1-1536x850.jpg 1536w, https:\/\/lesheronsdeslacs.fr\/wp-content\/uploads\/landes-terres-des-possibles-1-2048x1133.jpg 2048w, https:\/\/lesheronsdeslacs.fr\/wp-content\/uploads\/landes-terres-des-possibles-1-421x233.jpg 421w\" sizes=\"auto, (max-width: 1024px) 100vw, 1024px\" \/><\/figure>\n\n\n\n<figure class=\"wp-block-image size-large\"><img loading=\"lazy\" decoding=\"async\" width=\"1024\" height=\"566\" data-id=\"874\" src=\"https:\/\/lesheronsdeslacs.fr\/wp-content\/uploads\/Ldesign33-1024x566.jpg\" alt=\"\" class=\"wp-image-874\" srcset=\"https:\/\/lesheronsdeslacs.fr\/wp-content\/uploads\/Ldesign33-1024x566.jpg 1024w, https:\/\/lesheronsdeslacs.fr\/wp-content\/uploads\/Ldesign33-768x425.jpg 768w, https:\/\/lesheronsdeslacs.fr\/wp-content\/uploads\/Ldesign33-1536x850.jpg 1536w, https:\/\/lesheronsdeslacs.fr\/wp-content\/uploads\/Ldesign33-2048x1133.jpg 2048w, https:\/\/lesheronsdeslacs.fr\/wp-content\/uploads\/Ldesign33-389x215.jpg 389w\" sizes=\"auto, (max-width: 1024px) 100vw, 1024px\" \/><\/figure>\n\n\n\n<figure class=\"wp-block-image size-large\"><img loading=\"lazy\" decoding=\"async\" width=\"1024\" height=\"566\" data-id=\"183\" src=\"https:\/\/lesheronsdeslacs.fr\/wp-content\/uploads\/Departement-des-Landes-1-1024x566.jpg\" alt=\"\" class=\"wp-image-183\" srcset=\"https:\/\/lesheronsdeslacs.fr\/wp-content\/uploads\/Departement-des-Landes-1-1024x566.jpg 1024w, https:\/\/lesheronsdeslacs.fr\/wp-content\/uploads\/Departement-des-Landes-1-768x425.jpg 768w, https:\/\/lesheronsdeslacs.fr\/wp-content\/uploads\/Departement-des-Landes-1-1536x850.jpg 1536w, https:\/\/lesheronsdeslacs.fr\/wp-content\/uploads\/Departement-des-Landes-1-2048x1133.jpg 2048w, https:\/\/lesheronsdeslacs.fr\/wp-content\/uploads\/Departement-des-Landes-1-421x233.jpg 421w\" sizes=\"auto, (max-width: 1024px) 100vw, 1024px\" \/><\/figure>\n<\/figure>\n<\/div>\n<\/div>\n<\/div><\/div>\n","protected":false},"excerpt":{"rendered":"<p>Qui \u00e8m ? Lo grop Los H\u00e9rons des Lacs qu&rsquo;ei ua associacion Loi 1901 avent ent\u00e0 mira de manti\u00e9ner e har perdurar las Arts e Tradicions popularas de la Cultura landesa &hellip;<\/p>\n","protected":false},"author":1,"featured_media":0,"parent":0,"menu_order":0,"comment_status":"closed","ping_status":"closed","template":"","meta":{"advgb_blocks_editor_width":"","advgb_blocks_columns_visual_guide":"","footnotes":""},"class_list":["post-969","page","type-page","status-publish","hentry"],"coauthors":[],"author_meta":{"author_link":"https:\/\/lesheronsdeslacs.fr\/index.php\/author\/lesheron\/","display_name":"lesheron"},"relative_dates":{"created":"Publi\u00e9 2 ans il y a","modified":"Mis \u00e0 jour 2 ans il y a"},"absolute_dates":{"created":"Publi\u00e9 le 1 f\u00e9vrier 2024","modified":"Mise \u00e0 jour le 2 f\u00e9vrier 2024"},"absolute_dates_time":{"created":"Publi\u00e9 le 1 f\u00e9vrier 2024 15h29","modified":"Mise \u00e0 jour le 2 f\u00e9vrier 2024 13h31"},"featured_img_caption":"","featured_img":false,"series_order":"","_links":{"self":[{"href":"https:\/\/lesheronsdeslacs.fr\/index.php\/wp-json\/wp\/v2\/pages\/969","targetHints":{"allow":["GET"]}}],"collection":[{"href":"https:\/\/lesheronsdeslacs.fr\/index.php\/wp-json\/wp\/v2\/pages"}],"about":[{"href":"https:\/\/lesheronsdeslacs.fr\/index.php\/wp-json\/wp\/v2\/types\/page"}],"author":[{"embeddable":true,"href":"https:\/\/lesheronsdeslacs.fr\/index.php\/wp-json\/wp\/v2\/users\/1"}],"replies":[{"embeddable":true,"href":"https:\/\/lesheronsdeslacs.fr\/index.php\/wp-json\/wp\/v2\/comments?post=969"}],"version-history":[{"count":9,"href":"https:\/\/lesheronsdeslacs.fr\/index.php\/wp-json\/wp\/v2\/pages\/969\/revisions"}],"predecessor-version":[{"id":1123,"href":"https:\/\/lesheronsdeslacs.fr\/index.php\/wp-json\/wp\/v2\/pages\/969\/revisions\/1123"}],"wp:attachment":[{"href":"https:\/\/lesheronsdeslacs.fr\/index.php\/wp-json\/wp\/v2\/media?parent=969"}],"curies":[{"name":"wp","href":"https:\/\/api.w.org\/{rel}","templated":true}]}}