{"id":983,"date":"2024-02-01T15:51:36","date_gmt":"2024-02-01T14:51:36","guid":{"rendered":"https:\/\/lesheronsdeslacs.fr\/?page_id=983"},"modified":"2024-02-01T18:59:51","modified_gmt":"2024-02-01T17:59:51","slug":"activitats","status":"publish","type":"page","link":"https:\/\/lesheronsdeslacs.fr\/index.php\/activitats\/","title":{"rendered":"Activitats"},"content":{"rendered":"<div class=\"wp-block-image\">\n<figure class=\"alignright size-full is-resized\"><a href=\"https:\/\/lesheronsdeslacs.fr\/index.php\/activites\/\"><img loading=\"lazy\" decoding=\"async\" width=\"600\" height=\"400\" src=\"http:\/\/lesheronsdeslacs.fr\/wp-content\/uploads\/Drapeau-France.webp\" alt=\"\" class=\"wp-image-971\" style=\"width:48px;height:auto\" srcset=\"https:\/\/lesheronsdeslacs.fr\/wp-content\/uploads\/Drapeau-France.webp 600w, https:\/\/lesheronsdeslacs.fr\/wp-content\/uploads\/Drapeau-France-389x259.webp 389w\" sizes=\"auto, (max-width: 600px) 100vw, 600px\" \/><\/a><\/figure>\n<\/div>\n\n\n<p><\/p>\n\n\n\n<p class=\"has-sitebg-color has-text-color has-link-color wp-elements-cde72ab7d2566fbc26339a9567ec3a57\">&#8211;<\/p>\n\n\n\n<p>&#8211;<\/p>\n\n\n\n<div class=\"wp-block-media-text is-stacked-on-mobile is-image-fill\" style=\"grid-template-columns:56% auto\"><figure class=\"wp-block-media-text__media\" style=\"background-image:url(http:\/\/lesheronsdeslacs.fr\/wp-content\/uploads\/FB_IMG_1566826854531.jpg);background-position:50% 50%\"><img loading=\"lazy\" decoding=\"async\" width=\"960\" height=\"638\" src=\"http:\/\/lesheronsdeslacs.fr\/wp-content\/uploads\/FB_IMG_1566826854531.jpg\" alt=\"\" class=\"wp-image-571 size-full\" srcset=\"https:\/\/lesheronsdeslacs.fr\/wp-content\/uploads\/FB_IMG_1566826854531.jpg 960w, https:\/\/lesheronsdeslacs.fr\/wp-content\/uploads\/FB_IMG_1566826854531-768x510.jpg 768w, https:\/\/lesheronsdeslacs.fr\/wp-content\/uploads\/FB_IMG_1566826854531-421x280.jpg 421w\" sizes=\"auto, (max-width: 960px) 100vw, 960px\" \/><\/figure><div class=\"wp-block-media-text__content\">\n<h2 class=\"wp-block-heading has-text-color\" style=\"color:#000000;font-size:32px\">Espectacles<\/h2>\n\n\n\n<p class=\"has-text-color\" style=\"color:#000000;font-size:17px\">La nosta associacion que prepausa espectacles de&nbsp;dan\u00e7as tradicionaus landesas&nbsp;au s\u00f2u e sus esca\u00e7as.<\/p>\n\n\n\n<div class=\"wp-block-buttons is-layout-flex wp-block-buttons-is-layout-flex\">\n<div class=\"wp-block-button is-style-fill\"><a class=\"wp-block-button__link wp-element-button\" href=\"https:\/\/lesheronsdeslacs.fr\/index.php\/spectacles\/https:\/\/lesheronsdeslacs.fr\/index.php\/espectacles\/\">NE SABER MEI<\/a><\/div>\n<\/div>\n<\/div><\/div>\n\n\n\n<p class=\"has-sitebg-color has-text-color has-link-color wp-elements-cde72ab7d2566fbc26339a9567ec3a57\">&#8211;<\/p>\n\n\n\n<div class=\"wp-block-media-text is-stacked-on-mobile is-image-fill\" style=\"grid-template-columns:56% auto\"><figure class=\"wp-block-media-text__media\" style=\"background-image:url(http:\/\/lesheronsdeslacs.fr\/wp-content\/uploads\/353822017_641258728025327_7388883163082447432_n-1024x462.jpg);background-position:50% 50%\"><img loading=\"lazy\" decoding=\"async\" width=\"1024\" height=\"462\" src=\"http:\/\/lesheronsdeslacs.fr\/wp-content\/uploads\/353822017_641258728025327_7388883163082447432_n-1024x462.jpg\" alt=\"\" class=\"wp-image-466 size-full\" srcset=\"https:\/\/lesheronsdeslacs.fr\/wp-content\/uploads\/353822017_641258728025327_7388883163082447432_n-1024x462.jpg 1024w, https:\/\/lesheronsdeslacs.fr\/wp-content\/uploads\/353822017_641258728025327_7388883163082447432_n-768x346.jpg 768w, https:\/\/lesheronsdeslacs.fr\/wp-content\/uploads\/353822017_641258728025327_7388883163082447432_n-421x190.jpg 421w, https:\/\/lesheronsdeslacs.fr\/wp-content\/uploads\/353822017_641258728025327_7388883163082447432_n.jpg 1420w\" sizes=\"auto, (max-width: 1024px) 100vw, 1024px\" \/><\/figure><div class=\"wp-block-media-text__content\">\n<h2 class=\"wp-block-heading has-text-color\" style=\"color:#000000;font-size:32px\">Iniciacions<\/h2>\n\n\n\n<div class=\"wp-block-group\"><div class=\"wp-block-group__inner-container is-layout-constrained wp-block-group-is-layout-constrained\">\n<div class=\"wp-block-group is-vertical is-layout-flex wp-container-core-group-is-layout-8cf370e7 wp-block-group-is-layout-flex\">\n<p class=\"has-accent-2-color has-text-color has-link-color wp-elements-cb9064bed0e0e8564f1328c98902b162\">Tarifa unica de 7\u20ac\/arr\u00e9s<\/p>\n\n\n\n<p class=\"has-accent-2-color has-text-color has-link-color wp-elements-b821b5a7a2832af5d7c99ff51c1e4658\">Reservacion suu site :&nbsp;<a href=\"https:\/\/www.biscagrandslacs.com\/\">Bisca Grands Lacs&nbsp;<\/a><\/p>\n\n\n\n<p class=\"has-accent-2-color has-text-color has-link-color wp-elements-eff8e6de6286349f353e9165e9aa8182\">o per telef\u00f2ne au 07 81 17 45 15<\/p>\n<\/div>\n<\/div><\/div>\n\n\n\n<div class=\"wp-block-buttons is-layout-flex wp-block-buttons-is-layout-flex\">\n<div class=\"wp-block-button is-style-fill\"><a class=\"wp-block-button__link wp-element-button\" href=\"https:\/\/lesheronsdeslacs.fr\/index.php\/iniciacions\/\">NE SABER MEI<\/a><\/div>\n<\/div>\n<\/div><\/div>\n\n\n\n<p>&#8211;<\/p>\n\n\n\n<div class=\"wp-block-media-text is-stacked-on-mobile is-vertically-aligned-center is-image-fill\" style=\"grid-template-columns:56% auto\"><figure class=\"wp-block-media-text__media\" style=\"background-image:url(http:\/\/lesheronsdeslacs.fr\/wp-content\/uploads\/19024972_1325018204220547_785441751230253351_o-1024x682-1.jpg);background-position:50% 50%\"><img loading=\"lazy\" decoding=\"async\" width=\"1024\" height=\"682\" src=\"http:\/\/lesheronsdeslacs.fr\/wp-content\/uploads\/19024972_1325018204220547_785441751230253351_o-1024x682-1.jpg\" alt=\"\" class=\"wp-image-689 size-full\" srcset=\"https:\/\/lesheronsdeslacs.fr\/wp-content\/uploads\/19024972_1325018204220547_785441751230253351_o-1024x682-1.jpg 1024w, https:\/\/lesheronsdeslacs.fr\/wp-content\/uploads\/19024972_1325018204220547_785441751230253351_o-1024x682-1-768x512.jpg 768w, https:\/\/lesheronsdeslacs.fr\/wp-content\/uploads\/19024972_1325018204220547_785441751230253351_o-1024x682-1-389x259.jpg 389w\" sizes=\"auto, (max-width: 1024px) 100vw, 1024px\" \/><\/figure><div class=\"wp-block-media-text__content\">\n<h2 class=\"wp-block-heading has-text-color\" style=\"color:#000000;font-size:32px\"><strong>Athl\u00e9chasse<\/strong><\/h2>\n\n\n\n<p class=\"has-accent-2-color has-text-color has-link-color wp-elements-323274abf25845608847cf1b9475c75c\" style=\"font-size:17px\">Qu&rsquo;ei ua practica mesclant la tradicion de las&nbsp;esca\u00e7as landesas&nbsp;de husta a espr\u00f2vas classicas d&rsquo;atletisme.<\/p>\n\n\n\n<div class=\"wp-block-buttons is-layout-flex wp-block-buttons-is-layout-flex\">\n<div class=\"wp-block-button is-style-fill\"><a class=\"wp-block-button__link wp-element-button\" href=\"https:\/\/lesheronsdeslacs.fr\/index.php\/practica-de-lathlechasse\/\">NE SABER MEI<\/a><\/div>\n<\/div>\n<\/div><\/div>\n\n\n\n<p>&#8211;<\/p>\n\n\n\n<div class=\"wp-block-media-text is-stacked-on-mobile is-vertically-aligned-center is-image-fill\" style=\"grid-template-columns:56% auto\"><figure class=\"wp-block-media-text__media\" style=\"background-image:url(http:\/\/lesheronsdeslacs.fr\/wp-content\/uploads\/2024\/01\/D854726-1024x705.jpg);background-position:50% 50%\"><img loading=\"lazy\" decoding=\"async\" width=\"1024\" height=\"705\" src=\"http:\/\/lesheronsdeslacs.fr\/wp-content\/uploads\/2024\/01\/D854726-1024x705.jpg\" alt=\"\" class=\"wp-image-99 size-full\" srcset=\"https:\/\/lesheronsdeslacs.fr\/wp-content\/uploads\/2024\/01\/D854726-1024x705.jpg 1024w, https:\/\/lesheronsdeslacs.fr\/wp-content\/uploads\/2024\/01\/D854726-768x528.jpg 768w, https:\/\/lesheronsdeslacs.fr\/wp-content\/uploads\/2024\/01\/D854726-1536x1057.jpg 1536w\" sizes=\"auto, (max-width: 1024px) 100vw, 1024px\" \/><\/figure><div class=\"wp-block-media-text__content\">\n<h2 class=\"wp-block-heading has-text-color\" style=\"color:#000000;font-size:32px\">Festivitats<\/h2>\n\n\n\n<p class=\"has-accent-2-color has-text-color has-link-color wp-elements-a362fecc7d3e98c26230fea1f544b1ef\">Hestaus, maridatges, h\u00e8iras, e iniciacions a las esca\u00e7as\u2026<\/p>\n\n\n\n<p class=\"has-accent-2-color has-text-color has-link-color wp-elements-3fd180a02e9ff0f39f9ca2bf417a26ec\">Que podem egaument efectuar un&nbsp;simple desfilat e dinc a 1h30 d&rsquo;espectacle dan\u00e7ant,&nbsp;en Fran\u00e7a e aus estrang\u00e8rs.<\/p>\n\n\n\n<div class=\"wp-block-buttons is-layout-flex wp-block-buttons-is-layout-flex\">\n<div class=\"wp-block-button is-style-fill\"><a class=\"wp-block-button__link wp-element-button\" href=\"https:\/\/lesheronsdeslacs.fr\/index.php\/festivitats\/\">NE SABER MEI<\/a><\/div>\n<\/div>\n<\/div><\/div>\n\n\n\n<p>&#8211;<\/p>\n\n\n\n<div class=\"wp-block-media-text is-stacked-on-mobile is-vertically-aligned-center is-image-fill\" style=\"grid-template-columns:56% auto\"><figure class=\"wp-block-media-text__media\" style=\"background-image:url(http:\/\/lesheronsdeslacs.fr\/wp-content\/uploads\/20230107_201118-1024x577.jpg);background-position:50% 50%\"><img loading=\"lazy\" decoding=\"async\" width=\"1024\" height=\"577\" src=\"http:\/\/lesheronsdeslacs.fr\/wp-content\/uploads\/20230107_201118-1024x577.jpg\" alt=\"\" class=\"wp-image-206 size-full\" srcset=\"https:\/\/lesheronsdeslacs.fr\/wp-content\/uploads\/20230107_201118-1024x577.jpg 1024w, https:\/\/lesheronsdeslacs.fr\/wp-content\/uploads\/20230107_201118-768x432.jpg 768w, https:\/\/lesheronsdeslacs.fr\/wp-content\/uploads\/20230107_201118-1536x865.jpg 1536w, https:\/\/lesheronsdeslacs.fr\/wp-content\/uploads\/20230107_201118-421x237.jpg 421w, https:\/\/lesheronsdeslacs.fr\/wp-content\/uploads\/20230107_201118.jpg 1632w\" sizes=\"auto, (max-width: 1024px) 100vw, 1024px\" \/><\/figure><div class=\"wp-block-media-text__content\">\n<h2 class=\"wp-block-heading has-text-color\" style=\"color:#000000;font-size:32px\">Entrainaments<\/h2>\n\n\n\n<p class=\"has-accent-2-color has-text-color has-link-color wp-elements-315466fc828467b6bfe60e0adf89ef00\">Rejunhetz, sol(e) o en familha, la nosta equipa joena e dinamica.<\/p>\n\n\n\n<p class=\"has-accent-2-color has-text-color has-link-color wp-elements-bbb63b747c967295cb9c6a6e3f88f5f2\">Las nostas repeticions qu&rsquo;an l\u00f2c :<\/p>\n\n\n\n<div class=\"wp-block-buttons is-layout-flex wp-block-buttons-is-layout-flex\">\n<div class=\"wp-block-button is-style-fill\"><a class=\"wp-block-button__link wp-element-button\" href=\"https:\/\/lesheronsdeslacs.fr\/index.php\/repeticions\/\">NE SABER MEI<\/a><\/div>\n<\/div>\n<\/div><\/div>\n\n\n\n<p>&#8211;<\/p>\n\n\n\n<div class=\"wp-block-media-text is-stacked-on-mobile is-vertically-aligned-center is-image-fill\" style=\"grid-template-columns:56% auto\"><figure class=\"wp-block-media-text__media\" style=\"background-image:url(http:\/\/lesheronsdeslacs.fr\/wp-content\/uploads\/20231014_160226-scaled-1-1024x498.jpg);background-position:50% 50%\"><img loading=\"lazy\" decoding=\"async\" width=\"1024\" height=\"498\" src=\"http:\/\/lesheronsdeslacs.fr\/wp-content\/uploads\/20231014_160226-scaled-1-1024x498.jpg\" alt=\"\" class=\"wp-image-703 size-full\" srcset=\"https:\/\/lesheronsdeslacs.fr\/wp-content\/uploads\/20231014_160226-scaled-1-1024x498.jpg 1024w, https:\/\/lesheronsdeslacs.fr\/wp-content\/uploads\/20231014_160226-scaled-1-768x373.jpg 768w, https:\/\/lesheronsdeslacs.fr\/wp-content\/uploads\/20231014_160226-scaled-1-1536x746.jpg 1536w, https:\/\/lesheronsdeslacs.fr\/wp-content\/uploads\/20231014_160226-scaled-1-2048x995.jpg 2048w, https:\/\/lesheronsdeslacs.fr\/wp-content\/uploads\/20231014_160226-scaled-1-389x189.jpg 389w\" sizes=\"auto, (max-width: 1024px) 100vw, 1024px\" \/><\/figure><div class=\"wp-block-media-text__content\">\n<h2 class=\"wp-block-heading has-text-color\" style=\"color:#000000;font-size:32px\">Fabricacion de las esca\u00e7as<\/h2>\n\n\n\n<p class=\"has-text-color\" style=\"color:#000000;font-size:17px\">L&rsquo;associacion dispausa d&rsquo;un talh\u00e8r de menuseria ent\u00e0 la fabricacion de las soas pr\u00f2pias esca\u00e7as.<\/p>\n\n\n\n<div class=\"wp-block-buttons is-layout-flex wp-block-buttons-is-layout-flex\">\n<div class=\"wp-block-button is-style-fill\"><a class=\"wp-block-button__link wp-element-button\" href=\"https:\/\/lesheronsdeslacs.fr\/index.php\/fabricacion-de-las-escacas\/\" target=\"_blank\" rel=\"noreferrer noopener\">NE SABER MEI<\/a><\/div>\n<\/div>\n<\/div><\/div>\n\n\n\n<p>&#8211;<\/p>\n\n\n\n<div class=\"wp-block-media-text is-stacked-on-mobile is-vertically-aligned-center is-image-fill\" style=\"grid-template-columns:56% auto\"><figure class=\"wp-block-media-text__media\" style=\"background-image:url(http:\/\/lesheronsdeslacs.fr\/wp-content\/uploads\/les_herons_des_lacs-6.jpg);background-position:50% 50%\"><img loading=\"lazy\" decoding=\"async\" width=\"396\" height=\"640\" src=\"http:\/\/lesheronsdeslacs.fr\/wp-content\/uploads\/les_herons_des_lacs-6.jpg\" alt=\"\" class=\"wp-image-306 size-full\" srcset=\"https:\/\/lesheronsdeslacs.fr\/wp-content\/uploads\/les_herons_des_lacs-6.jpg 396w, https:\/\/lesheronsdeslacs.fr\/wp-content\/uploads\/les_herons_des_lacs-6-186x300.jpg 186w\" sizes=\"auto, (max-width: 396px) 100vw, 396px\" \/><\/figure><div class=\"wp-block-media-text__content\">\n<h2 class=\"wp-block-heading has-text-color\" style=\"color:#000000;font-size:32px\">Grop de musicians<\/h2>\n\n\n\n<p class=\"has-text-color\" style=\"color:#000000;font-size:17px\">La nosta associacion que prepausa espectacles de&nbsp;dan\u00e7as tradicionaus landesas&nbsp;au s\u00f2u e sus esca\u00e7as.<\/p>\n\n\n\n<div class=\"wp-block-buttons is-layout-flex wp-block-buttons-is-layout-flex\">\n<div class=\"wp-block-button is-style-fill\"><a class=\"wp-block-button__link wp-element-button\" href=\"https:\/\/lesheronsdeslacs.fr\/index.php\/groupe-de-musiciens\/\">NE SABER MEI<\/a><\/div>\n<\/div>\n<\/div><\/div>\n\n\n\n<p>&#8211;<\/p>\n\n\n\n<p><\/p>\n\n\n\n<p><\/p>\n\n\n\n<p><\/p>\n","protected":false},"excerpt":{"rendered":"<p>&#8211; &#8211; &#8211; &#8211; &#8211; &#8211; &#8211; &#8211; &#8211;<\/p>\n","protected":false},"author":1,"featured_media":0,"parent":0,"menu_order":0,"comment_status":"closed","ping_status":"closed","template":"","meta":{"advgb_blocks_editor_width":"","advgb_blocks_columns_visual_guide":"","footnotes":""},"class_list":["post-983","page","type-page","status-publish","hentry"],"coauthors":[],"author_meta":{"author_link":"https:\/\/lesheronsdeslacs.fr\/index.php\/author\/lesheron\/","display_name":"lesheron"},"relative_dates":{"created":"Publi\u00e9 2 ans il y a","modified":"Mis \u00e0 jour 2 ans il y a"},"absolute_dates":{"created":"Publi\u00e9 le 1 f\u00e9vrier 2024","modified":"Mise \u00e0 jour le 1 f\u00e9vrier 2024"},"absolute_dates_time":{"created":"Publi\u00e9 le 1 f\u00e9vrier 2024 15h51","modified":"Mise \u00e0 jour le 1 f\u00e9vrier 2024 18h59"},"featured_img_caption":"","featured_img":false,"series_order":"","_links":{"self":[{"href":"https:\/\/lesheronsdeslacs.fr\/index.php\/wp-json\/wp\/v2\/pages\/983","targetHints":{"allow":["GET"]}}],"collection":[{"href":"https:\/\/lesheronsdeslacs.fr\/index.php\/wp-json\/wp\/v2\/pages"}],"about":[{"href":"https:\/\/lesheronsdeslacs.fr\/index.php\/wp-json\/wp\/v2\/types\/page"}],"author":[{"embeddable":true,"href":"https:\/\/lesheronsdeslacs.fr\/index.php\/wp-json\/wp\/v2\/users\/1"}],"replies":[{"embeddable":true,"href":"https:\/\/lesheronsdeslacs.fr\/index.php\/wp-json\/wp\/v2\/comments?post=983"}],"version-history":[{"count":11,"href":"https:\/\/lesheronsdeslacs.fr\/index.php\/wp-json\/wp\/v2\/pages\/983\/revisions"}],"predecessor-version":[{"id":1096,"href":"https:\/\/lesheronsdeslacs.fr\/index.php\/wp-json\/wp\/v2\/pages\/983\/revisions\/1096"}],"wp:attachment":[{"href":"https:\/\/lesheronsdeslacs.fr\/index.php\/wp-json\/wp\/v2\/media?parent=983"}],"curies":[{"name":"wp","href":"https:\/\/api.w.org\/{rel}","templated":true}]}}